{"id":7214,"date":"2021-09-21T12:02:10","date_gmt":"2021-09-21T10:02:10","guid":{"rendered":"http:\/\/klubmamgdynia.pl\/index.php\/produkt\/tran-naturkaps-500mg-60-kapsulek\/"},"modified":"2026-05-17T22:42:00","modified_gmt":"2026-05-17T20:42:00","slug":"tran-naturkaps-500mg-60-kapsulek","status":"publish","type":"product","link":"http:\/\/klubmamgdynia.pl\/index.php\/produkt\/tran-naturkaps-500mg-60-kapsulek\/","title":{"rendered":"Tran Naturkaps 500mg 60 kapsu\u0142ek"},"content":{"rendered":"<p>W profilaktyce i wspomagaj\u0105co w leczeniu niedobor\u00f3w witamin A i D, zw\u0142aszcza u dzieci (wzmacnia ko\u015bci i z\u0119by, poprawia stan sk\u00f3ry i narz\u0105du wzroku); w zapobieganiu krzywicy; w zaburzeniach uwapnienia tkanki kostnej r\u00f3\u017cnego pochodzenia; w \u0142agodzeniu skutk\u00f3w menopauzy, takich jak osteoporoza, atrofia sk\u00f3ry i b\u0142on \u015bluzowych; jako \u015brodek wzmacniaj\u0105co-regeneruj\u0105cy stosowany w okresie rekonwalescencji po przebytych schorzeniach os\u0142abiaj\u0105cych og\u00f3ln\u0105 sprawno\u015b\u0107 i odporno\u015b\u0107 organizmu.Dzia\u0142anie: witamina A odgrywa istotn\u0105 rol\u0119 w procesie widzenia, jest niezb\u0119dna do wzrostu, rozwoju i czynno\u015bci nab\u0142onka sk\u00f3ry i b\u0142ony \u015bluzowej oraz tworzenia struktury ko\u015bci. Cholekalcyferol reguluje gospodark\u0119 wapniowo-fosforow\u0105 ustroju, odpowiadaj\u0105c za utrzymanie stanu r\u00f3wnowagi pomi\u0119dzy wapniem i fosforem &#8211; g\u0142\u00f3wnymi sk\u0142adnikami budulcowymi ko\u015b\u0107ca. EPA i DHA obni\u017caj\u0105 zawarto\u015b\u0107 tr\u00f3jgliceryd\u00f3w i LDL cholesterolu oraz zwi\u0119kszaj\u0105 ilo\u015b\u0107 HDL cholesterolu o dzia\u0142aniu ochronnym.                            <\/p>\n<p>            Dawkowanie<\/p>\n<p>Doro\u015bli: 2-4 kapsu\u0142ki 2 razy na dob\u0119\u00a0Dzieci od 4. lat: 1-2 kapsu\u0142ki na dob\u0119                            <\/p>\n<p>            Sk\u0142ad<\/p>\n<p>1 kapsu\u0142ka zawiera: substancj\u0119 czynn\u0105: olej w\u0105t\u0142uszowy 500mg o zawarto\u015bci: witamina A 300-1250j.m., cholekalcyferol 30-125j.m., EPA 35-80mg, DHA 30-90mg oraz substancje pomocnicze: \u017celatyna, glicerol (sk\u0142adniki otoczki).<\/p>\n<h2>Tran Naturkaps 500mg 60 kapsu\u0142ek Hasco-Lek<\/h2>\n<p>prezenty dla nastolatka, minecraft szablony do druku, ciekawe miejsca w warszawie dla m\u0142odzie\u017cy, tabliczka mno\u017cenia zadania do druku, kolorowanki super zings, leonardo imi\u0119, wroc\u0142aw i okolice atrakcje, samolot z papieru, anio\u0142ki do druku, cukierku ty \u0142obuzie test, kolorowanki pi\u0142karskie<\/p>\n<p>yyyyy<\/p>\n<p>&nbsp;<\/p>\n","protected":false},"excerpt":{"rendered":"<p>W profilaktyce i wspomagaj\u0105co w leczeniu niedobor\u00f3w witamin A i D, zw\u0142aszcza u dzieci (wzmacnia ko\u015bci i z\u0119by, poprawia stan sk\u00f3ry i narz\u0105du wzroku); w zapobieganiu krzywicy; w zaburzeniach uwapnienia tkanki kostnej r\u00f3\u017cnego pochodzenia; w \u0142agodzeniu skutk\u00f3w menopauzy, takich jak osteoporoza, atrofia sk\u00f3ry i b\u0142on \u015bluzowych; jako \u015brodek wzmacniaj\u0105co-regeneruj\u0105cy stosowany w okresie rekonwalescencji po przebytych [&hellip;]<\/p>\n","protected":false},"featured_media":7215,"comment_status":"closed","ping_status":"open","template":"","meta":[],"product_cat":[1542,1218],"product_tag":[863,659,721,724],"class_list":["post-7214","product","type-product","status-publish","has-post-thumbnail","hentry","product_cat-hasco-lek","product_cat-witaminy-i-mineraly","product_tag-bajki-dla-dziewczynek","product_tag-tupu-tup-po-sniegu-tekst","product_tag-zagadki-matematyczne","product_tag-zagadki-podchwytliwe"],"_links":{"self":[{"href":"http:\/\/klubmamgdynia.pl\/index.php\/wp-json\/wp\/v2\/product\/7214","targetHints":{"allow":["GET"]}}],"collection":[{"href":"http:\/\/klubmamgdynia.pl\/index.php\/wp-json\/wp\/v2\/product"}],"about":[{"href":"http:\/\/klubmamgdynia.pl\/index.php\/wp-json\/wp\/v2\/types\/product"}],"replies":[{"embeddable":true,"href":"http:\/\/klubmamgdynia.pl\/index.php\/wp-json\/wp\/v2\/comments?post=7214"}],"wp:featuredmedia":[{"embeddable":true,"href":"http:\/\/klubmamgdynia.pl\/index.php\/wp-json\/wp\/v2\/media\/7215"}],"wp:attachment":[{"href":"http:\/\/klubmamgdynia.pl\/index.php\/wp-json\/wp\/v2\/media?parent=7214"}],"wp:term":[{"taxonomy":"product_cat","embeddable":true,"href":"http:\/\/klubmamgdynia.pl\/index.php\/wp-json\/wp\/v2\/product_cat?post=7214"},{"taxonomy":"product_tag","embeddable":true,"href":"http:\/\/klubmamgdynia.pl\/index.php\/wp-json\/wp\/v2\/product_tag?post=7214"}],"curies":[{"name":"wp","href":"https:\/\/api.w.org\/{rel}","templated":true}]}}