{"id":7216,"date":"2019-05-14T23:22:09","date_gmt":"2019-05-14T21:22:09","guid":{"rendered":"http:\/\/klubmamgdynia.pl\/index.php\/produkt\/zycie-jest-zbyt-krotkie\/"},"modified":"2026-04-28T20:54:17","modified_gmt":"2026-04-28T18:54:17","slug":"zycie-jest-zbyt-krotkie","status":"publish","type":"product","link":"http:\/\/klubmamgdynia.pl\/index.php\/produkt\/zycie-jest-zbyt-krotkie\/","title":{"rendered":"\u017bycie jest zbyt kr\u00f3tkie"},"content":{"rendered":"<p>\u017bycie jest zbyt kr\u00f3tkie Abby Jimenez<\/p>\n<h2>\u017bycie jest zbyt kr\u00f3tkie <\/h2>\n<p>zagadki kr\u00f3tkie, kolorowanka pies, liwia, ma\u0142y ksi\u0105\u017ce cytaty, \u0142atwe laurki, jak si\u0119 rysuje kota, pomys\u0142 na prezent na roczek, wroc\u0142aw atrakcje dla dzieci, \u015bmieszne zagadki z odpowiedziami, kolorowanka harry potter, cytat o dziecku, kolorowanki bajki, laurka dla babci, dzieci z bullerbyn quiz, halloween dla dzieci 2021, sta\u0142a pod \u015bniegiem, kolorowanki do druku dla dziewczynek, p\u0142ywalnie warszawa, kolorowanki star wars<\/p>\n<p>yyyyy<\/p>\n<p>&nbsp;<\/p>\n","protected":false},"excerpt":{"rendered":"<p>\u017bycie jest zbyt kr\u00f3tkie Abby Jimenez \u017bycie jest zbyt kr\u00f3tkie zagadki kr\u00f3tkie, kolorowanka pies, liwia, ma\u0142y ksi\u0105\u017ce cytaty, \u0142atwe laurki, jak si\u0119 rysuje kota, pomys\u0142 na prezent na roczek, wroc\u0142aw atrakcje dla dzieci, \u015bmieszne zagadki z odpowiedziami, kolorowanka harry potter, cytat o dziecku, kolorowanki bajki, laurka dla babci, dzieci z bullerbyn quiz, halloween dla dzieci [&hellip;]<\/p>\n","protected":false},"featured_media":7217,"comment_status":"closed","ping_status":"open","template":"","meta":[],"product_cat":[1544],"product_tag":[831,685,852,806,659,721],"class_list":["post-7216","product","type-product","status-publish","has-post-thumbnail","hentry","product_cat-romanse","product_tag-bruno","product_tag-cytaty-o-rodzinie","product_tag-jak-zrobic-samolot-z-papieru","product_tag-prezent-dla-dziecka-na-roczek","product_tag-tupu-tup-po-sniegu-tekst","product_tag-zagadki-matematyczne"],"_links":{"self":[{"href":"http:\/\/klubmamgdynia.pl\/index.php\/wp-json\/wp\/v2\/product\/7216","targetHints":{"allow":["GET"]}}],"collection":[{"href":"http:\/\/klubmamgdynia.pl\/index.php\/wp-json\/wp\/v2\/product"}],"about":[{"href":"http:\/\/klubmamgdynia.pl\/index.php\/wp-json\/wp\/v2\/types\/product"}],"replies":[{"embeddable":true,"href":"http:\/\/klubmamgdynia.pl\/index.php\/wp-json\/wp\/v2\/comments?post=7216"}],"wp:featuredmedia":[{"embeddable":true,"href":"http:\/\/klubmamgdynia.pl\/index.php\/wp-json\/wp\/v2\/media\/7217"}],"wp:attachment":[{"href":"http:\/\/klubmamgdynia.pl\/index.php\/wp-json\/wp\/v2\/media?parent=7216"}],"wp:term":[{"taxonomy":"product_cat","embeddable":true,"href":"http:\/\/klubmamgdynia.pl\/index.php\/wp-json\/wp\/v2\/product_cat?post=7216"},{"taxonomy":"product_tag","embeddable":true,"href":"http:\/\/klubmamgdynia.pl\/index.php\/wp-json\/wp\/v2\/product_tag?post=7216"}],"curies":[{"name":"wp","href":"https:\/\/api.w.org\/{rel}","templated":true}]}}