{"id":7218,"date":"2023-02-04T20:00:30","date_gmt":"2023-02-04T19:00:30","guid":{"rendered":"http:\/\/klubmamgdynia.pl\/?post_type=product&#038;p=7218"},"modified":"2026-04-26T09:04:17","modified_gmt":"2026-04-26T07:04:17","slug":"jezdziec-miedziany-tatiana-i-aleksander-ogrod-letni-pakiet-3-ksiazek","status":"publish","type":"product","link":"http:\/\/klubmamgdynia.pl\/index.php\/produkt\/jezdziec-miedziany-tatiana-i-aleksander-ogrod-letni-pakiet-3-ksiazek\/","title":{"rendered":"Je\u017adziec Miedziany\/Tatiana i Aleksander\/Ogr\u00f3d Letni. Pakiet 3 ksi\u0105\u017cek"},"content":{"rendered":"<p>Wielkie uczucie na tle historii Poznaj bohater\u00f3w, zdrajc\u00f3w i ich fantastyczne losy!  Znakomita bestsellerowa saga o Tatianie i Aleksandrze. Poruszaj\u0105ca, zmys\u0142owa opowie\u015b\u0107 o mi\u0142o\u015bci, kt\u00f3ra rozkwit\u0142a w czasie wojennej zawieruchy.  Tatiana i Aleksander przeszli prawdziwe piek\u0142o wojny w Zwi\u0105zku Radzieckim.  Czy mi\u0142o\u015b\u0107 b\u0119dzie silniejsza od z\u0142a i okrucie\u0144stw, kt\u00f3re zgotowa\u0142 im los? Czy naznaczeni strachem i nieufno\u015bci\u0105, zdo\u0142aj\u0105 zbudowa\u0107 nowe \u017cycie i szcz\u0119\u015bcie w Ameryce, krainie swoich marze\u0144?<\/p>\n<h2>Je\u017adziec Miedziany\/Tatiana i Aleksander\/Ogr\u00f3d Letni. Pakiet 3 ksi\u0105\u017cek <\/h2>\n<p>test magiczne drzewo czerwone krzes\u0142o, o b\u0142\u0119dne dyktando, pikachu do druku, kolorowanka smok wawelski, karaluchy pod poduchy a szczypawki, zagadki dla 8 latka, pomysly na prima aprilis, rzadkie imiona \u017ce\u0144skie, misie z bajek, test z lektury asiunia, najrzadsze imiona dla dziewczynek, cytaty dla mamy od c\u00f3rki, koty kolorowanki do druku, bajka na dobranoc do czytania, prezent dla jedenastolatka, kr\u00f3tkie zagadki<\/p>\n<p>yyyyy<\/p>\n<p>&nbsp;<\/p>\n","protected":false},"excerpt":{"rendered":"<p>Wielkie uczucie na tle historii Poznaj bohater\u00f3w, zdrajc\u00f3w i ich fantastyczne losy! Znakomita bestsellerowa saga o Tatianie i Aleksandrze. Poruszaj\u0105ca, zmys\u0142owa opowie\u015b\u0107 o mi\u0142o\u015bci, kt\u00f3ra rozkwit\u0142a w czasie wojennej zawieruchy. Tatiana i Aleksander przeszli prawdziwe piek\u0142o wojny w Zwi\u0105zku Radzieckim. Czy mi\u0142o\u015b\u0107 b\u0119dzie silniejsza od z\u0142a i okrucie\u0144stw, kt\u00f3re zgotowa\u0142 im los? Czy naznaczeni strachem [&hellip;]<\/p>\n","protected":false},"featured_media":7219,"comment_status":"closed","ping_status":"open","template":"","meta":[],"product_cat":[1544],"product_tag":[763,797,599,621,714],"class_list":["post-7218","product","type-product","status-publish","has-post-thumbnail","hentry","product_cat-romanse","product_tag-fabian","product_tag-kiekrz","product_tag-prezent-dla-nastolatkow-2021","product_tag-prezenty-roczek","product_tag-zagadki-logiczne"],"_links":{"self":[{"href":"http:\/\/klubmamgdynia.pl\/index.php\/wp-json\/wp\/v2\/product\/7218","targetHints":{"allow":["GET"]}}],"collection":[{"href":"http:\/\/klubmamgdynia.pl\/index.php\/wp-json\/wp\/v2\/product"}],"about":[{"href":"http:\/\/klubmamgdynia.pl\/index.php\/wp-json\/wp\/v2\/types\/product"}],"replies":[{"embeddable":true,"href":"http:\/\/klubmamgdynia.pl\/index.php\/wp-json\/wp\/v2\/comments?post=7218"}],"wp:featuredmedia":[{"embeddable":true,"href":"http:\/\/klubmamgdynia.pl\/index.php\/wp-json\/wp\/v2\/media\/7219"}],"wp:attachment":[{"href":"http:\/\/klubmamgdynia.pl\/index.php\/wp-json\/wp\/v2\/media?parent=7218"}],"wp:term":[{"taxonomy":"product_cat","embeddable":true,"href":"http:\/\/klubmamgdynia.pl\/index.php\/wp-json\/wp\/v2\/product_cat?post=7218"},{"taxonomy":"product_tag","embeddable":true,"href":"http:\/\/klubmamgdynia.pl\/index.php\/wp-json\/wp\/v2\/product_tag?post=7218"}],"curies":[{"name":"wp","href":"https:\/\/api.w.org\/{rel}","templated":true}]}}