{"id":7220,"date":"2013-11-14T13:45:38","date_gmt":"2013-11-14T12:45:38","guid":{"rendered":"http:\/\/klubmamgdynia.pl\/index.php\/produkt\/uroner-60-tabl\/"},"modified":"2026-04-06T17:57:43","modified_gmt":"2026-04-06T15:57:43","slug":"uroner-60-tabl","status":"publish","type":"product","link":"http:\/\/klubmamgdynia.pl\/index.php\/produkt\/uroner-60-tabl\/","title":{"rendered":"Uroner 60 Tabl."},"content":{"rendered":"<p>Preparat zawiera wyci\u0105g z \u017curawiny, wyci\u0105g z li\u015bci pietruszki oraz witamin\u0119 C. Wyci\u0105g z li\u015bci pietruszki wspomaga funkcjonowanie nerek, wspieraj\u0105c ich funkcje wydalnicze. Witamina C odgrywa istotn\u0105 rol\u0119 w prawid\u0142owym funkcjonowaniu uk\u0142adu odporno\u015bciowego oraz pomaga w prawid\u0142owej produkcji kolagenu.Zastosowanie: uzupe\u0142nienie diety w sk\u0142adniki zawarte w preparacie.Zalecane spo\u017cycie: 2-3 tabletki dziennie.Sk\u0142adniki: D-mannoza, ekstrakt z owoc\u00f3w \u017curawiny wielkoowocowej, ekstrakt z li\u015bci pietruszki zwyczajnej, kwas L-askorbinowy (witamina C, substancja wype\u0142niaj\u0105ca: celuloza , substancje przeciwzbrylajace: sole magnezowe kwas\u00f3w t\u0142uszczowych, dwutlenek krzemu.2 tabletki zawieraj\u0105: D-mannoza 200mg, ekstrakt z \u017curawiny wielkoowocowej 100mg, ekstrakt z pietruszki 10:1 60mg, witamina C 40mg (50%)*.*RWS- Referencyjna Warto\u015b\u0107 Spo\u017cycia.Wa\u017cne wskaz\u00f3wki:Nie przekracza\u0107 zalecanej porcji do spo\u017cycia w ci\u0105gu dnia.Produkt nie mo\u017ce by\u0107 stosowany jako substytut zr\u00f3\u017cnicowanej diety i zdrowego trybu \u017cycia.Zr\u00f3wnowa\u017cony spos\u00f3b \u017cywienia prawid\u0142owy tryb \u017cycia jest wa\u017cny dla funkcjonowania organizmu cz\u0142owieka.Preparat nale\u017cy przechowywa\u0107 w suchym miejscu, w temperaturze pokojowej, w spos\u00f3b niedost\u0119pny dla ma\u0142ych dzieci.Producent:Biovena Health Sp.z o.o.ul.Odrow\u0105\u017ca 1503-310 Warszawa<\/p>\n<h2>Uroner 60 Tabl. Biovena Health<\/h2>\n<p>glupie zagadki, imie paula, asiunia pytania do lektury, kolorowanki star wars, imie iwo, proste origami dla dzieci, kiedy dzieci chodza na halloween, opis o rodzinie, prezent dla nastolatk\u00f3w 2021, cytat na dzie\u0144 mamy<\/p>\n<p>yyyyy<\/p>\n<p>&nbsp;<\/p>\n","protected":false},"excerpt":{"rendered":"<p>Preparat zawiera wyci\u0105g z \u017curawiny, wyci\u0105g z li\u015bci pietruszki oraz witamin\u0119 C. Wyci\u0105g z li\u015bci pietruszki wspomaga funkcjonowanie nerek, wspieraj\u0105c ich funkcje wydalnicze. Witamina C odgrywa istotn\u0105 rol\u0119 w prawid\u0142owym funkcjonowaniu uk\u0142adu odporno\u015bciowego oraz pomaga w prawid\u0142owej produkcji kolagenu.Zastosowanie: uzupe\u0142nienie diety w sk\u0142adniki zawarte w preparacie.Zalecane spo\u017cycie: 2-3 tabletki dziennie.Sk\u0142adniki: D-mannoza, ekstrakt z owoc\u00f3w \u017curawiny [&hellip;]<\/p>\n","protected":false},"featured_media":7221,"comment_status":"closed","ping_status":"open","template":"","meta":[],"product_cat":[1557,1194],"product_tag":[752,640,739,616],"class_list":["post-7220","product","type-product","status-publish","has-post-thumbnail","hentry","product_cat-biovena-health","product_cat-uklad-plciowy-i-moczowy","product_tag-kuba-imie","product_tag-prezent-dla-rocznej-dziewczynki","product_tag-prima-aprilis-w-szkole","product_tag-test-mikolajek-25-pytan"],"_links":{"self":[{"href":"http:\/\/klubmamgdynia.pl\/index.php\/wp-json\/wp\/v2\/product\/7220","targetHints":{"allow":["GET"]}}],"collection":[{"href":"http:\/\/klubmamgdynia.pl\/index.php\/wp-json\/wp\/v2\/product"}],"about":[{"href":"http:\/\/klubmamgdynia.pl\/index.php\/wp-json\/wp\/v2\/types\/product"}],"replies":[{"embeddable":true,"href":"http:\/\/klubmamgdynia.pl\/index.php\/wp-json\/wp\/v2\/comments?post=7220"}],"wp:featuredmedia":[{"embeddable":true,"href":"http:\/\/klubmamgdynia.pl\/index.php\/wp-json\/wp\/v2\/media\/7221"}],"wp:attachment":[{"href":"http:\/\/klubmamgdynia.pl\/index.php\/wp-json\/wp\/v2\/media?parent=7220"}],"wp:term":[{"taxonomy":"product_cat","embeddable":true,"href":"http:\/\/klubmamgdynia.pl\/index.php\/wp-json\/wp\/v2\/product_cat?post=7220"},{"taxonomy":"product_tag","embeddable":true,"href":"http:\/\/klubmamgdynia.pl\/index.php\/wp-json\/wp\/v2\/product_tag?post=7220"}],"curies":[{"name":"wp","href":"https:\/\/api.w.org\/{rel}","templated":true}]}}