{"id":7222,"date":"2016-08-30T08:15:57","date_gmt":"2016-08-30T06:15:57","guid":{"rendered":"http:\/\/klubmamgdynia.pl\/index.php\/produkt\/lol-surprise-zel-pod-prysznic-ciasteczko-300ml\/"},"modified":"2026-04-06T06:24:14","modified_gmt":"2026-04-06T04:24:14","slug":"lol-surprise-zel-pod-prysznic-ciasteczko-300ml","status":"publish","type":"product","link":"http:\/\/klubmamgdynia.pl\/index.php\/produkt\/lol-surprise-zel-pod-prysznic-ciasteczko-300ml\/","title":{"rendered":"LOL Surprise \u017bel Pod Prysznic Ciasteczko 300ml"},"content":{"rendered":"<p>LOL SURPRISE \u017bel pod prysznic                            <\/p>\n<p>Pachn\u0105cy ciasteczkami, \u017cel delikatnie myje, nie wysusza sk\u00f3ry, nie powoduje podra\u017cnie\u0144,  jest odpowiedni dla ka\u017cdego rodzaju sk\u00f3ry, w tym wra\u017cliwej i podatnej na reakcje alergiczne.<br \/>\n\u017bEL POD PRYSZNIC PRZEBADANY DERMATOLOGICZNIE<\/p>\n<h2>LOL Surprise \u017bel Pod Prysznic Ciasteczko 300ml LOL Surprise<\/h2>\n<p>justyna imi\u0119, test z lektury felix net i nika oraz gang niewidzialnych ludzi, dziecko cytaty z\u0142ote my\u015bli, rysunki \u0142atwe, roszpunka kolorowanka, cytaty o przyja\u017ani<\/p>\n<p>yyyyy<\/p>\n<p>&nbsp;<\/p>\n","protected":false},"excerpt":{"rendered":"<p>LOL SURPRISE \u017bel pod prysznic Pachn\u0105cy ciasteczkami, \u017cel delikatnie myje, nie wysusza sk\u00f3ry, nie powoduje podra\u017cnie\u0144, jest odpowiedni dla ka\u017cdego rodzaju sk\u00f3ry, w tym wra\u017cliwej i podatnej na reakcje alergiczne. \u017bEL POD PRYSZNIC PRZEBADANY DERMATOLOGICZNIE LOL Surprise \u017bel Pod Prysznic Ciasteczko 300ml LOL Surprise justyna imi\u0119, test z lektury felix net i nika oraz gang [&hellip;]<\/p>\n","protected":false},"featured_media":7223,"comment_status":"closed","ping_status":"open","template":"","meta":[],"product_cat":[294,901],"product_tag":[668,726,604],"class_list":["post-7222","product","type-product","status-publish","has-post-thumbnail","hentry","product_cat-lol-surprise","product_cat-pozostale-akcesoria-do-pielegnacji-dzieci","product_tag-atrakcje-dla-dzieci-wroclaw","product_tag-quiz-zemsta","product_tag-zagadki-trudne"],"_links":{"self":[{"href":"http:\/\/klubmamgdynia.pl\/index.php\/wp-json\/wp\/v2\/product\/7222","targetHints":{"allow":["GET"]}}],"collection":[{"href":"http:\/\/klubmamgdynia.pl\/index.php\/wp-json\/wp\/v2\/product"}],"about":[{"href":"http:\/\/klubmamgdynia.pl\/index.php\/wp-json\/wp\/v2\/types\/product"}],"replies":[{"embeddable":true,"href":"http:\/\/klubmamgdynia.pl\/index.php\/wp-json\/wp\/v2\/comments?post=7222"}],"wp:featuredmedia":[{"embeddable":true,"href":"http:\/\/klubmamgdynia.pl\/index.php\/wp-json\/wp\/v2\/media\/7223"}],"wp:attachment":[{"href":"http:\/\/klubmamgdynia.pl\/index.php\/wp-json\/wp\/v2\/media?parent=7222"}],"wp:term":[{"taxonomy":"product_cat","embeddable":true,"href":"http:\/\/klubmamgdynia.pl\/index.php\/wp-json\/wp\/v2\/product_cat?post=7222"},{"taxonomy":"product_tag","embeddable":true,"href":"http:\/\/klubmamgdynia.pl\/index.php\/wp-json\/wp\/v2\/product_tag?post=7222"}],"curies":[{"name":"wp","href":"https:\/\/api.w.org\/{rel}","templated":true}]}}