{"id":7224,"date":"2014-01-27T03:08:00","date_gmt":"2014-01-27T02:08:00","guid":{"rendered":"http:\/\/klubmamgdynia.pl\/index.php\/produkt\/sirupus-pini-compositus-125g\/"},"modified":"2026-05-17T20:53:13","modified_gmt":"2026-05-17T18:53:13","slug":"sirupus-pini-compositus-125g","status":"publish","type":"product","link":"http:\/\/klubmamgdynia.pl\/index.php\/produkt\/sirupus-pini-compositus-125g\/","title":{"rendered":"Sirupus Pini compositus 125g"},"content":{"rendered":"<p>Syrop sosnowy jest z\u0142o\u017conym preparatem ro\u015blinnym zawieraj\u0105cym w swoim sk\u0142adzie : wyci\u0105g sosnowy, wyci\u0105g z ziela glistnika, nalewk\u0119 z owoc\u00f3w kopru w\u0142oskiego, mleczan wapnia oraz dodatek fosforanu kodeiny. Syrop dzia\u0142a przeciwkaszlowo w stanach zapalnych g\u00f3rnych dr\u00f3g oddechowych z intensywnym kaszlem.<\/p>\n<h2>Sirupus Pini compositus 125g Herbapol<\/h2>\n<p>ignacy znaczenie imienia, w\u0142ochy, lilianna, na wyspach bergamutach, kolorowanka \u015bwi\u0105teczna do wydruku, kr\u00f3tkie \u017cyczenia wielkanocne dla dzieci, zagadki o zwierz\u0119tach, psi patrol rysunek, zadania logiczne dla dzieci, menu urodzinowe dla dzieci w wieku 8 10 lat, kolorowanka harry potter, maska iron man, janusz korczak cytaty, \u015bmieszne zagadki dla dzieci, test z narnii<\/p>\n<p>yyyyy<\/p>\n<p>&nbsp;<\/p>\n","protected":false},"excerpt":{"rendered":"<p>Syrop sosnowy jest z\u0142o\u017conym preparatem ro\u015blinnym zawieraj\u0105cym w swoim sk\u0142adzie : wyci\u0105g sosnowy, wyci\u0105g z ziela glistnika, nalewk\u0119 z owoc\u00f3w kopru w\u0142oskiego, mleczan wapnia oraz dodatek fosforanu kodeiny. Syrop dzia\u0142a przeciwkaszlowo w stanach zapalnych g\u00f3rnych dr\u00f3g oddechowych z intensywnym kaszlem. Sirupus Pini compositus 125g Herbapol ignacy znaczenie imienia, w\u0142ochy, lilianna, na wyspach bergamutach, kolorowanka \u015bwi\u0105teczna [&hellip;]<\/p>\n","protected":false},"featured_media":7225,"comment_status":"closed","ping_status":"open","template":"","meta":[],"product_cat":[1558,198],"product_tag":[611,735,606,713],"class_list":["post-7224","product","type-product","status-publish","has-post-thumbnail","hentry","product_cat-herbapol","product_cat-przeziebienie-i-grypa","product_tag-bajki-do-czytania-psi-patrol","product_tag-prezent-na-roczek-dziewczynka","product_tag-stala-pod-sniegiem","product_tag-zagadki-logiczne-z-odpowiedziami"],"_links":{"self":[{"href":"http:\/\/klubmamgdynia.pl\/index.php\/wp-json\/wp\/v2\/product\/7224","targetHints":{"allow":["GET"]}}],"collection":[{"href":"http:\/\/klubmamgdynia.pl\/index.php\/wp-json\/wp\/v2\/product"}],"about":[{"href":"http:\/\/klubmamgdynia.pl\/index.php\/wp-json\/wp\/v2\/types\/product"}],"replies":[{"embeddable":true,"href":"http:\/\/klubmamgdynia.pl\/index.php\/wp-json\/wp\/v2\/comments?post=7224"}],"wp:featuredmedia":[{"embeddable":true,"href":"http:\/\/klubmamgdynia.pl\/index.php\/wp-json\/wp\/v2\/media\/7225"}],"wp:attachment":[{"href":"http:\/\/klubmamgdynia.pl\/index.php\/wp-json\/wp\/v2\/media?parent=7224"}],"wp:term":[{"taxonomy":"product_cat","embeddable":true,"href":"http:\/\/klubmamgdynia.pl\/index.php\/wp-json\/wp\/v2\/product_cat?post=7224"},{"taxonomy":"product_tag","embeddable":true,"href":"http:\/\/klubmamgdynia.pl\/index.php\/wp-json\/wp\/v2\/product_tag?post=7224"}],"curies":[{"name":"wp","href":"https:\/\/api.w.org\/{rel}","templated":true}]}}