{"id":7226,"date":"2014-09-05T23:31:37","date_gmt":"2014-09-05T21:31:37","guid":{"rendered":"http:\/\/klubmamgdynia.pl\/index.php\/produkt\/panadol-extra-500-mg-65-mg-8-tabletek\/"},"modified":"2026-04-06T14:55:59","modified_gmt":"2026-04-06T12:55:59","slug":"panadol-extra-500-mg-65-mg-8-tabletek","status":"publish","type":"product","link":"http:\/\/klubmamgdynia.pl\/index.php\/produkt\/panadol-extra-500-mg-65-mg-8-tabletek\/","title":{"rendered":"Panadol Extra 500 mg + 65 mg 8 tabletek"},"content":{"rendered":"<p>Panadol Extra 500 mg + 65 mg Lek przeciwb\u00f3lowy i przeciwgor\u0105czkowy 8 tabletek                            <\/p>\n<p>\u2022\tLek o dzia\u0142aniu przeciwb\u00f3lowym i przeciwgor\u0105czkowym.<br \/>\n\u2022\t1 tabletka zawiera 500 mg paracetamolu i 65 mg kofeiny.<br \/>\n\u2022\tOdpowiedni do stosowania w przypadku b\u00f3lu g\u0142owy i migreny.<br \/>\n\u2022\tPomaga z\u0142agodzi\u0107 b\u00f3l gard\u0142a, z\u0119b\u00f3w, ko\u015bci, mi\u0119\u015bni i staw\u00f3w.<br \/>\n\u2022\tZmniejsza gor\u0105czk\u0119 oraz pomaga w przezi\u0119bieniach i stanach grypopodobnych.<br \/>\n\u2022\tRedukuje b\u00f3le menstruacyjne.                            <\/p>\n<p>Panadol Extra to lek przeciwb\u00f3lowy i przeciwgor\u0105czkowy, kt\u00f3ry jest jeszcze silniejszy ni\u017c klasyczna formu\u0142a Panadolu. Ka\u017cda tabletka zawiera 500 mg paracetamolu oraz 65 mg kofeiny, kt\u00f3ra wzmacnia dzia\u0142anie substancji czynnej. Dzi\u0119ki temu Panadol Extra to odpowiedni wyb\u00f3r, gdy b\u00f3l atakuje Ci\u0119 nagle i potrzebujesz natychmiastowej pomocy. Produkt ma w\u0142a\u015bciwo\u015bci przeciwb\u00f3lowe i przeciwgor\u0105czkowe, dzi\u0119ki czemu jest odpowiedni w przypadku w b\u00f3lu g\u0142owy i migreny, a tak\u017ce b\u00f3lu gard\u0142a, z\u0119b\u00f3w, ko\u015bci, staw\u00f3w i mi\u0119\u015bni. Panadol Extra mo\u017ce by\u0107 stosowany r\u00f3wnie\u017c w przypadku silnego b\u00f3lu menstruacyjnego podczas miesi\u0105czki, a jego przeciwgor\u0105czkowe w\u0142a\u015bciwo\u015bci pomagaj\u0105 zniwelowa\u0107 gor\u0105czk\u0119, kt\u00f3ra mo\u017ce towarzyszy\u0107 przezi\u0119bieniom i stanom grypopodobnym. Panadol Extra to produkt leczniczy o szerokim spektrum dzia\u0142ania, kt\u00f3ry trafia prosto w \u017ar\u00f3d\u0142o b\u00f3lu, aby jak najszybciej go usuwa\u0107 \u2013 szczeg\u00f3lnie gdy uci\u0105\u017cliwe dolegliwo\u015bci utrudniaj\u0105 Ci normalne funkcjonowanie.<\/p>\n<h2>Panadol Extra 500 mg + 65 mg 8 tabletek GSK<\/h2>\n<p>bajki dla dzieci na dobranoc, aneta, test znaki drogowe, kolorowanki jesie\u0144 do druku, historia andrzejek dla dzieci, trudne zagadki matematyczne, znaki drogowe do druku, dzie\u0144 pluszowego misia 2021, zagadki i odpowiedzi, bombki do kolorowania, szablon choinki do wydruku, kolorowanka piesek do druku, quiz o zwierz\u0119tach domowych, kotki do druku, jak namalowa\u0107 kota, teksty ko\u0142ysanek<\/p>\n<p>yyyyy<\/p>\n<p>&nbsp;<\/p>\n","protected":false},"excerpt":{"rendered":"<p>Panadol Extra 500 mg + 65 mg Lek przeciwb\u00f3lowy i przeciwgor\u0105czkowy 8 tabletek \u2022 Lek o dzia\u0142aniu przeciwb\u00f3lowym i przeciwgor\u0105czkowym. \u2022 1 tabletka zawiera 500 mg paracetamolu i 65 mg kofeiny. \u2022 Odpowiedni do stosowania w przypadku b\u00f3lu g\u0142owy i migreny. \u2022 Pomaga z\u0142agodzi\u0107 b\u00f3l gard\u0142a, z\u0119b\u00f3w, ko\u015bci, mi\u0119\u015bni i staw\u00f3w. \u2022 Zmniejsza gor\u0105czk\u0119 oraz [&hellip;]<\/p>\n","protected":false},"featured_media":7227,"comment_status":"closed","ping_status":"open","template":"","meta":[],"product_cat":[1559,198],"product_tag":[593,673,876,579],"class_list":["post-7226","product","type-product","status-publish","has-post-thumbnail","hentry","product_cat-gsk","product_cat-przeziebienie-i-grypa","product_tag-jak-narysowac-konia","product_tag-juz-blisko-koleda-tekst","product_tag-przyjazn","product_tag-quiz-opowiesci-z-narnii-lew-czarownica-i-stara-szafa"],"_links":{"self":[{"href":"http:\/\/klubmamgdynia.pl\/index.php\/wp-json\/wp\/v2\/product\/7226","targetHints":{"allow":["GET"]}}],"collection":[{"href":"http:\/\/klubmamgdynia.pl\/index.php\/wp-json\/wp\/v2\/product"}],"about":[{"href":"http:\/\/klubmamgdynia.pl\/index.php\/wp-json\/wp\/v2\/types\/product"}],"replies":[{"embeddable":true,"href":"http:\/\/klubmamgdynia.pl\/index.php\/wp-json\/wp\/v2\/comments?post=7226"}],"wp:featuredmedia":[{"embeddable":true,"href":"http:\/\/klubmamgdynia.pl\/index.php\/wp-json\/wp\/v2\/media\/7227"}],"wp:attachment":[{"href":"http:\/\/klubmamgdynia.pl\/index.php\/wp-json\/wp\/v2\/media?parent=7226"}],"wp:term":[{"taxonomy":"product_cat","embeddable":true,"href":"http:\/\/klubmamgdynia.pl\/index.php\/wp-json\/wp\/v2\/product_cat?post=7226"},{"taxonomy":"product_tag","embeddable":true,"href":"http:\/\/klubmamgdynia.pl\/index.php\/wp-json\/wp\/v2\/product_tag?post=7226"}],"curies":[{"name":"wp","href":"https:\/\/api.w.org\/{rel}","templated":true}]}}