{"id":7230,"date":"2025-07-04T19:26:17","date_gmt":"2025-07-04T17:26:17","guid":{"rendered":"http:\/\/klubmamgdynia.pl\/?post_type=product&#038;p=7230"},"modified":"2026-04-06T02:50:02","modified_gmt":"2026-04-06T00:50:02","slug":"xylometazolin-01-krople-do-nosa-10-ml","status":"publish","type":"product","link":"http:\/\/klubmamgdynia.pl\/index.php\/produkt\/xylometazolin-01-krople-do-nosa-10-ml\/","title":{"rendered":"Xylometazolin 0,1% Krople Do Nosa 10 ml"},"content":{"rendered":"<p>Polfa Warszawa Xylometazolin 0.1% krople do nosa 1mg ml 10mlLek stosowany w leczeniu pomocniczym: ostrego nie\u017cytu nosa pochodzenia wirusowego lub bakteryjnego, ostrego lub przewlek\u0142ego zaostrzaj\u0105cego si\u0119 zapalenia zatok przynosowych, alergicznego nie\u017cytu nosa, ostrego zapalenia ucha \u015brodkowego &#8211; w celu udro\u017cnienia tr\u0105bki s\u0142uchowej.<\/p>\n<h2>Xylometazolin 0,1% Krople Do Nosa 10 ml ZF Polpharma S.A.<\/h2>\n<p>zagadki na inteligencje, karty pracy obrazki do wyklejania plastelin\u0105, zagadki o zwierz\u0119tach, pomys\u0142 na prima aprilis, jak narysowa\u0107 sanie miko\u0142aja, z\u0142ote my\u015bli o rodzinie, cytaty dla mamy, warszawa dla dzieci, ko\u0142ysanki dla dzieci tekst, kolorowe listki tekst, prezent dla trzynastolatki<\/p>\n<p>yyyyy<\/p>\n<p>&nbsp;<\/p>\n","protected":false},"excerpt":{"rendered":"<p>Polfa Warszawa Xylometazolin 0.1% krople do nosa 1mg ml 10mlLek stosowany w leczeniu pomocniczym: ostrego nie\u017cytu nosa pochodzenia wirusowego lub bakteryjnego, ostrego lub przewlek\u0142ego zaostrzaj\u0105cego si\u0119 zapalenia zatok przynosowych, alergicznego nie\u017cytu nosa, ostrego zapalenia ucha \u015brodkowego &#8211; w celu udro\u017cnienia tr\u0105bki s\u0142uchowej. Xylometazolin 0,1% Krople Do Nosa 10 ml ZF Polpharma S.A. zagadki na inteligencje, [&hellip;]<\/p>\n","protected":false},"featured_media":7231,"comment_status":"closed","ping_status":"open","template":"","meta":[],"product_cat":[198,199],"product_tag":[865,826,876,760],"class_list":["post-7230","product","type-product","status-publish","has-post-thumbnail","hentry","product_cat-przeziebienie-i-grypa","product_cat-zf-polpharma-s-a","product_tag-cytaty-o-dzieciach","product_tag-prezent-dla-15-latka","product_tag-przyjazn","product_tag-zagadka-matematyczna"],"_links":{"self":[{"href":"http:\/\/klubmamgdynia.pl\/index.php\/wp-json\/wp\/v2\/product\/7230","targetHints":{"allow":["GET"]}}],"collection":[{"href":"http:\/\/klubmamgdynia.pl\/index.php\/wp-json\/wp\/v2\/product"}],"about":[{"href":"http:\/\/klubmamgdynia.pl\/index.php\/wp-json\/wp\/v2\/types\/product"}],"replies":[{"embeddable":true,"href":"http:\/\/klubmamgdynia.pl\/index.php\/wp-json\/wp\/v2\/comments?post=7230"}],"wp:featuredmedia":[{"embeddable":true,"href":"http:\/\/klubmamgdynia.pl\/index.php\/wp-json\/wp\/v2\/media\/7231"}],"wp:attachment":[{"href":"http:\/\/klubmamgdynia.pl\/index.php\/wp-json\/wp\/v2\/media?parent=7230"}],"wp:term":[{"taxonomy":"product_cat","embeddable":true,"href":"http:\/\/klubmamgdynia.pl\/index.php\/wp-json\/wp\/v2\/product_cat?post=7230"},{"taxonomy":"product_tag","embeddable":true,"href":"http:\/\/klubmamgdynia.pl\/index.php\/wp-json\/wp\/v2\/product_tag?post=7230"}],"curies":[{"name":"wp","href":"https:\/\/api.w.org\/{rel}","templated":true}]}}