{"id":7232,"date":"2016-09-12T13:44:33","date_gmt":"2016-09-12T11:44:33","guid":{"rendered":"http:\/\/klubmamgdynia.pl\/index.php\/produkt\/slubny-skandal-bridgertonowie-tom-8\/"},"modified":"2026-04-06T03:19:44","modified_gmt":"2026-04-06T01:19:44","slug":"slubny-skandal-bridgertonowie-tom-8","status":"publish","type":"product","link":"http:\/\/klubmamgdynia.pl\/index.php\/produkt\/slubny-skandal-bridgertonowie-tom-8\/","title":{"rendered":"\u015alubny skandal. Bridgertonowie. Tom 8"},"content":{"rendered":"<p>Czasem \u017ceby stan\u0105\u0107 przed o\u0142tarzem, trzeba postawi\u0107 wszystko na jedn\u0105 kart\u0119.W przeciwie\u0144stwie do wi\u0119kszo\u015bci znanych mu m\u0119\u017cczyzn Gregory Bridgerton wierzy w prawdziw\u0105 mi\u0142o\u015b\u0107. Jest te\u017c przekonany, \u017ce kiedy spotka kobiet\u0119 marze\u0144, natychmiast j\u0105 rozpozna. I tak si\u0119 w\u0142a\u015bnie sta\u0142o. Tylko, \u017ce&#8230;\u017be to nie ta jedyna. Urocza panna Hermiona Watson jest zakochana w kim\u015b innym. Jednak jej najbli\u017csza przyjaci\u00f3\u0142ka, zawsze rozs\u0105dna lady Lucinda Abernathy, chce uratowa\u0107 Hermion\u0119 przed katastrofalnym zwi\u0105zkiem, wi\u0119c proponuje Gregory\u2019emu pomoc w zdobyciu jej serca. W mi\u0119dzyczasie jednak Lucy si\u0119 zakochuje. W Gregorym! Tylko, \u017ce&#8230;Lucy jest zar\u0119czona, a jej wuj nie ma zamiaru pozwoli\u0107 jej na zerwanie zar\u0119czyn, nawet kiedy Gregory w ko\u0144cu odzyskuje rozum i u\u015bwiadamia sobie, \u017ce jego serce bije dla Lucy, jej b\u0142yskotliwo\u015bci i promiennego u\u015bmiechu.Teraz za\u015b, w drodze na \u015blub, Gregory musi sprawi\u0107, \u017ce kiedy przyjdzie do poca\u0142owania panny m\u0142odej, b\u0119dzie jedynym m\u0119\u017cczyzn\u0105 stoj\u0105cym przy o\u0142tarzu &#8230;<\/p>\n<h2>\u015alubny skandal. Bridgertonowie. Tom 8 <\/h2>\n<p>zak\u0142adka do ksi\u0105\u017cki szablon, zagadki dla rodziny, kolorowanka prezent, kolorowanki antystresowe, peppa do druku, cukierku ty \u0142obuzie test, afryka\u0144skie imiona, zagadki na inteligencj\u0119 z odpowiedziami, prezent na 1 urodziny dla dziewczynki, kr\u00f3tkie zagadki logiczne, sentencje o rodzinie<\/p>\n<p>yyyyy<\/p>\n<p>&nbsp;<\/p>\n","protected":false},"excerpt":{"rendered":"<p>Czasem \u017ceby stan\u0105\u0107 przed o\u0142tarzem, trzeba postawi\u0107 wszystko na jedn\u0105 kart\u0119.W przeciwie\u0144stwie do wi\u0119kszo\u015bci znanych mu m\u0119\u017cczyzn Gregory Bridgerton wierzy w prawdziw\u0105 mi\u0142o\u015b\u0107. Jest te\u017c przekonany, \u017ce kiedy spotka kobiet\u0119 marze\u0144, natychmiast j\u0105 rozpozna. I tak si\u0119 w\u0142a\u015bnie sta\u0142o. Tylko, \u017ce&#8230;\u017be to nie ta jedyna. Urocza panna Hermiona Watson jest zakochana w kim\u015b innym. Jednak [&hellip;]<\/p>\n","protected":false},"featured_media":7233,"comment_status":"closed","ping_status":"open","template":"","meta":[],"product_cat":[1544],"product_tag":[834,825,838,776,699,768,687],"class_list":["post-7232","product","type-product","status-publish","has-post-thumbnail","hentry","product_cat-romanse","product_tag-bajka-do-czytania-na-dobranoc","product_tag-bajka-na-dobranoc-do-czytania","product_tag-bajki-dla-dzieci-na-dobranoc","product_tag-dobrej-nocy","product_tag-kolorowanki-do-druku-dla-dziewczyn","product_tag-krotkie-zagadki-logiczne","product_tag-podchwytliwe-zagadki-matematyczne"],"_links":{"self":[{"href":"http:\/\/klubmamgdynia.pl\/index.php\/wp-json\/wp\/v2\/product\/7232","targetHints":{"allow":["GET"]}}],"collection":[{"href":"http:\/\/klubmamgdynia.pl\/index.php\/wp-json\/wp\/v2\/product"}],"about":[{"href":"http:\/\/klubmamgdynia.pl\/index.php\/wp-json\/wp\/v2\/types\/product"}],"replies":[{"embeddable":true,"href":"http:\/\/klubmamgdynia.pl\/index.php\/wp-json\/wp\/v2\/comments?post=7232"}],"wp:featuredmedia":[{"embeddable":true,"href":"http:\/\/klubmamgdynia.pl\/index.php\/wp-json\/wp\/v2\/media\/7233"}],"wp:attachment":[{"href":"http:\/\/klubmamgdynia.pl\/index.php\/wp-json\/wp\/v2\/media?parent=7232"}],"wp:term":[{"taxonomy":"product_cat","embeddable":true,"href":"http:\/\/klubmamgdynia.pl\/index.php\/wp-json\/wp\/v2\/product_cat?post=7232"},{"taxonomy":"product_tag","embeddable":true,"href":"http:\/\/klubmamgdynia.pl\/index.php\/wp-json\/wp\/v2\/product_tag?post=7232"}],"curies":[{"name":"wp","href":"https:\/\/api.w.org\/{rel}","templated":true}]}}