{"id":7234,"date":"2012-11-11T02:29:47","date_gmt":"2012-11-11T01:29:47","guid":{"rendered":"http:\/\/klubmamgdynia.pl\/index.php\/produkt\/acuvue-oasys-with-hydraclear-plus-for-astigmatism-6-soczewek\/"},"modified":"2026-04-03T19:43:23","modified_gmt":"2026-04-03T17:43:23","slug":"acuvue-oasys-with-hydraclear-plus-for-astigmatism-6-soczewek","status":"publish","type":"product","link":"http:\/\/klubmamgdynia.pl\/index.php\/produkt\/acuvue-oasys-with-hydraclear-plus-for-astigmatism-6-soczewek\/","title":{"rendered":"ACUVUE OASYS with HYDRACLEAR PLUS for ASTIGMATISM 6 soczewek"},"content":{"rendered":"<p>JOHNSON &amp; JOHNSON ACUVUE OASYS FOR ASTIGMATISM 6 SZTUK<\/p>\n<p>ACUVUE\u00ae OASYS\u00ae for ASTIGMATISM to soczewki kontaktowe do korekcji astygmatyzmu zapewniaj\u0105ce wyj\u0105tkowy komfort noszenia oraz ostre i stabilne widzenie nawet w niekorzystnych warunkach otoczenia &#8211; podczas pracy przy komputerze lub nocnej jazdy samochodem.Dzi\u0119ki zastosowaniu unikalnej technologii Projekt Przyspieszonej Stabilizacji soczewki ACUVUE\u00ae OASYS\u00ae for ASTIGMATISM zawsze pozostaj\u0105 na swoim miejscu &#8211; niezale\u017cnie od tego, co robisz.                             <\/p>\n<p>Ponadto, zapewniaj\u0105 najwy\u017cszy poziom ochrony przed promieniowaniem UV. ACUVUE\u00ae OASYS\u00ae for ASTIGMATISM to idealne rozwi\u0105zanie dla aktywnych:podczas spotka\u0144, przy pracy z komputerem, w kinie, teatrze,w czasie kolacji, imprezy czy spotkania z przyjaci\u00f3\u0142mi, przy uprawianiu sportu,na weekend, podczas podr\u00f3\u017cy s\u0142u\u017cbowych, na urlopie.Mo\u017cna r\u00f3wnie\u017c po zasi\u0119gni\u0119ciu porady specjalisty zdecydowa\u0107 si\u0119 na tryb przed\u0142u\u017cony, tzn. nosi\u0107 soczewki bez przerwy przez siedem dni i sze\u015b\u0107 nocy.<\/p>\n<h2>ACUVUE OASYS with HYDRACLEAR PLUS for ASTIGMATISM 6 soczewek Johnson &amp; Johnson<\/h2>\n<p>pomys\u0142 na prima aprilis, maska do druku, lol surprise kolorowanki, laurka dla babci, mateusz imi\u0119, impreza halloween 2021 dla dzieci, co dla rocznego dziecka, kolorowanka antystresowa, narodziny dziecka cytat, \u015bmieszne zagadki matematyczne, filmy animowane o \u015bwi\u0119tach, ogr\u00f3d bajek, quiz dzieci z bullerbyn, kolorowanki super zings, quiz zemsta, ko\u0142ysanki teksty, najpi\u0119kniejsze piosenki \u015bwi\u0105teczne dla dzieci, quiz o ro\u015blinach, samolot kolorowanka, kolorowanka smok wawelski, rzadkie imiona \u017ce\u0144skie polskie<\/p>\n<p>yyyyy<\/p>\n<p>&nbsp;<\/p>\n","protected":false},"excerpt":{"rendered":"<p>JOHNSON &amp; JOHNSON ACUVUE OASYS FOR ASTIGMATISM 6 SZTUK ACUVUE\u00ae OASYS\u00ae for ASTIGMATISM to soczewki kontaktowe do korekcji astygmatyzmu zapewniaj\u0105ce wyj\u0105tkowy komfort noszenia oraz ostre i stabilne widzenie nawet w niekorzystnych warunkach otoczenia &#8211; podczas pracy przy komputerze lub nocnej jazdy samochodem.Dzi\u0119ki zastosowaniu unikalnej technologii Projekt Przyspieszonej Stabilizacji soczewki ACUVUE\u00ae OASYS\u00ae for ASTIGMATISM zawsze pozostaj\u0105 [&hellip;]<\/p>\n","protected":false},"featured_media":7235,"comment_status":"closed","ping_status":"open","template":"","meta":[],"product_cat":[1561,126],"product_tag":[810,815,741,712,715],"class_list":["post-7234","product","type-product","status-publish","has-post-thumbnail","hentry","product_cat-johnson-johnson","product_cat-soczewki-kontaktowe","product_tag-nauka-zegara-do-druku","product_tag-ozdoby-choinkowe-dla-dzieci","product_tag-wlochy","product_tag-zagadki-o-zwierzetach","product_tag-zosia-samosia"],"_links":{"self":[{"href":"http:\/\/klubmamgdynia.pl\/index.php\/wp-json\/wp\/v2\/product\/7234","targetHints":{"allow":["GET"]}}],"collection":[{"href":"http:\/\/klubmamgdynia.pl\/index.php\/wp-json\/wp\/v2\/product"}],"about":[{"href":"http:\/\/klubmamgdynia.pl\/index.php\/wp-json\/wp\/v2\/types\/product"}],"replies":[{"embeddable":true,"href":"http:\/\/klubmamgdynia.pl\/index.php\/wp-json\/wp\/v2\/comments?post=7234"}],"wp:featuredmedia":[{"embeddable":true,"href":"http:\/\/klubmamgdynia.pl\/index.php\/wp-json\/wp\/v2\/media\/7235"}],"wp:attachment":[{"href":"http:\/\/klubmamgdynia.pl\/index.php\/wp-json\/wp\/v2\/media?parent=7234"}],"wp:term":[{"taxonomy":"product_cat","embeddable":true,"href":"http:\/\/klubmamgdynia.pl\/index.php\/wp-json\/wp\/v2\/product_cat?post=7234"},{"taxonomy":"product_tag","embeddable":true,"href":"http:\/\/klubmamgdynia.pl\/index.php\/wp-json\/wp\/v2\/product_tag?post=7234"}],"curies":[{"name":"wp","href":"https:\/\/api.w.org\/{rel}","templated":true}]}}