{"id":7236,"date":"2017-03-12T01:07:29","date_gmt":"2017-03-12T00:07:29","guid":{"rendered":"http:\/\/klubmamgdynia.pl\/index.php\/produkt\/nicorette-spray-aerozol-do-ust-1-opakowanie\/"},"modified":"2026-04-05T20:20:07","modified_gmt":"2026-04-05T18:20:07","slug":"nicorette-spray-aerozol-do-ust-1-opakowanie","status":"publish","type":"product","link":"http:\/\/klubmamgdynia.pl\/index.php\/produkt\/nicorette-spray-aerozol-do-ust-1-opakowanie\/","title":{"rendered":"Nicorette Spray aerozol do ust 1 opakowanie"},"content":{"rendered":"<p>NICORETTE SPRAY AEROZOL DO UST<\/p>\n<p>NICORETTE\u00ae Spray \u0142agodzi objawy odstawienne wyst\u0119puj\u0105ce po zaprzestaniu palenia, w tym g\u0142\u00f3d nikotynowy. Gdy nagle zaprzestanie si\u0119 dostarcza\u0107 do organizmu nikotyny z tytoniu, rozwijaj\u0105 si\u0119 r\u00f3\u017cne rodzaje nieprzyjemnych odczu\u0107 zwanych objawami odstawiennymi. Dzi\u0119ki stosowaniu leku NICORETTE\u00ae Spray mo\u017cna zapobiec wyst\u0105pieniu tych nieprzyjemnych odczu\u0107 lub zmniejszy\u0107 ich nasilenie oraz zmniejszy\u0107 pragnienie zapalenia papierosa. Jest tak dlatego, \u017ce kontynuuje si\u0119 dostarczanie niewielkiej ilo\u015bci nikotyny do organizmu przez kr\u00f3tki czas.                            <\/p>\n<p>            Wskazania:<\/p>\n<p>Wskazaniami do stosowania Nicorette Spray s\u0105 leczenie uzale\u017cnienia od wyrob\u00f3w tytoniowych u os\u00f3b doros\u0142ych poprzez \u0142agodzenie objaw\u00f3w odstawiennych, w tym g\u0142odu nikotynowego, podczas pr\u00f3by rzucania palenia. Smak mi\u0119towy.                            <\/p>\n<p>            Dawkowanie:<\/p>\n<p>Zamiast si\u0119gn\u0105\u0107 po papierosa lub je\u015bli pojawi si\u0119 g\u0142\u00f3d nikotynowy, nale\u017cy zastosowa\u0107 1 lub 2 dawki. Najpierw zastosowa\u0107 jedn\u0105 dawk\u0119, a nast\u0119pnie je\u015bli g\u0142\u00f3d nikotynowy nie ust\u0105pi w ci\u0105gu kilku minut, druga dawk\u0119. Je\u015bli konieczne s\u0105 2 dawki, nast\u0119pnym razem mo\u017cna zastosowa\u0107 od razu 2 kolejne dawki. Dla wi\u0119kszo\u015bci os\u00f3b pal\u0105cych oznacza to 1-2 dawki co 30 min. do ok. 1 godz. Na przyk\u0142ad, je\u017celi \u015brednia liczba papieros\u00f3w wypalanych w ci\u0105gu doby wynosi 15, nale\u017cy stosowa\u0107 1-2 dawki co najmniej 15 razy na dob\u0119. Po 6 tygodniach nale\u017cy rozpocz\u0105\u0107 zmniejszanie liczby dawek w ci\u0105gu doby. Maksymalna dawka dobowa to 64 dawki w ci\u0105gu 16 godz.                            <\/p>\n<p>            Sk\u0142ad:<\/p>\n<p>Jedna dawka dostarcza 1 mg nikotyny w 0,07 ml roztworu. 1 ml roztworu zawiera 13,6 mg nikotyny.<\/p>\n<h2>Nicorette Spray aerozol do ust 1 opakowanie US Pharmacia<\/h2>\n<p>skalne miasto, bajki dla dzieci do czytania na dobranoc, narysowa\u0107 rysunki \u0142atwe, zabawy dla 7 latki, kolorowanka lato, gad\u017cety dla nastolatka, nauka zegara do druku, szlaczki dla dzieci do druku, kotki kolorowanka, quiz flagi, miriam imi\u0119, prezent dla 14 letniej dziewczyny<\/p>\n<p>yyyyy<\/p>\n<p>&nbsp;<\/p>\n","protected":false},"excerpt":{"rendered":"<p>NICORETTE SPRAY AEROZOL DO UST NICORETTE\u00ae Spray \u0142agodzi objawy odstawienne wyst\u0119puj\u0105ce po zaprzestaniu palenia, w tym g\u0142\u00f3d nikotynowy. Gdy nagle zaprzestanie si\u0119 dostarcza\u0107 do organizmu nikotyny z tytoniu, rozwijaj\u0105 si\u0119 r\u00f3\u017cne rodzaje nieprzyjemnych odczu\u0107 zwanych objawami odstawiennymi. Dzi\u0119ki stosowaniu leku NICORETTE\u00ae Spray mo\u017cna zapobiec wyst\u0105pieniu tych nieprzyjemnych odczu\u0107 lub zmniejszy\u0107 ich nasilenie oraz zmniejszy\u0107 pragnienie [&hellip;]<\/p>\n","protected":false},"featured_media":7237,"comment_status":"closed","ping_status":"open","template":"","meta":[],"product_cat":[1206,1562],"product_tag":[801,781,580,729,615],"class_list":["post-7236","product","type-product","status-publish","has-post-thumbnail","hentry","product_cat-rzuc-palenie","product_cat-us-pharmacia","product_tag-bajki-terapeutyczne-o-emocjach","product_tag-cytaty-o-wychowaniu-dzieci","product_tag-janusz","product_tag-madre-bajki-dla-dzieci-do-czytania","product_tag-znane-misie-z-filmow-animowanych"],"_links":{"self":[{"href":"http:\/\/klubmamgdynia.pl\/index.php\/wp-json\/wp\/v2\/product\/7236","targetHints":{"allow":["GET"]}}],"collection":[{"href":"http:\/\/klubmamgdynia.pl\/index.php\/wp-json\/wp\/v2\/product"}],"about":[{"href":"http:\/\/klubmamgdynia.pl\/index.php\/wp-json\/wp\/v2\/types\/product"}],"replies":[{"embeddable":true,"href":"http:\/\/klubmamgdynia.pl\/index.php\/wp-json\/wp\/v2\/comments?post=7236"}],"wp:featuredmedia":[{"embeddable":true,"href":"http:\/\/klubmamgdynia.pl\/index.php\/wp-json\/wp\/v2\/media\/7237"}],"wp:attachment":[{"href":"http:\/\/klubmamgdynia.pl\/index.php\/wp-json\/wp\/v2\/media?parent=7236"}],"wp:term":[{"taxonomy":"product_cat","embeddable":true,"href":"http:\/\/klubmamgdynia.pl\/index.php\/wp-json\/wp\/v2\/product_cat?post=7236"},{"taxonomy":"product_tag","embeddable":true,"href":"http:\/\/klubmamgdynia.pl\/index.php\/wp-json\/wp\/v2\/product_tag?post=7236"}],"curies":[{"name":"wp","href":"https:\/\/api.w.org\/{rel}","templated":true}]}}