{"id":7238,"date":"2022-05-02T14:11:28","date_gmt":"2022-05-02T12:11:28","guid":{"rendered":"http:\/\/klubmamgdynia.pl\/index.php\/produkt\/lol-surprise-remix-piornik-szkolny-z-wyposazeniem-461455\/"},"modified":"2026-04-07T14:26:26","modified_gmt":"2026-04-07T12:26:26","slug":"lol-surprise-remix-piornik-szkolny-z-wyposazeniem-461455","status":"publish","type":"product","link":"http:\/\/klubmamgdynia.pl\/index.php\/produkt\/lol-surprise-remix-piornik-szkolny-z-wyposazeniem-461455\/","title":{"rendered":"LOL Surprise Remix Pi\u00f3rnik Szkolny z Wyposa\u017ceniem 461455"},"content":{"rendered":"<p>Pi\u00f3rnik jednokomorowy z dwoma klapkami z wyposa\u017ceniem (d\u0142ugopis, o\u0142\u00f3wek, 7 pisak\u00f3w, 9 kredek, gumka, linijka, temper\u00f3wka, ekierka). Zadrukowane kolorowe wn\u0119trze.EAN: 5600390671436<\/p>\n<h2>LOL Surprise Remix Pi\u00f3rnik Szkolny z Wyposa\u017ceniem 461455 LOL Surprise<\/h2>\n<p>koty rysunki, zimowe zagadki, zagadki o zwierz\u0119tach, ch\u0142opcy z placu broni &#8211; test z odpowiedziami<\/p>\n<p>yyyyy<\/p>\n<p>&nbsp;<\/p>\n","protected":false},"excerpt":{"rendered":"<p>Pi\u00f3rnik jednokomorowy z dwoma klapkami z wyposa\u017ceniem (d\u0142ugopis, o\u0142\u00f3wek, 7 pisak\u00f3w, 9 kredek, gumka, linijka, temper\u00f3wka, ekierka). Zadrukowane kolorowe wn\u0119trze.EAN: 5600390671436 LOL Surprise Remix Pi\u00f3rnik Szkolny z Wyposa\u017ceniem 461455 LOL Surprise koty rysunki, zimowe zagadki, zagadki o zwierz\u0119tach, ch\u0142opcy z placu broni &#8211; test z odpowiedziami yyyyy &nbsp;<\/p>\n","protected":false},"featured_media":7239,"comment_status":"closed","ping_status":"open","template":"","meta":[],"product_cat":[294,976],"product_tag":[662,596,783,843],"class_list":["post-7238","product","type-product","status-publish","has-post-thumbnail","hentry","product_cat-lol-surprise","product_cat-piorniki","product_tag-bajki-na-dobranoc","product_tag-pomysly-na-prima-aprilis","product_tag-prezenty-na-roczek-dla-chlopca","product_tag-smieszne-zagadki-dla-dzieci"],"_links":{"self":[{"href":"http:\/\/klubmamgdynia.pl\/index.php\/wp-json\/wp\/v2\/product\/7238","targetHints":{"allow":["GET"]}}],"collection":[{"href":"http:\/\/klubmamgdynia.pl\/index.php\/wp-json\/wp\/v2\/product"}],"about":[{"href":"http:\/\/klubmamgdynia.pl\/index.php\/wp-json\/wp\/v2\/types\/product"}],"replies":[{"embeddable":true,"href":"http:\/\/klubmamgdynia.pl\/index.php\/wp-json\/wp\/v2\/comments?post=7238"}],"wp:featuredmedia":[{"embeddable":true,"href":"http:\/\/klubmamgdynia.pl\/index.php\/wp-json\/wp\/v2\/media\/7239"}],"wp:attachment":[{"href":"http:\/\/klubmamgdynia.pl\/index.php\/wp-json\/wp\/v2\/media?parent=7238"}],"wp:term":[{"taxonomy":"product_cat","embeddable":true,"href":"http:\/\/klubmamgdynia.pl\/index.php\/wp-json\/wp\/v2\/product_cat?post=7238"},{"taxonomy":"product_tag","embeddable":true,"href":"http:\/\/klubmamgdynia.pl\/index.php\/wp-json\/wp\/v2\/product_tag?post=7238"}],"curies":[{"name":"wp","href":"https:\/\/api.w.org\/{rel}","templated":true}]}}