{"id":7240,"date":"2021-05-20T07:07:18","date_gmt":"2021-05-20T05:07:18","guid":{"rendered":"http:\/\/klubmamgdynia.pl\/index.php\/produkt\/vtech-dm1215\/"},"modified":"2026-05-17T22:50:05","modified_gmt":"2026-05-17T20:50:05","slug":"vtech-dm1215","status":"publish","type":"product","link":"http:\/\/klubmamgdynia.pl\/index.php\/produkt\/vtech-dm1215\/","title":{"rendered":"Vtech DM1215"},"content":{"rendered":"<p>Niania elektroniczna audio VTech DM1215 z bateriami w nadajniku i odbiorniku oraz mo\u017cliwo\u015bci\u0105 zapisywania spersonalizowanych nagra\u0144                            <\/p>\n<p>do 20 godzin pracy odbiornika i do 8 nadajnika przy u\u017cyciu przeno\u015bnym                            <\/p>\n<p>rozszerzony zasi\u0119g &#8211; do 460m                            <\/p>\n<p>lampka nocna w nadajniku                            <\/p>\n<p>mo\u017cliwo\u015b\u0107 nagrania opowiadania lub wiadomo\u015bci rodzica                            <\/p>\n<p>czujnik temperatury                            <\/p>\n<p>dwukierunkowa komunikacja g\u0142osowa (interkom)                            <\/p>\n<p>uspokajaj\u0105ce ko\u0142ysanki                            <\/p>\n<p>Do 20 godzin pracy przy jednym \u0142adowaniu akumulatork\u00f3w\u00a0Jedno na\u0142adowanie akumulatork\u00f3w daje mo\u017cliwo\u015b\u0107 korzystania z urz\u0105dzenia w spos\u00f3b mobilny przez wiele godzin &#8211; 20 godzin w przypadku odbiornika i 8 godzin w przypadku nadajnika.                            <\/p>\n<p>Przeno\u015bny zar\u00f3wno nadajnik, jak i odbiornikZar\u00f3wno nadajnik, jak i odbiornik zosta\u0142y zaprojektowane jako urz\u0105dzenia przeno\u015bne. Oba mog\u0105 by\u0107 zasilane akumulatorkami lub pod\u0142\u0105czone do pr\u0105du. Funkcja ta oferuje pe\u0142n\u0105 mobilno\u015b\u0107 w domu i w ogrodzie.                            <\/p>\n<p>Mo\u017cliwo\u015b\u0107 nagrania opowiadania lub wiadomo\u015bci przez rodzicaPom\u00f3\u017c dziecku poczu\u0107 si\u0119 bli\u017cej Ciebie, nawet je\u015bli nie mo\u017cesz przy nim by\u0107, nagrywaj\u0105c i w\u0142\u0105czaj\u0105c swoj\u0105 spersonifikowan\u0105 wiadomo\u015b\u0107 lub ulubion\u0105 histori\u0119.                            <\/p>\n<p>Automatyczny powiadamiaczNiania elektroniczna powiadomi Ci, \u017ce czas na karmienie Twojego Male\u0144stwa, zmian\u0119 pieluszki lub podanie lekarstwa. Niania ma mo\u017cliwo\u015b\u0107 ustawienia powiadomie\u0144 od co 30 minut do co 24 godziny.                            <\/p>\n<p>Rozszerzony zasi\u0119g\u00a0 &#8211; do 460mZ zasi\u0119giem do 460 metr\u00f3w mo\u017cesz zaj\u0105\u0107 si\u0119 spokojnie swoimi sprawami w innej cz\u0119\u015bci domu. Dzi\u0119ki niani elektronicznej mo\u017cesz kontrolowa\u0107, czy Tw\u00f3j Maluszek jest bezpieczny.                            <\/p>\n<p>Lampka nocna w nadajnikuLampka nocna sprawi, \u017ce nocne karmienia i zmiany pieluszki b\u0119d\u0105 troch\u0119 \u0142atwiejsze.                            <\/p>\n<p>Wy\u015bwietlacz z termometremWska\u017anik temperatury na odbiorniku informuje o temperaturze panuj\u0105cej w otoczeniu dziecka.                            <\/p>\n<p>Uspokajaj\u0105ce ko\u0142ysankiPi\u0119\u0107 uspokajaj\u0105cych melodii i cztery delikatne odg\u0142osy natury pomog\u0105 Twojemu dziecku odp\u0142yn\u0105\u0107 w krain\u0119 sn\u00f3w.\u00a0                            <\/p>\n<p>Najistotniejsze cechy produktu                            <\/p>\n<p>Do 20 godzin pracy odbiornika i do 8 nadajnika przy u\u017cyciu przeno\u015bnym                            <\/p>\n<p>Mo\u017cliwo\u015b\u0107 nagrania opowiadania lub wiadomo\u015bci przez rodzica                            <\/p>\n<p>Dodatkowa nak\u0142adka w zestawie<\/p>\n<p>Automatyczny powiadamiacz<\/p>\n<p>Dwukierunkowa komunikacja g\u0142osowa (interkom)<\/p>\n<p>Lampka nocna w nadajniku<\/p>\n<p>3-stopniowy wska\u017anik nat\u0119\u017cenia d\u017awi\u0119ku<\/p>\n<p>Regulacja g\u0142o\u015bno\u015bci<\/p>\n<p>Czujnik temperatury<\/p>\n<p>Technologia DECT zapewniaj\u0105ca bezpieczne i wolne od zak\u0142\u00f3ce\u0144 po\u0142\u0105czenie<\/p>\n<p>Uspokajaj\u0105ce ko\u0142ysanki<\/p>\n<p>Rozszerzony zasi\u0119g<br \/>\nZasi\u0119g w budynkach &#8211; do 75m*<br \/>\nZasi\u0119g zewn\u0119trzny &#8211; do 460m*                            <\/p>\n<p>*w zale\u017cno\u015bci od przeszk\u00f3d na drodze sygna\u0142u                            <\/p>\n<p>Nianie elektroniczne marki VTechnieoceniona pomoc w opiece nad MaluszkiemPozostaj\u0105c ze swoim Maluszkiem w domu, dobrze wyposa\u017cy\u0107 si\u0119 w urz\u0105dzenia, kt\u00f3re pomog\u0105 Ci w tym odpowiedzialnym zadaniu. Nianie elektroniczne marki VTech sprawi\u0105, \u017ce okres wczesnego macierzy\u0144stwa b\u0119dzie spokojniejszy a Ty b\u0119dziesz czu\u0142a si\u0119 bardziej wypocz\u0119ta.                            <\/p>\n<p>            VTech DM1212<\/p>\n<p>            VTech VM2251<\/p>\n<p>            VTech DM1211<\/p>\n<p>            VTech BM2000<\/p>\n<p>            VTech BM1000<\/p>\n<p>            Vtech DM1215<\/p>\n<h2>Vtech DM1215 VTech<\/h2>\n<p>quiz o samochodach, zagadki kr\u00f3tkie, test opowie\u015b\u0107 wigilijna, quizy o minecraft, test lew czarownica i stara szafa, pia imi\u0119, quizy ma\u0142y ksi\u0105\u017c\u0119, kwiaty polne nazwy<\/p>\n<p>yyyyy<\/p>\n<p>&nbsp;<\/p>\n","protected":false},"excerpt":{"rendered":"<p>Niania elektroniczna audio VTech DM1215 z bateriami w nadajniku i odbiorniku oraz mo\u017cliwo\u015bci\u0105 zapisywania spersonalizowanych nagra\u0144 do 20 godzin pracy odbiornika i do 8 nadajnika przy u\u017cyciu przeno\u015bnym rozszerzony zasi\u0119g &#8211; do 460m lampka nocna w nadajniku mo\u017cliwo\u015b\u0107 nagrania opowiadania lub wiadomo\u015bci rodzica czujnik temperatury dwukierunkowa komunikacja g\u0142osowa (interkom) uspokajaj\u0105ce ko\u0142ysanki Do 20 godzin pracy [&hellip;]<\/p>\n","protected":false},"featured_media":7241,"comment_status":"closed","ping_status":"open","template":"","meta":[],"product_cat":[899,1203],"product_tag":[638,665,591,714,733],"class_list":["post-7240","product","type-product","status-publish","has-post-thumbnail","hentry","product_cat-nianie-elektroniczne-i-monitory-oddechu","product_cat-vtech","product_tag-miastodzieci","product_tag-proste-zagadki","product_tag-quiz-o-minecraft","product_tag-zagadki-logiczne","product_tag-zarty-na-prima-aprilis"],"_links":{"self":[{"href":"http:\/\/klubmamgdynia.pl\/index.php\/wp-json\/wp\/v2\/product\/7240","targetHints":{"allow":["GET"]}}],"collection":[{"href":"http:\/\/klubmamgdynia.pl\/index.php\/wp-json\/wp\/v2\/product"}],"about":[{"href":"http:\/\/klubmamgdynia.pl\/index.php\/wp-json\/wp\/v2\/types\/product"}],"replies":[{"embeddable":true,"href":"http:\/\/klubmamgdynia.pl\/index.php\/wp-json\/wp\/v2\/comments?post=7240"}],"wp:featuredmedia":[{"embeddable":true,"href":"http:\/\/klubmamgdynia.pl\/index.php\/wp-json\/wp\/v2\/media\/7241"}],"wp:attachment":[{"href":"http:\/\/klubmamgdynia.pl\/index.php\/wp-json\/wp\/v2\/media?parent=7240"}],"wp:term":[{"taxonomy":"product_cat","embeddable":true,"href":"http:\/\/klubmamgdynia.pl\/index.php\/wp-json\/wp\/v2\/product_cat?post=7240"},{"taxonomy":"product_tag","embeddable":true,"href":"http:\/\/klubmamgdynia.pl\/index.php\/wp-json\/wp\/v2\/product_tag?post=7240"}],"curies":[{"name":"wp","href":"https:\/\/api.w.org\/{rel}","templated":true}]}}