{"id":7242,"date":"2016-08-15T04:03:00","date_gmt":"2016-08-15T02:03:00","guid":{"rendered":"http:\/\/klubmamgdynia.pl\/index.php\/produkt\/sachol-fast-effect-aerozol-20-ml\/"},"modified":"2026-04-06T00:46:53","modified_gmt":"2026-04-05T22:46:53","slug":"sachol-fast-effect-aerozol-20-ml","status":"publish","type":"product","link":"http:\/\/klubmamgdynia.pl\/index.php\/produkt\/sachol-fast-effect-aerozol-20-ml\/","title":{"rendered":"Sachol Fast Effect aerozol 20 ml"},"content":{"rendered":"<p>Jak dzia\u0142a SACHOL\u00ae\u00a0FAST EFFECT?                            <\/p>\n<p>SACHOL\u00ae\u00a0FAST EFFECT to wygodny spray, kt\u00f3ry:                            <\/p>\n<p>\u0142agodzidyskomfort i b\u00f3l                            <\/p>\n<p>dzia\u0142a szybkoi d\u0142ugotrwale                            <\/p>\n<p>zapewnia higien\u0119\u00a0stosowania                            <\/p>\n<p>Co zawiera SACHOL\u00ae\u00a0 FAST EFFECT?                            <\/p>\n<p>POTR\u00d3JNA SI\u0141A DZIA\u0141ANIAna afty i aftowe zapalenie jamy ustnej                            <\/p>\n<p>Dlaczego warto wybra\u0107 SACHOL\u00ae\u00a0FAST EFFECT?<\/p>\n<p>SACHOL\u00a0\u00ae\u00a0FAST EFFECT TO SPRAY<br \/>\nZ WYGODNYM APLIKATOREM, KT\u00d3RY:                            <\/p>\n<p>Szczeg\u00f3\u0142y produktu SACHOL \u00aeFAST EFFECT                            <\/p>\n<p>Sk\u0142adWoda, ksylitol, gliceryna, wyci\u0105g z p\u0142atk\u00f3w r\u00f3\u017cy damasce\u0144skiej, polisorbat 20, aromat mi\u0119towy, benzoesan sodu, sorbinian potasu, stewia, guma ksantanowa, polikarbofil, kwas mlekowy, pantenol, s\u00f3l sodowa kwasu hialuronowego, wyci\u0105g z li\u015bci aloesu zwyczajnego.Posta\u0107 farmaceutycznaAerozol.Dawkowanie i spos\u00f3b podawaniaUmie\u015bci\u0107 dozownik nad obszarem zmienionym chorobowo i na\u0142o\u017cy\u0107 produkt. Stosowa\u0107 dwa razy dziennie (lub w razie potrzeby cz\u0119\u015bciej), pomi\u0119dzy posi\u0142kami, przez tydzie\u0144 lub do momentu ust\u0105pienia objaw\u00f3w. Zaleca si\u0119 powstrzymanie od jedzenia i picia przez co najmniej 30 minut po na\u0142o\u017ceniu, aby u\u0142atwi\u0107 przyleganie produktu do b\u0142ony \u015bluzowej. Nie zaleca si\u0119 stosowania tego produktu u dzieci w wieku poni\u017cej 30 miesi\u0119cy.Inne informacjeDZIA\u0141ANIA NIEPO\u017b\u0104DANE:Na podstawie pi\u015bmiennictwa naukowego nie stwierdzono \u017cadnych znanych ani przewidywalnych dzia\u0142a\u0144 niepo\u017c\u0105danych zwi\u0105zanych ze stosowaniem tego produktu.\u00a0W przypadku wyst\u0105pienia dzia\u0142a\u0144 niepo\u017c\u0105danych podczas stosowania produktu nale\u017cy zasi\u0119gn\u0105\u0107 porady lekarza.OSTRZE\u017bENIA:Produkt jest przeznaczony do stosowania w jamie ustnej.Nie stosowa\u0107 w przypadku indywidualnej nadwra\u017cliwo\u015bci na jeden lub wi\u0119cej sk\u0142adnik\u00f3w produktu.W przypadku jednoczesnego stosowania z innymi produktami nale\u017cy skonsultowa\u0107 kwestie ewentualnych interakcji z lekarzem.Je\u015bli objawy nie ulegn\u0105 z\u0142agodzeniu, nale\u017cy zasi\u0119gn\u0105\u0107 porady lekarza.Zamkn\u0105\u0107 opakowanie po ka\u017cdym u\u017cyciu.Termin wa\u017cno\u015bci zamieszczony na opakowaniu dotyczy nienaruszonego opakowania produktu, kt\u00f3ry jest prawid\u0142owo przechowywany.Nie nale\u017cy przekracza\u0107 zalecanej dawki dobowej.Nie u\u017cywa\u0107 produktu, je\u015bli opakowanie jest uszkodzone lub naruszone.Nie nale\u017cy przyjmowa\u0107 produktu po up\u0142ywie terminu wa\u017cno\u015bci zamieszczonego na opakowaniu.Produkt nale\u017cy u\u017cywa\u0107 zgodnie z instrukcjami.Produkt nale\u017cy zutylizowa\u0107 zgodnie z obowi\u0105zuj\u0105cymi zaleceniami.Przechowywa\u0107 w miejscu niedost\u0119pnym dla dzieci.Unika\u0107 kontaktu z oczami.Podmiot odpowiedzialnyBausch Health Poland sp. z o.o., ul. Przemys\u0142owa 2, 35-959 Rzesz\u00f3w.<\/p>\n<p>Referencje:1. Nayebi N et al. A systematic review of the efficacy and safety of Rosa damascena Mill. with an overview on its phytopharmacological properties. Complement Ther Med. 2017 Oct;34:129-140.\u00a02. Gandhi S et al. Ayurvedic Preparations For The Management Of The Ras &#8211; A Review. Indian Journal of Medical Research and Pharmaceutical Sciences September 2020;7(9).\u00a03. Mustafa BN, Alzubaidee AF. Comparative Evaluation of The Efficacy of Topical Hyaluronic Acid (0,2%) and Topical Triamcinolone Acetonide (0,1%) in The Treatment of Recurrent Aphthous Stomatitis. Diyala Journal of Medicine. Vol.19.Issue 2,December 2020.4. Koray M et al. The Efficacy of Hyaluronic Acid Gel in Pain Control of Recurrent Aphthous Stomatitis. Int J Dentistry Oral Sci. 2016 3(6), 273-275.5. Systematic review: The efficacy of topical hyaluronic acid on oral ulcers. Journal of Biological Regulators and Homeostatic Agents. December 2017; 31(4 Suppl 2).6. Gorski J et al. Dexpanthenol in Wound Healing after Medical and Cosmetic Interventions (Postprocedure Wound Healing). Pharmaceuticals 2020, 13, 138.<\/p>\n<p>Sac-PL-2109-021<\/p>\n<h2>Sachol Fast Effect aerozol 20 ml Bausch Health Poland<\/h2>\n<p>\u0142amig\u0142\u00f3wki logiczne dla dzieci, quizy dla dzieci z bajek, kolorowanki konie, zadania logiczne, szopka do druku, alan imie, wiosenna kolorowanka, gwiazdka do druku, okolice wroc\u0142awia atrakcje, logiczne zagadki dla dzieci, zabawki na roczek, ciekawe zagadki, jesienne zagadki, test z tajemniczego ogrodu, imiona dla ch\u0142opc\u00f3w, cytaty o mi\u0142o\u015bci do dziecka, ubieranki do druku, hello kitty kolorowanka<\/p>\n<p>yyyyy<\/p>\n<p>&nbsp;<\/p>\n","protected":false},"excerpt":{"rendered":"<p>Jak dzia\u0142a SACHOL\u00ae\u00a0FAST EFFECT? SACHOL\u00ae\u00a0FAST EFFECT to wygodny spray, kt\u00f3ry: \u0142agodzidyskomfort i b\u00f3l dzia\u0142a szybkoi d\u0142ugotrwale zapewnia higien\u0119\u00a0stosowania Co zawiera SACHOL\u00ae\u00a0 FAST EFFECT? POTR\u00d3JNA SI\u0141A DZIA\u0141ANIAna afty i aftowe zapalenie jamy ustnej Dlaczego warto wybra\u0107 SACHOL\u00ae\u00a0FAST EFFECT? SACHOL\u00a0\u00ae\u00a0FAST EFFECT TO SPRAY Z WYGODNYM APLIKATOREM, KT\u00d3RY: Szczeg\u00f3\u0142y produktu SACHOL \u00aeFAST EFFECT Sk\u0142adWoda, ksylitol, gliceryna, wyci\u0105g z [&hellip;]<\/p>\n","protected":false},"featured_media":7243,"comment_status":"closed","ping_status":"open","template":"","meta":[],"product_cat":[211,1563],"product_tag":[754,681,615],"class_list":["post-7242","product","type-product","status-publish","has-post-thumbnail","hentry","product_cat-bausch-health-poland","product_cat-jama-ustna","product_tag-dyplomy-do-wydrukowania-a4","product_tag-flagi-europy-quiz","product_tag-znane-misie-z-filmow-animowanych"],"_links":{"self":[{"href":"http:\/\/klubmamgdynia.pl\/index.php\/wp-json\/wp\/v2\/product\/7242","targetHints":{"allow":["GET"]}}],"collection":[{"href":"http:\/\/klubmamgdynia.pl\/index.php\/wp-json\/wp\/v2\/product"}],"about":[{"href":"http:\/\/klubmamgdynia.pl\/index.php\/wp-json\/wp\/v2\/types\/product"}],"replies":[{"embeddable":true,"href":"http:\/\/klubmamgdynia.pl\/index.php\/wp-json\/wp\/v2\/comments?post=7242"}],"wp:featuredmedia":[{"embeddable":true,"href":"http:\/\/klubmamgdynia.pl\/index.php\/wp-json\/wp\/v2\/media\/7243"}],"wp:attachment":[{"href":"http:\/\/klubmamgdynia.pl\/index.php\/wp-json\/wp\/v2\/media?parent=7242"}],"wp:term":[{"taxonomy":"product_cat","embeddable":true,"href":"http:\/\/klubmamgdynia.pl\/index.php\/wp-json\/wp\/v2\/product_cat?post=7242"},{"taxonomy":"product_tag","embeddable":true,"href":"http:\/\/klubmamgdynia.pl\/index.php\/wp-json\/wp\/v2\/product_tag?post=7242"}],"curies":[{"name":"wp","href":"https:\/\/api.w.org\/{rel}","templated":true}]}}