{"id":7244,"date":"2015-03-15T08:30:16","date_gmt":"2015-03-15T07:30:16","guid":{"rendered":"http:\/\/klubmamgdynia.pl\/index.php\/produkt\/intimel-zel-intymny-30g\/"},"modified":"2026-04-03T17:17:38","modified_gmt":"2026-04-03T15:17:38","slug":"intimel-zel-intymny-30g","status":"publish","type":"product","link":"http:\/\/klubmamgdynia.pl\/index.php\/produkt\/intimel-zel-intymny-30g\/","title":{"rendered":"INTIMEL \u017cel intymny 30g"},"content":{"rendered":"<p>Intimel to wyr\u00f3b medyczny w postaci klarownego, \u0142agodnego \u017celu o lekko kwa\u015bnym odczynie, maj\u0105cy zastosowanie w niedoborach wydzielania \u015bluzu w pochwie.Opis produktu:INTIMEL\u00ae nawil\u017caj\u0105cy \u017cel intymny:Klarowny, \u0142agodny \u017cel o lekko kwa\u015bnym odczynie pH, maj\u0105cy zastosowanie w niedoborach wydzielania \u015bluzu w pochwie.U\u0142atwia stosunki p\u0142ciowe w przypadku sucho\u015bci pochwy (tak\u017ce z u\u017cyciem prezerwatywy), a tak\u017ce aplikacj\u0119 tampon\u00f3w higienicznych, czopk\u00f3w czy u\u017cycie termometru.U\u0142atwia przeprowadzanie bada\u0144 ginekologicznych i ultrasonograficznych.Przeznaczony dla kobiet w ka\u017cdym wieku.INTIMEL\u00ae jest dobrze tolerowany przez sk\u00f3r\u0119 i b\u0142ony \u015bluzowe. \u0141atwo si\u0119 zmywa i nie plami bielizny. Dzi\u0119ki odpowiedniemu (lekko kwa\u015bnemu) fizjologicznemu odczynowi pH oraz w\u0142a\u015bciwej konsystencji nie zaburza r\u00f3wnowagi naturalnej mikroflory miejsc intymnych.Sk\u0142adniki:Hydroksyetyloceluloza, glikol propylenowy, kwas borowy, dwuwodorofosforan sodu dwuwodny, fenoksyetanol, p-hydroksybenzoesan metylu (Aseptyna M), p-hydroksybenzoesan propylu (Aseptyna P), woda oczyszczona.StosowaniePrzed u\u017cyciem preparatu umy\u0107 r\u0119ce. Niewielk\u0105 ilo\u015b\u0107 \u017celu nanie\u015b\u0107 na miejsca wra\u017cliwe i nara\u017cone na otarcia &#8211; przed kontaktem intymnym, badaniem ginekologicznym lub ultrasonograficznym, u\u017cyciem termometru, czopk\u00f3w i tampon\u00f3w higienicznych. Mo\u017cliwe jest r\u00f3wnie\u017c zastosowanie \u017celu bezpo\u015brednio na cz\u0142onek partnera, os\u0142onk\u0119 sondy ultrasonograficznej lub wziernik ginekologiczny. Preparat mo\u017ce by\u0107 stosowany \u0142\u0105cznie z prezerwatyw\u0105. Po u\u017cyciu nale\u017cy szczelnie zamkn\u0105\u0107 tub\u0119.Przeciwwskazania\u00a0Nadwra\u017cliwo\u015b\u0107 na sk\u0142adniki preparatu.\u00a0Ostrze\u017cenia i \u015brodki ostro\u017cno\u015bciNie stosowa\u0107 na uszkodzone b\u0142ony \u015bluzowe i sk\u00f3r\u0119. Nie nale\u017cy u\u017cywa\u0107 z innymi produktami przeznaczonymi do stosowania dopochwowego.\u00a0 W przypadku ci\u0105g\u0142ego stosowania, po up\u0142ywie 30 dni wymagana jest kilkudniowa przerwa.Przechowywanie:Preparat nale\u017cy przechowywa\u0107 w zamkni\u0119tym, oryginalnym opakowaniu. Chroni\u0107 przed dzie\u0107mi.Miejsce wytwarzania:ICN POLFA RZESZ\u00d3W S.A.Ul. Przemys\u0142owa 235-959 Rzesz\u00f3wPodmiot odpowiedzialny za informacje o produkcie:Bausch Health Poland sp. z o.o.Ul. Przemys\u0142owa 235 \u2013 959 Rzesz\u00f3w<\/p>\n<h2>INTIMEL \u017cel intymny 30g Bausch Health Poland<\/h2>\n<p>test z lektury opowie\u015bci z narnii lew czarownica i stara szafa, imiona dla ch\u0142opc\u00f3w, cytaty o dziecku i mamie, trudne zagadki logiczne, marianna, kolorowanka lol surprise, lol do druku, przyja\u017a\u0144 cytaty, glupie zagadki, samolot kolorowanka, ba\u015bniowe imiona \u017ce\u0144skie, literki do pisania do druku, zaproszenie na urodziny dziecka do druku, miasto dzieci, kolorowe listki tekst, dawne ko\u0142ysanki teksty<\/p>\n<p>yyyyy<\/p>\n<p>&nbsp;<\/p>\n","protected":false},"excerpt":{"rendered":"<p>Intimel to wyr\u00f3b medyczny w postaci klarownego, \u0142agodnego \u017celu o lekko kwa\u015bnym odczynie, maj\u0105cy zastosowanie w niedoborach wydzielania \u015bluzu w pochwie.Opis produktu:INTIMEL\u00ae nawil\u017caj\u0105cy \u017cel intymny:Klarowny, \u0142agodny \u017cel o lekko kwa\u015bnym odczynie pH, maj\u0105cy zastosowanie w niedoborach wydzielania \u015bluzu w pochwie.U\u0142atwia stosunki p\u0142ciowe w przypadku sucho\u015bci pochwy (tak\u017ce z u\u017cyciem prezerwatywy), a tak\u017ce aplikacj\u0119 tampon\u00f3w higienicznych, [&hellip;]<\/p>\n","protected":false},"featured_media":7245,"comment_status":"closed","ping_status":"open","template":"","meta":[],"product_cat":[211,193],"product_tag":[664,648,696,784,697,809,601],"class_list":["post-7244","product","type-product","status-publish","has-post-thumbnail","hentry","product_cat-bausch-health-poland","product_cat-uklad-moczowy-i-plciowy","product_tag-atrakcje-dla-dzieci-trojmiasto","product_tag-dobrej-nocy-i-sza","product_tag-film-rodzinny-o-swietach","product_tag-hymn-gorniczy","product_tag-krotkie-bajki-do-czytania","product_tag-zagadki","product_tag-zagadki-co-to-jest"],"_links":{"self":[{"href":"http:\/\/klubmamgdynia.pl\/index.php\/wp-json\/wp\/v2\/product\/7244","targetHints":{"allow":["GET"]}}],"collection":[{"href":"http:\/\/klubmamgdynia.pl\/index.php\/wp-json\/wp\/v2\/product"}],"about":[{"href":"http:\/\/klubmamgdynia.pl\/index.php\/wp-json\/wp\/v2\/types\/product"}],"replies":[{"embeddable":true,"href":"http:\/\/klubmamgdynia.pl\/index.php\/wp-json\/wp\/v2\/comments?post=7244"}],"wp:featuredmedia":[{"embeddable":true,"href":"http:\/\/klubmamgdynia.pl\/index.php\/wp-json\/wp\/v2\/media\/7245"}],"wp:attachment":[{"href":"http:\/\/klubmamgdynia.pl\/index.php\/wp-json\/wp\/v2\/media?parent=7244"}],"wp:term":[{"taxonomy":"product_cat","embeddable":true,"href":"http:\/\/klubmamgdynia.pl\/index.php\/wp-json\/wp\/v2\/product_cat?post=7244"},{"taxonomy":"product_tag","embeddable":true,"href":"http:\/\/klubmamgdynia.pl\/index.php\/wp-json\/wp\/v2\/product_tag?post=7244"}],"curies":[{"name":"wp","href":"https:\/\/api.w.org\/{rel}","templated":true}]}}