{"id":7246,"date":"2019-03-05T20:48:40","date_gmt":"2019-03-05T19:48:40","guid":{"rendered":"http:\/\/klubmamgdynia.pl\/index.php\/produkt\/neosine-syrop-250-mg-5ml-150ml\/"},"modified":"2026-04-26T02:10:50","modified_gmt":"2026-04-26T00:10:50","slug":"neosine-syrop-250-mg-5ml-150ml","status":"publish","type":"product","link":"http:\/\/klubmamgdynia.pl\/index.php\/produkt\/neosine-syrop-250-mg-5ml-150ml\/","title":{"rendered":"NEOSINE Syrop 250 mg\/5ml 150ml"},"content":{"rendered":"<p>Wskazania:  <\/p>\n<p>lek polecany jest dla os\u00f3b o obni\u017conej odporno\u015bci, w przypadku nawracaj\u0105cych infekcji g\u00f3rnych dr\u00f3g oddechowych.                            <\/p>\n<p>            Dzia\u0142anie: <\/p>\n<p>przeciwwirusowe i immunostymuluj\u0105ce.                            <\/p>\n<p>            Dawkowanie:<\/p>\n<p>doro\u015bli, w tym osoby w podesz\u0142ym wieku (powy\u017cej 65 lat): zwykle 20ml syropu 3 lub 4 razy na dob\u0119 (1ml syropu na kg masy cia\u0142a na dob\u0119). Dzieci w wieku powy\u017cej 1 roku: 1ml syropu na kg masy cia\u0142a na dob\u0119. Lek nale\u017cy podawa\u0107 3 razy na dob\u0119.                            <\/p>\n<p>            Przeciwwskazania: <\/p>\n<p>produktu leczniczego nie nale\u017cy stosowa\u0107:u pacjent\u00f3w z nadwra\u017cliwo\u015bci\u0105 na substancj\u0119 czynn\u0105 lub na kt\u00f3r\u0105kolwiek substancj\u0119 pomocnicz\u0105,u pacjent\u00f3w u kt\u00f3rych wyst\u0119puje aktualnie napad dny moczanowej lub zwi\u0119kszone st\u0119\u017cenie kwasu moczowego we krwi.                            <\/p>\n<p>            Sk\u0142ad: <\/p>\n<p>1ml syropu zawiera 50mg inozyny pranobeksu (Inosinum pranobexum) oraz substancje pomocnicze: metylu parahydroksybenzoesan, propylu parahydroksybenzoesan, sacharoza, kwas cytrynowy bezwodny, wodorotlenek sodu, glikol propylenowy, aromat bananowy AR 0010, woda oczyszczona.<\/p>\n<h2>NEOSINE Syrop 250 mg\/5ml 150ml Aflofarm<\/h2>\n<p>warsztaty dla dzieci warszawa, prezent dla rocznego dziecka, krzy\u017c\u00f3wki dla dzieci do druku, kolorowanki dla dziewczynek lol, zimowe zagadki dla dzieci, farma dyni poznan, dyplomy dla dzieci do druku, dobre \u017carty na prima aprilis, zyczenia walentynkowe dla dzieci, co na prezent dla 7 latki, rysowanie po \u015bladzie pdf, alfabet kolorowanka, \u015bwi\u0105teczne filmy familijne, zgadywanki<\/p>\n<p>yyyyy<\/p>\n<p>&nbsp;<\/p>\n","protected":false},"excerpt":{"rendered":"<p>Wskazania: lek polecany jest dla os\u00f3b o obni\u017conej odporno\u015bci, w przypadku nawracaj\u0105cych infekcji g\u00f3rnych dr\u00f3g oddechowych. Dzia\u0142anie: przeciwwirusowe i immunostymuluj\u0105ce. Dawkowanie: doro\u015bli, w tym osoby w podesz\u0142ym wieku (powy\u017cej 65 lat): zwykle 20ml syropu 3 lub 4 razy na dob\u0119 (1ml syropu na kg masy cia\u0142a na dob\u0119). Dzieci w wieku powy\u017cej 1 roku: 1ml [&hellip;]<\/p>\n","protected":false},"featured_media":7247,"comment_status":"closed","ping_status":"open","template":"","meta":[],"product_cat":[201,198],"product_tag":[765,862,804],"class_list":["post-7246","product","type-product","status-publish","has-post-thumbnail","hentry","product_cat-aflofarm","product_cat-przeziebienie-i-grypa","product_tag-atrakcje-dla-dzieci-warszawa","product_tag-nasza-zima-zla-tekst","product_tag-ryz-z-owocami"],"_links":{"self":[{"href":"http:\/\/klubmamgdynia.pl\/index.php\/wp-json\/wp\/v2\/product\/7246","targetHints":{"allow":["GET"]}}],"collection":[{"href":"http:\/\/klubmamgdynia.pl\/index.php\/wp-json\/wp\/v2\/product"}],"about":[{"href":"http:\/\/klubmamgdynia.pl\/index.php\/wp-json\/wp\/v2\/types\/product"}],"replies":[{"embeddable":true,"href":"http:\/\/klubmamgdynia.pl\/index.php\/wp-json\/wp\/v2\/comments?post=7246"}],"wp:featuredmedia":[{"embeddable":true,"href":"http:\/\/klubmamgdynia.pl\/index.php\/wp-json\/wp\/v2\/media\/7247"}],"wp:attachment":[{"href":"http:\/\/klubmamgdynia.pl\/index.php\/wp-json\/wp\/v2\/media?parent=7246"}],"wp:term":[{"taxonomy":"product_cat","embeddable":true,"href":"http:\/\/klubmamgdynia.pl\/index.php\/wp-json\/wp\/v2\/product_cat?post=7246"},{"taxonomy":"product_tag","embeddable":true,"href":"http:\/\/klubmamgdynia.pl\/index.php\/wp-json\/wp\/v2\/product_tag?post=7246"}],"curies":[{"name":"wp","href":"https:\/\/api.w.org\/{rel}","templated":true}]}}