{"id":7248,"date":"2012-07-16T05:26:19","date_gmt":"2012-07-16T03:26:19","guid":{"rendered":"http:\/\/klubmamgdynia.pl\/index.php\/produkt\/rinopanteina-aerozol-do-nosa-20-g\/"},"modified":"2026-05-01T16:06:43","modified_gmt":"2026-05-01T14:06:43","slug":"rinopanteina-aerozol-do-nosa-20-g","status":"publish","type":"product","link":"http:\/\/klubmamgdynia.pl\/index.php\/produkt\/rinopanteina-aerozol-do-nosa-20-g\/","title":{"rendered":"Rinopanteina aerozol do nosa 20 g"},"content":{"rendered":"<p>Rinopanteina aerozol do nosa z witaminami A i E, nawil\u017ca i utrzymuje wilgotno\u015b\u0107 b\u0142ony \u015bluzowej nosa, wspomaga proces reepitalizacji.Wskazania:\u00a0w przypadku sucho\u015bci i\/lub atrofii b\u0142ony \u015bluzowej nosa spowodowanej: niekorzystnymi czynnikami, stosowaniem aerozoli do nosa, innymi terapiami aerozolowymi, innymi schorzeniami takimi jak polekowy lub alergiczny nie\u017cyt nosa, ozena.Spos\u00f3b u\u017cycia:\u00a0oprze\u0107 kciuk o dno pojemnika, palec wskazuj\u0105cy i \u015brodkowy umie\u015bci\u0107 na skrzyde\u0142kach dozownika i nacisn\u0105\u0107 ku do\u0142owi, a nast\u0119pnie zwolni\u0107 nacisk. Czynno\u015b\u0107 powtarza\u0107 do momentu uzyskania pierwszej dawki. Lekko pochyli\u0107 g\u0142ow\u0119 do przodu, wykona\u0107 powolny oddech, zaaplikowa\u0107 preparat do otworu nosowego, wykonuj\u0105c wdech i zatykaj\u0105c palcem drugi otw\u00f3r nosowy. Zaleca si\u0119 stosowanie dw\u00f3ch dawek do jednego otworu nosowego dwa razy dziennie lub zgodnie z zaleceniami lekarza.Sk\u0142ad:\u00a0D-pantenol, octan witaminy E, palmitynian witaminy A, uwodorowiony olej rycynowy 40\/OE, s\u00f3l disodowa EDTA, N-hydroksymetyloglicynian sodu, sorbinian potasu, guma ksantanowa, aromaty naturalne, izotoniczny roztw\u00f3r buforowy o pH 7,2.<\/p>\n<h2>Rinopanteina aerozol do nosa 20 g Dmg Drugs Minerals And Generics<\/h2>\n<p>\u0142amig\u0142\u00f3wki dla dzieci do druku, kolorowanki minecraft, zaproszenia urodzinowe do druku, cytaty o dzieciach, kolorowanka minecraft, wzruszaj\u0105ce s\u0142owa dla przyjaci\u00f3\u0142ki, zagadki dla ma\u0142ych dzieci, \u017carty \u017carty na prima aprilis, super zings do druku, pikachu kolorowanka, ma\u0142y ksi\u0105\u017c\u0119 sprawdzian, karyna, trudne zagadki logiczne, malgorzata imi\u0119, ju\u017c blisko kol\u0119da tekst, imiona dla ch\u0142opc\u00f3w<\/p>\n<p>yyyyy<\/p>\n<p>&nbsp;<\/p>\n","protected":false},"excerpt":{"rendered":"<p>Rinopanteina aerozol do nosa z witaminami A i E, nawil\u017ca i utrzymuje wilgotno\u015b\u0107 b\u0142ony \u015bluzowej nosa, wspomaga proces reepitalizacji.Wskazania:\u00a0w przypadku sucho\u015bci i\/lub atrofii b\u0142ony \u015bluzowej nosa spowodowanej: niekorzystnymi czynnikami, stosowaniem aerozoli do nosa, innymi terapiami aerozolowymi, innymi schorzeniami takimi jak polekowy lub alergiczny nie\u017cyt nosa, ozena.Spos\u00f3b u\u017cycia:\u00a0oprze\u0107 kciuk o dno pojemnika, palec wskazuj\u0105cy i \u015brodkowy [&hellip;]<\/p>\n","protected":false},"featured_media":7249,"comment_status":"closed","ping_status":"open","template":"","meta":[],"product_cat":[1564,198],"product_tag":[833,819,851,806,588,796],"class_list":["post-7248","product","type-product","status-publish","has-post-thumbnail","hentry","product_cat-dmg-drugs-minerals-and-generics","product_cat-przeziebienie-i-grypa","product_tag-bajki-dla-dzieci-do-czytania","product_tag-co-kupic-nastolatce-na-swieta","product_tag-jak-narysowac-kota","product_tag-prezent-dla-dziecka-na-roczek","product_tag-wzruszajace-slowa-dla-przyjaciela","product_tag-zagatki"],"_links":{"self":[{"href":"http:\/\/klubmamgdynia.pl\/index.php\/wp-json\/wp\/v2\/product\/7248","targetHints":{"allow":["GET"]}}],"collection":[{"href":"http:\/\/klubmamgdynia.pl\/index.php\/wp-json\/wp\/v2\/product"}],"about":[{"href":"http:\/\/klubmamgdynia.pl\/index.php\/wp-json\/wp\/v2\/types\/product"}],"replies":[{"embeddable":true,"href":"http:\/\/klubmamgdynia.pl\/index.php\/wp-json\/wp\/v2\/comments?post=7248"}],"wp:featuredmedia":[{"embeddable":true,"href":"http:\/\/klubmamgdynia.pl\/index.php\/wp-json\/wp\/v2\/media\/7249"}],"wp:attachment":[{"href":"http:\/\/klubmamgdynia.pl\/index.php\/wp-json\/wp\/v2\/media?parent=7248"}],"wp:term":[{"taxonomy":"product_cat","embeddable":true,"href":"http:\/\/klubmamgdynia.pl\/index.php\/wp-json\/wp\/v2\/product_cat?post=7248"},{"taxonomy":"product_tag","embeddable":true,"href":"http:\/\/klubmamgdynia.pl\/index.php\/wp-json\/wp\/v2\/product_tag?post=7248"}],"curies":[{"name":"wp","href":"https:\/\/api.w.org\/{rel}","templated":true}]}}