{"id":7254,"date":"2025-05-01T03:12:19","date_gmt":"2025-05-01T01:12:19","guid":{"rendered":"http:\/\/klubmamgdynia.pl\/?post_type=product&#038;p=7254"},"modified":"2026-04-24T06:51:39","modified_gmt":"2026-04-24T04:51:39","slug":"cialo-nie-klamie","status":"publish","type":"product","link":"http:\/\/klubmamgdynia.pl\/index.php\/produkt\/cialo-nie-klamie\/","title":{"rendered":"Cia\u0142o nie k\u0142amie"},"content":{"rendered":"<p>Cia\u0142o nigdy nie k\u0142amie. Dr Judy Melinek zabiera czytelnik\u00f3w za policyjne ta\u015bmy, podczas najbardziej wstrz\u0105saj\u0105cych przypadk\u00f3w gwa\u0142townej \u015bmierci w Nowym Jorku. Opowiada mi\u0119dzy innymi o wydarzeniach z 11 wrze\u015bnia, aktach bioterroryzmu przy u\u017cyciu w\u0105glika oraz katastrofie lotu 587 linii American Airlines. \u201eCia\u0142o nie k\u0142amie\u201d to szczery zapis wspomnie\u0144 patolo\u017cki, dr Judy Melinek, pracuj\u0105cej w nowojorskim biurze naczelnego lekarza s\u0105dowego na stanowisku specjalisty medycyny s\u0105dowej. Dr Melinek opowiada o sekcjach zw\u0142ok, dokonywaniu ogl\u0119dzin na miejscu zgonu i wspieraniu pogr\u0105\u017conych w \u017ca\u0142obie bliskich. Poznajcie jeden z najtrudniejszych zawod\u00f3w, pe\u0142en zagadek, niespodziewanych wyzwa\u0144, stoj\u0105cy w rozkroku mi\u0119dzy \u015bwiatem \u017cywych i umar\u0142ych. Dr Melinek odkrywa przed nami nag\u0105 prawd\u0119 o pracy w kostnicy bez upi\u0119kszaj\u0105cych opis\u00f3w.Powy\u017cszy opis pochodzi od wydawcy.Reporterskie \u015bledztwa, historie z zimowych wypraw i egzotycznych podr\u00f3\u017cy a tak\u017ce ksi\u0105\u017cki opisuj\u0105ce kultury, spo\u0142ecze\u0144stwa i zwyczaje dziesi\u0105tek kraj\u00f3w \u015awiata<\/p>\n<h2>Cia\u0142o nie k\u0142amie <\/h2>\n<p>oliwier, quizy znaki drogowe, cytaty o przyjazni, cytaty o rodzinie, ba\u015bniowe imiona \u017ce\u0144skie, pytania logiczne, jasmin imie, bajki na dobranoc, kolorowanki lego ninjago, kolorowanka super zings, kolorowanki do druku dla dziewczynek, mama cytaty, anio\u0142ki do druku, \u017cyczenia na lany poniedzia\u0142ek wielkanocny, my little pony kolorowanki, co kupic dziewczynce na roczek, pu\u0142tusk atrakcje dla dzieci, kolorowanka spiderman, imi\u0119 nadia, dyplomy do druku pdf, rado\u015b\u0107 dziecka cytaty<\/p>\n<p>yyyyy<\/p>\n<p>&nbsp;<\/p>\n","protected":false},"excerpt":{"rendered":"<p>Cia\u0142o nigdy nie k\u0142amie. Dr Judy Melinek zabiera czytelnik\u00f3w za policyjne ta\u015bmy, podczas najbardziej wstrz\u0105saj\u0105cych przypadk\u00f3w gwa\u0142townej \u015bmierci w Nowym Jorku. Opowiada mi\u0119dzy innymi o wydarzeniach z 11 wrze\u015bnia, aktach bioterroryzmu przy u\u017cyciu w\u0105glika oraz katastrofie lotu 587 linii American Airlines. \u201eCia\u0142o nie k\u0142amie\u201d to szczery zapis wspomnie\u0144 patolo\u017cki, dr Judy Melinek, pracuj\u0105cej w nowojorskim [&hellip;]<\/p>\n","protected":false},"featured_media":7255,"comment_status":"closed","ping_status":"open","template":"","meta":[],"product_cat":[1034],"product_tag":[656,795,866,705,627,708],"class_list":["post-7254","product","type-product","status-publish","has-post-thumbnail","hentry","product_cat-historia-i-literatura-faktu","product_tag-kolorowanki-lol","product_tag-mini-zoo-warszawa","product_tag-opis-do-zdjecia-dziecka-na-fb","product_tag-prezent-na-roczek-dla-chlopca","product_tag-quiz-dzieci-z-bullerbyn","product_tag-zabawy-ruchowe-dla-dzieci"],"_links":{"self":[{"href":"http:\/\/klubmamgdynia.pl\/index.php\/wp-json\/wp\/v2\/product\/7254","targetHints":{"allow":["GET"]}}],"collection":[{"href":"http:\/\/klubmamgdynia.pl\/index.php\/wp-json\/wp\/v2\/product"}],"about":[{"href":"http:\/\/klubmamgdynia.pl\/index.php\/wp-json\/wp\/v2\/types\/product"}],"replies":[{"embeddable":true,"href":"http:\/\/klubmamgdynia.pl\/index.php\/wp-json\/wp\/v2\/comments?post=7254"}],"wp:featuredmedia":[{"embeddable":true,"href":"http:\/\/klubmamgdynia.pl\/index.php\/wp-json\/wp\/v2\/media\/7255"}],"wp:attachment":[{"href":"http:\/\/klubmamgdynia.pl\/index.php\/wp-json\/wp\/v2\/media?parent=7254"}],"wp:term":[{"taxonomy":"product_cat","embeddable":true,"href":"http:\/\/klubmamgdynia.pl\/index.php\/wp-json\/wp\/v2\/product_cat?post=7254"},{"taxonomy":"product_tag","embeddable":true,"href":"http:\/\/klubmamgdynia.pl\/index.php\/wp-json\/wp\/v2\/product_tag?post=7254"}],"curies":[{"name":"wp","href":"https:\/\/api.w.org\/{rel}","templated":true}]}}