{"id":7256,"date":"2018-02-04T09:51:19","date_gmt":"2018-02-04T08:51:19","guid":{"rendered":"http:\/\/klubmamgdynia.pl\/index.php\/produkt\/gus\/"},"modified":"2026-05-17T22:27:28","modified_gmt":"2026-05-17T20:27:28","slug":"gus","status":"publish","type":"product","link":"http:\/\/klubmamgdynia.pl\/index.php\/produkt\/gus\/","title":{"rendered":"Gus"},"content":{"rendered":"<p>Powie\u015b\u0107 autorki bestsellerowego PROMYCZKA!Oto historia Gusa. Opowiada o zagubieniu. O odnalezieniu. I o powolnym procesie uzdrawiania.Szczerze m\u00f3wi\u0105c, nie wiem ju\u017c jak \u017cy\u0107. Promyczek nie by\u0142a tylko moj\u0105 najlepsz\u0105 przyjaci\u00f3\u0142k\u0105, by\u0142a jakby moj\u0105 drug\u0105 po\u0142\u00f3wk\u0105 &#8211; drug\u0105 po\u0142ow\u0105 mojego umys\u0142u, mojego sumienia, mojego poczucia humoru, mojej kreatywno\u015bci. By\u0142a drug\u0105 po\u0142ow\u0105 mojego serca. W jaki spos\u00f3b cz\u0142owiek mo\u017ce wr\u00f3ci\u0107 do swoich zaj\u0119\u0107, je\u015bli na zawsze straci\u0142 po\u0142ow\u0119 siebie?<\/p>\n<h2>Gus <\/h2>\n<p>niespotykane imiona \u017ce\u0144skie, mia i ja kolorowanka, wiersz o g\u00f3rniku, krok jak narysowa\u0107 konia, wierszyki o wakacjach kr\u00f3tkie, szablony papierowe lalki do ubierania do wydruku, wiersze o wio\u015bnie jana brzechwy, prezent dla pi\u0119tnastolatka, \u015bwinka peppa do czytania, wzory zaprosze\u0144 zaproszenie na urodziny szablon do druku, zagadki o wiosnie, cytaty z ma\u0142ego ksi\u0119cia, zagadka nie do rozwi\u0105zania, zagadki logiczne dla dzieci, kr\u00f3tkie bajki do czytania<\/p>\n<p>yyyyy<\/p>\n<p>&nbsp;<\/p>\n","protected":false},"excerpt":{"rendered":"<p>Powie\u015b\u0107 autorki bestsellerowego PROMYCZKA!Oto historia Gusa. Opowiada o zagubieniu. O odnalezieniu. I o powolnym procesie uzdrawiania.Szczerze m\u00f3wi\u0105c, nie wiem ju\u017c jak \u017cy\u0107. Promyczek nie by\u0142a tylko moj\u0105 najlepsz\u0105 przyjaci\u00f3\u0142k\u0105, by\u0142a jakby moj\u0105 drug\u0105 po\u0142\u00f3wk\u0105 &#8211; drug\u0105 po\u0142ow\u0105 mojego umys\u0142u, mojego sumienia, mojego poczucia humoru, mojej kreatywno\u015bci. By\u0142a drug\u0105 po\u0142ow\u0105 mojego serca. W jaki spos\u00f3b cz\u0142owiek [&hellip;]<\/p>\n","protected":false},"featured_media":7257,"comment_status":"closed","ping_status":"open","template":"","meta":[],"product_cat":[1544],"product_tag":[702,626,613,636],"class_list":["post-7256","product","type-product","status-publish","has-post-thumbnail","hentry","product_cat-romanse","product_tag-co-kupic-na-roczek-dla-dziewczynki","product_tag-jacek","product_tag-na-wyspach-bergamutach","product_tag-teksty-kolysanek"],"_links":{"self":[{"href":"http:\/\/klubmamgdynia.pl\/index.php\/wp-json\/wp\/v2\/product\/7256","targetHints":{"allow":["GET"]}}],"collection":[{"href":"http:\/\/klubmamgdynia.pl\/index.php\/wp-json\/wp\/v2\/product"}],"about":[{"href":"http:\/\/klubmamgdynia.pl\/index.php\/wp-json\/wp\/v2\/types\/product"}],"replies":[{"embeddable":true,"href":"http:\/\/klubmamgdynia.pl\/index.php\/wp-json\/wp\/v2\/comments?post=7256"}],"wp:featuredmedia":[{"embeddable":true,"href":"http:\/\/klubmamgdynia.pl\/index.php\/wp-json\/wp\/v2\/media\/7257"}],"wp:attachment":[{"href":"http:\/\/klubmamgdynia.pl\/index.php\/wp-json\/wp\/v2\/media?parent=7256"}],"wp:term":[{"taxonomy":"product_cat","embeddable":true,"href":"http:\/\/klubmamgdynia.pl\/index.php\/wp-json\/wp\/v2\/product_cat?post=7256"},{"taxonomy":"product_tag","embeddable":true,"href":"http:\/\/klubmamgdynia.pl\/index.php\/wp-json\/wp\/v2\/product_tag?post=7256"}],"curies":[{"name":"wp","href":"https:\/\/api.w.org\/{rel}","templated":true}]}}