{"id":7258,"date":"2016-12-18T09:49:06","date_gmt":"2016-12-18T08:49:06","guid":{"rendered":"http:\/\/klubmamgdynia.pl\/index.php\/produkt\/gofrowe-serce\/"},"modified":"2026-04-30T20:18:12","modified_gmt":"2026-04-30T18:18:12","slug":"gofrowe-serce","status":"publish","type":"product","link":"http:\/\/klubmamgdynia.pl\/index.php\/produkt\/gofrowe-serce\/","title":{"rendered":"Gofrowe Serce"},"content":{"rendered":"<p>Gofrowe serce<\/p>\n<p>Parr Maria Wydawnictwo: Dwie Siostry Ilo\u015b\u0107 stron: 188 Oprawa: twarda Rok wydania: 2016 EAN: 9788364347429                            <\/p>\n<p>Debiut autorki \u201eTonji z Glimmerdalen\u201d: pe\u0142na humoru, wzruszaj\u0105ca opowie\u015b\u0107 o tym, czym jest prawdziwa przyja\u017a\u0144, gdy ma si\u0119 9 lat. Lena jest s\u0105siadk\u0105 Kr\u0119cio\u0142ka. I jego najlepszym przyjacielem. Kr\u0119cio\u0142ek nie wie tylko \u2013 cho\u0107 bardzo by chcia\u0142 \u2013 czy on jest najlepszym przyjacielem Leny. Wie za to na pewno, \u017ce gdy ma si\u0119 tak\u0105 s\u0105siadk\u0119 i najlepszego przyjaciela, nie istnieje co\u015b takiego jak zwyk\u0142e dni i codziennie mo\u017ce si\u0119 zdarzy\u0107 wiele dziwnych rzeczy\u2026<\/p>\n<h2>Gofrowe Serce <\/h2>\n<p>kajko i kokosz szko\u0142a latania test z odpowiedziami, atrakcje warszawa dla dzieci, niech \u017cyj\u0105 wakacje, miasto dzieci, tekst ko\u0142ysanki<\/p>\n<p>yyyyy<\/p>\n<p>&nbsp;<\/p>\n","protected":false},"excerpt":{"rendered":"<p>Gofrowe serce Parr Maria Wydawnictwo: Dwie Siostry Ilo\u015b\u0107 stron: 188 Oprawa: twarda Rok wydania: 2016 EAN: 9788364347429 Debiut autorki \u201eTonji z Glimmerdalen\u201d: pe\u0142na humoru, wzruszaj\u0105ca opowie\u015b\u0107 o tym, czym jest prawdziwa przyja\u017a\u0144, gdy ma si\u0119 9 lat. Lena jest s\u0105siadk\u0105 Kr\u0119cio\u0142ka. I jego najlepszym przyjacielem. Kr\u0119cio\u0142ek nie wie tylko \u2013 cho\u0107 bardzo by chcia\u0142 \u2013 [&hellip;]<\/p>\n","protected":false},"featured_media":7259,"comment_status":"closed","ping_status":"open","template":"","meta":[],"product_cat":[1566],"product_tag":[677,858,759,717,709],"class_list":["post-7258","product","type-product","status-publish","has-post-thumbnail","hentry","product_cat-literatura-dla-dzieci-i-mlodziezy","product_tag-milosz-imie","product_tag-podchwytliwe-zagadki","product_tag-pomysly-na-prezent-dla-nastolatkow","product_tag-prezent-roczek","product_tag-zagadki-dla-dzieci-6-7-lat"],"_links":{"self":[{"href":"http:\/\/klubmamgdynia.pl\/index.php\/wp-json\/wp\/v2\/product\/7258","targetHints":{"allow":["GET"]}}],"collection":[{"href":"http:\/\/klubmamgdynia.pl\/index.php\/wp-json\/wp\/v2\/product"}],"about":[{"href":"http:\/\/klubmamgdynia.pl\/index.php\/wp-json\/wp\/v2\/types\/product"}],"replies":[{"embeddable":true,"href":"http:\/\/klubmamgdynia.pl\/index.php\/wp-json\/wp\/v2\/comments?post=7258"}],"wp:featuredmedia":[{"embeddable":true,"href":"http:\/\/klubmamgdynia.pl\/index.php\/wp-json\/wp\/v2\/media\/7259"}],"wp:attachment":[{"href":"http:\/\/klubmamgdynia.pl\/index.php\/wp-json\/wp\/v2\/media?parent=7258"}],"wp:term":[{"taxonomy":"product_cat","embeddable":true,"href":"http:\/\/klubmamgdynia.pl\/index.php\/wp-json\/wp\/v2\/product_cat?post=7258"},{"taxonomy":"product_tag","embeddable":true,"href":"http:\/\/klubmamgdynia.pl\/index.php\/wp-json\/wp\/v2\/product_tag?post=7258"}],"curies":[{"name":"wp","href":"https:\/\/api.w.org\/{rel}","templated":true}]}}