{"id":726,"date":"2022-03-03T08:32:06","date_gmt":"2022-03-03T07:32:06","guid":{"rendered":"http:\/\/klubmamgdynia.pl\/index.php\/produkt\/philips-avent-2-szt-scf153-03\/"},"modified":"2026-04-05T17:17:57","modified_gmt":"2026-04-05T15:17:57","slug":"philips-avent-2-szt-scf153-03","status":"publish","type":"product","link":"http:\/\/klubmamgdynia.pl\/index.php\/produkt\/philips-avent-2-szt-scf153-03\/","title":{"rendered":"PHILIPS AVENT 2 szt. SCF153\/03"},"content":{"rendered":"<p>AVENT Os\u0142onki piersi silikonowe &#8211; rozmiar &#8222;M&#8221; 2szt. SCF153\/03Os\u0142ony brodawek s\u0105 zaprojektowane tak, aby pom\u00f3c Ci karmi\u0107 piersi\u0105, gdy masz problemy z brodawkami lub gdy Twoje dziecko ma k\u0142opot z przyssaniem si\u0119. Wyj\u0105tkowo cienka os\u0142ona brodawki w kszta\u0142cie motyla umo\u017cliwia dziecku kontakt z piersi\u0105 i nie przeszkadza w nawi\u0105zywaniu wi\u0119zi z dzieckiem podczas karmienia. Kszta\u0142t zapewniaj\u0105cy kontakt ze sk\u00f3r\u0105Ochrona podra\u017cnionych brodawekRozmiar \u015bredni (21 mm)2 szt.Kszta\u0142t os\u0142onki zapewnia bezpo\u015bredni kontakt z dzieckiem Nasze ultracienkie os\u0142onki brodawek sutkowych w kszta\u0142cie skrzyd\u0142a motyla zosta\u0142y zaprojektowane z my\u015bl\u0105 o bezpo\u015brednim kontakcie z dzieckiem. Dzi\u0119ki wyj\u0105tkowemu kszta\u0142towi os\u0142onek piersi dotyka zar\u00f3wno nos, jak i podbr\u00f3dek dziecka. Dzi\u0119ki temu niemowl\u0119 mo\u017ce poczu\u0107 zapach mamy i dotkn\u0105\u0107 jej sk\u00f3ry. Wystarczy umie\u015bci\u0107 os\u0142onk\u0119 na \u015brodku brodawki, aby dziecko mog\u0142o prawid\u0142owo przyssa\u0107 si\u0119 do ca\u0142ego sutka. Dzi\u0119ki temu stworzysz wi\u0119\u017a z dzieckiem, jednocze\u015bnie chroni\u0105c swoje brodawki.Zaprojektowana, by pom\u00f3c rozwi\u0105za\u0107 problemy z przysysaniem Nasze os\u0142onki brodawek pomagaj\u0105 rozwi\u0105za\u0107 problemy z przysysaniem si\u0119 dziecka do piersi i wyd\u0142u\u017cy\u0107 karmienie*. Nak\u0142adki w kszta\u0142cie sutka u\u0142atwiaj\u0105 ssanie w przypadku p\u0142askich lub wkl\u0119s\u0142ych brodawek sutkowych. Pomagaj\u0105 te\u017c dzieciom, kt\u00f3re nie wykszta\u0142ci\u0142y jeszcze techniki ssania lub urodzi\u0142y si\u0119 ze zniekszta\u0142con\u0105 jam\u0105 ustn\u0105. Os\u0142onka wyci\u0105ga brodawk\u0119 i utrzymuje j\u0105 w odpowiedniej pozycji w czasie przerw w karmieniu.Dla delikatnych, podra\u017cnionych lub bolesnych brodawek sutkowych Os\u0142onki brodawek sutkowych zapewniaj\u0105 komfort w czasie karmienia i przynosz\u0105 ulg\u0119 w przypadku podra\u017cnionych, pop\u0119kanych lub bolesnych brodawek sutkowych. Pomagaj\u0105 zmniejszy\u0107 ryzyko ocierania i rozci\u0105gania brodawek sutkowych, dzi\u0119ki czemu mo\u017cesz wygodnie karmi\u0107 dziecko piersi\u0105.Niemowl\u0119ta mog\u0105 pi\u0107 we w\u0142asnym tempie Je\u015bli mama chce kontrolowa\u0107 wyp\u0142yw mleka lub dziecko nie ma si\u0142y ssa\u0107, os\u0142onki brodawek sutkowych mog\u0105 im pom\u00f3c. Trzy otwory w os\u0142once pozwalaj\u0105 zmniejszy\u0107 si\u0142\u0119 wyp\u0142ywu pokarmu. Dzi\u0119ki temu dziecko mo\u017ce pi\u0107 we w\u0142asnym tempie nawet w przypadku nadmiernej poda\u017cy mleka.Zaprojektowane z my\u015bl\u0105 o naturalnym dopasowaniu Os\u0142onki brodawek sutkowych s\u0105 dost\u0119pne w dw\u00f3ch rozmiarach. Ma\u0142e os\u0142onki pasuj\u0105 do brodawek o \u015brednicy od 12 mm, a \u015brednie \u2014 do 21 mm. Aby znale\u017a\u0107 sw\u00f3j rozmiar, usi\u0105d\u017a wygodnie i za\u0142\u00f3\u017c jedn\u0105 z os\u0142onek na brodawk\u0119. Obr\u00f3\u0107 os\u0142onk\u0119 w prawo i wprowad\u017a sutek do tunelu. Nast\u0119pnie rozci\u0105gnij podstaw\u0119 os\u0142onki wok\u00f3\u0142 otoczki brodawki. Je\u015bli pomi\u0119dzy brodawk\u0105 a silikonem zosta\u0142a 2-milimetrowa przerwa, os\u0142onka jest odpowiednio dopasowana. Wskaz\u00f3wka: rozmiar dotyczy brodawki sutkowej, a nie otoczki. Nie wiesz, kt\u00f3ry rozmiar wybra\u0107? Skontaktuj si\u0119 z lekarzem, aby uzyska\u0107 pomoc.\u0141atwe czyszczenie w higienicznym etui Nale\u017cy wyczy\u015bci\u0107 os\u0142onki brodawki sutkowej przed ka\u017cdym u\u017cyciem. Zajmuje to mniej ni\u017c 10 minut. Umie\u015b\u0107 os\u0142onki we wrz\u0105cej wodzie na pi\u0119\u0107 minut lub u\u017cyj specjalnego etui. W\u0142\u00f3\u017c do niego dobrze wyp\u0142ukane os\u0142onki i wlej 25 ml wody. Nast\u0119pnie umie\u015b\u0107 etui w kuchence mikrofalowej i w\u0142\u0105cz moc 750\u20131000 W na 3 minuty. Odczekaj pi\u0119\u0107 minut, a\u017c ostygn\u0105. Wylej wod\u0119. Os\u0142onki s\u0105 gotowe do u\u017cycia. Z tego wygodnego etui do czyszczenia os\u0142onek warto korzysta\u0107 w trakcie podr\u00f3\u017cy. Oczywi\u015bcie s\u0142u\u017cy ono tak\u017ce do ich przechowywania. ZAWARTO\u015a\u0106 ZESTAWU: \u2022os\u0142onki piersi w rozmiarze &#8222;M&#8221;: 2 szt&#8230;.<\/p>\n<h2>PHILIPS AVENT 2 szt. SCF153\/03 Philips<\/h2>\n<p>cytat o dziecku, miko\u0142ajki 2021 warszawa, gabriel imie, mapa europy do druku, koty kolorowanki, smok wawelski bajka, quiz o psie kt\u00f3ry je\u017adzi\u0142 kolej\u0105, andrea, kolorowanki winx, karyna, dzie\u0144 pluszowego misia, zagadki dla dzieci 6-7 lat online, mamo mamusiu pusto w mym brzusiu tekst, cytat o przyja\u017ani, imie nadia, pomys\u0142 na prezent dla nastolatk\u00f3w, cytaty korczak, bajki dla dzieci do czytania na dobranoc, miasto dzieci pl, proste zagadki logiczne<\/p>\n<p>yyyyy<\/p>\n<p>&nbsp;<\/p>\n","protected":false},"excerpt":{"rendered":"<p>AVENT Os\u0142onki piersi silikonowe &#8211; rozmiar &#8222;M&#8221; 2szt. SCF153\/03Os\u0142ony brodawek s\u0105 zaprojektowane tak, aby pom\u00f3c Ci karmi\u0107 piersi\u0105, gdy masz problemy z brodawkami lub gdy Twoje dziecko ma k\u0142opot z przyssaniem si\u0119. Wyj\u0105tkowo cienka os\u0142ona brodawki w kszta\u0142cie motyla umo\u017cliwia dziecku kontakt z piersi\u0105 i nie przeszkadza w nawi\u0105zywaniu wi\u0119zi z dzieckiem podczas karmienia. Kszta\u0142t [&hellip;]<\/p>\n","protected":false},"featured_media":727,"comment_status":"closed","ping_status":"open","template":"","meta":[],"product_cat":[238,261],"product_tag":[702,703,675],"class_list":["post-726","product","type-product","status-publish","has-post-thumbnail","hentry","product_cat-oslonki-na-piersi","product_cat-philips","product_tag-co-kupic-na-roczek-dla-dziewczynki","product_tag-prezent-dla-nastolatki","product_tag-test-z-lektury-kajko-i-kokosz-szkola-latania"],"_links":{"self":[{"href":"http:\/\/klubmamgdynia.pl\/index.php\/wp-json\/wp\/v2\/product\/726","targetHints":{"allow":["GET"]}}],"collection":[{"href":"http:\/\/klubmamgdynia.pl\/index.php\/wp-json\/wp\/v2\/product"}],"about":[{"href":"http:\/\/klubmamgdynia.pl\/index.php\/wp-json\/wp\/v2\/types\/product"}],"replies":[{"embeddable":true,"href":"http:\/\/klubmamgdynia.pl\/index.php\/wp-json\/wp\/v2\/comments?post=726"}],"wp:featuredmedia":[{"embeddable":true,"href":"http:\/\/klubmamgdynia.pl\/index.php\/wp-json\/wp\/v2\/media\/727"}],"wp:attachment":[{"href":"http:\/\/klubmamgdynia.pl\/index.php\/wp-json\/wp\/v2\/media?parent=726"}],"wp:term":[{"taxonomy":"product_cat","embeddable":true,"href":"http:\/\/klubmamgdynia.pl\/index.php\/wp-json\/wp\/v2\/product_cat?post=726"},{"taxonomy":"product_tag","embeddable":true,"href":"http:\/\/klubmamgdynia.pl\/index.php\/wp-json\/wp\/v2\/product_tag?post=726"}],"curies":[{"name":"wp","href":"https:\/\/api.w.org\/{rel}","templated":true}]}}