{"id":7260,"date":"2016-06-23T15:00:19","date_gmt":"2016-06-23T13:00:19","guid":{"rendered":"http:\/\/klubmamgdynia.pl\/index.php\/produkt\/vtech-tut-tut-autko-ambulans-60805\/"},"modified":"2026-04-28T18:06:38","modified_gmt":"2026-04-28T16:06:38","slug":"vtech-tut-tut-autko-ambulans-60805","status":"publish","type":"product","link":"http:\/\/klubmamgdynia.pl\/index.php\/produkt\/vtech-tut-tut-autko-ambulans-60805\/","title":{"rendered":"VTech Tut Tut Autko Ambulans 60805"},"content":{"rendered":"<p>Vtech Tut Tut Autko Ambulans 60805Autko Ambulans to idealny prezent dla dzieci w wieku od 6 do 36 miesi\u0119cy. Ka\u017cde autko m\u00f3wi, gra i \u015bpiewa! Ergonomiczny kszta\u0142t zaprojektowany zosta\u0142 specjalnie dla u\u0142atwienia chwytania go przez ma\u0142e dzieci. Autka s\u0105 kompatybilne i mo\u017cna je \u0142\u0105czy\u0107 ze wszystkimi zestawami z serii Tut Tut Autka. Autka reaguj\u0105 w unikalny spos\u00f3b, przeje\u017cd\u017caj\u0105c przez Punkty Rozpoznaj\u0105ce. Seria ta zosta\u0142a stworzona z pasji i na potrzeby ma\u0142ych dzieci a ich g\u0142\u00f3wnym zadaniem ma by\u0107 rozwijanie kreatywno\u015bci i wyobra\u017ani. Tut Tut Autka wykonane s\u0105 z najwy\u017cszej jako\u015bci tworzyw, odpornych na uderzenia. Dodatkowo ka\u017cda zabawka jest sprawdzana pod k\u0105tem bezpiecze\u0144stwa dla ma\u0142ego dziecka.                            <\/p>\n<p>Seria Tut Tut Autka\u00ae marki VTech to zestawy interaktywnych autek, kt\u00f3re m\u00f3wi\u0105, graj\u0105 i \u015bpiewaj\u0105 w j\u0119zyku polskim. Ka\u017cde pojedyncze autko mo\u017ce by\u0107 samo w sobie \u015bwietn\u0105, rozwojow\u0105 zabawk\u0105. Odpowiednio zaprojektowany, ergonomiczny kszta\u0142t samochodzik\u00f3w zosta\u0142 przystosowany do ma\u0142ych, dzieci\u0119cych r\u0105czek. Wszystkie elementy zabawek serii Tut Tut Autka\u00ae s\u0105 kompatybilne i mo\u017cna je \u0142\u0105czy\u0107, tworz\u0105c tym samym wielki \u015bwiat zabawy.\u00a0Marka VTech to najwi\u0119kszy w Stanach Zjednoczonych i Europie Zachodniej dostawca zabawek elektronicznych dedykowanych dla niemowl\u0105t i przedszkolak\u00f3w. Dzi\u0119ki zaawansowanej technologii, pomys\u0142owemu wzornictwu, zabawki VTech wp\u0142ywaj\u0105 na rozw\u00f3j dziecka ju\u017c od pierwszych miesi\u0119cy jego \u017cycia. Zabawki elektroniczne zaprojektowane zosta\u0142y tak, aby spe\u0142nia\u0107 potrzeby rodzic\u00f3w i ich dzieci. Zabawki VTech charakteryzuj\u0105 si\u0119 funkcjonalno\u015bciami i tre\u015bciami idealnie dopasowanymi do umiej\u0119tno\u015bci odpowiadaj\u0105cych wiekowi dziecka.                            <\/p>\n<p>            VTech Tut Tut Autka Posterunek Policji 61073<\/p>\n<p>                        od<br \/>\n                            155,00<br \/>\n                            z\u0142<\/p>\n<p>                    Zobacz<\/p>\n<p>            VTech Tut Tut Autko Auto Osobowe 60559<\/p>\n<p>                        od<br \/>\n                            34,50<br \/>\n                            z\u0142<\/p>\n<p>                    Zobacz<\/p>\n<p>            VTech Autko ma\u0142ego kierowcy 61487<\/p>\n<p>                        od<br \/>\n                            101,00<br \/>\n                            z\u0142<\/p>\n<p>                    Zobacz<\/p>\n<p>            VTech Tut Tut Autka Warsztat Samochodowy 61072<\/p>\n<p>                        od<br \/>\n                            120,13<br \/>\n                            z\u0142<\/p>\n<p>                    Zobacz<\/p>\n<p>            VTech Tut Tut Autko Wywrotka 60560<\/p>\n<p>                        od<br \/>\n                            34,53<br \/>\n                            z\u0142<\/p>\n<p>                    Zobacz<\/p>\n<p>            VTech Tut Tut Autko Spycharka 60809<\/p>\n<p>                        od<br \/>\n                            34,50<br \/>\n                            z\u0142<\/p>\n<p>                    Zobacz<\/p>\n<p>            VTech Tut Tut Autko Betoniarka 60808<\/p>\n<p>                        od<br \/>\n                            34,80<br \/>\n                            z\u0142<\/p>\n<p>                    Zobacz<\/p>\n<p>            VTech Betoniarka Pojazd Kulkomieszarka 60994<\/p>\n<p>                        od<br \/>\n                            105,00<br \/>\n                            z\u0142<\/p>\n<p>                    Zobacz<\/p>\n<p>            VTech Tut Tut Autko Autotransporter 60812<\/p>\n<p>                        od<br \/>\n                            109,50<br \/>\n                            z\u0142<\/p>\n<p>                    Zobacz<\/p>\n<p>            VTech Tut Tut Autko Policja 60557<\/p>\n<p>                        od<br \/>\n                            34,50<br \/>\n                            z\u0142<\/p>\n<p>                    Zobacz<\/p>\n<p>            VTech Tut Tut Autko W\u00f3z Stra\u017cacki 60553<\/p>\n<p>                        od<br \/>\n                            34,53<br \/>\n                            z\u0142<\/p>\n<p>                    Zobacz<\/p>\n<p>            VTech Tut Tut Autko Autobus 60806<\/p>\n<p>                        od<br \/>\n                            34,50<br \/>\n                            z\u0142<\/p>\n<p>                    Zobacz<\/p>\n<p>            VTech Wywrotka Ma\u0142ego Budowniczego 60480<\/p>\n<p>                        od<br \/>\n                            97,61<br \/>\n                            z\u0142<\/p>\n<p>                    Zobacz<\/p>\n<p>            VTech Tut Autka Odlotowe Lotnisko 61241<\/p>\n<p>                        od<br \/>\n                            168,00<br \/>\n                            z\u0142<\/p>\n<p>                    Zobacz<\/p>\n<p>            VTech Tut Tut Autko W\u00f3z Stra\u017cacki 60810<\/p>\n<p>                        od<br \/>\n                            119,90<br \/>\n                            z\u0142<\/p>\n<p>                    Zobacz<\/p>\n<p>            VTech Autotransporter 61426<\/p>\n<p>                        od<br \/>\n                            132,00<br \/>\n                            z\u0142<\/p>\n<p>                    Zobacz<\/p>\n<p>            VTech Tut Tut Autko Ambulans 60805<\/p>\n<p>                        od<br \/>\n                            33,90<br \/>\n                            z\u0142<\/p>\n<p>                    Zobacz<\/p>\n<p>            VTech Zielony Traktor 60556<\/p>\n<p>                        od<br \/>\n                            34,50<br \/>\n                            z\u0142<\/p>\n<p>                    Zobacz<\/p>\n<p>            Vtech Bystra Wywrotka 61490<\/p>\n<p>                        od<br \/>\n                            98,50<br \/>\n                            z\u0142<\/p>\n<p>                    Zobacz<\/p>\n<h2>VTech Tut Tut Autko Ambulans 60805 VTech<\/h2>\n<p>\u015bwinka peppa kolorowanka, quiz o akademii pana kleksa, znaki drogowe test, oliwier, co na roczek dla dziewczynki, quiz spos\u00f3b na alcybiadesa, kolorowanka robot, kanapki na urodziny dziecka, samolot z papieru, basen dla dzieci warszawa, bajki dla dzieci do czytania na dobranoc, ka\u0142u\u017cy\u015bci, dla nastolatk\u00f3w prezenty, felix net i nika oraz gang niewidzialnych ludzi test z odpowiedziami, p\u0142onie ognisko w lesie, dobranoc pch\u0142y na noc, trudne zagadki na inteligencj\u0119, ela znaczenie imienia, prezent dla ch\u0142opca na roczek, zak\u0142adka do ksi\u0105\u017cki szablon do druku, zagadki o zwierz\u0119tach domowych<\/p>\n<p>yyyyy<\/p>\n<p>&nbsp;<\/p>\n","protected":false},"excerpt":{"rendered":"<p>Vtech Tut Tut Autko Ambulans 60805Autko Ambulans to idealny prezent dla dzieci w wieku od 6 do 36 miesi\u0119cy. Ka\u017cde autko m\u00f3wi, gra i \u015bpiewa! Ergonomiczny kszta\u0142t zaprojektowany zosta\u0142 specjalnie dla u\u0142atwienia chwytania go przez ma\u0142e dzieci. Autka s\u0105 kompatybilne i mo\u017cna je \u0142\u0105czy\u0107 ze wszystkimi zestawami z serii Tut Tut Autka. Autka reaguj\u0105 w [&hellip;]<\/p>\n","protected":false},"featured_media":7261,"comment_status":"closed","ping_status":"open","template":"","meta":[],"product_cat":[83,1203],"product_tag":[839,674,814],"class_list":["post-7260","product","type-product","status-publish","has-post-thumbnail","hentry","product_cat-auta-i-inne-pojazdy-do-zabawy","product_cat-vtech","product_tag-bajki-na-dobranoc-do-czytania","product_tag-miasto-dzieci","product_tag-prezenty-dla-nastolatek"],"_links":{"self":[{"href":"http:\/\/klubmamgdynia.pl\/index.php\/wp-json\/wp\/v2\/product\/7260","targetHints":{"allow":["GET"]}}],"collection":[{"href":"http:\/\/klubmamgdynia.pl\/index.php\/wp-json\/wp\/v2\/product"}],"about":[{"href":"http:\/\/klubmamgdynia.pl\/index.php\/wp-json\/wp\/v2\/types\/product"}],"replies":[{"embeddable":true,"href":"http:\/\/klubmamgdynia.pl\/index.php\/wp-json\/wp\/v2\/comments?post=7260"}],"wp:featuredmedia":[{"embeddable":true,"href":"http:\/\/klubmamgdynia.pl\/index.php\/wp-json\/wp\/v2\/media\/7261"}],"wp:attachment":[{"href":"http:\/\/klubmamgdynia.pl\/index.php\/wp-json\/wp\/v2\/media?parent=7260"}],"wp:term":[{"taxonomy":"product_cat","embeddable":true,"href":"http:\/\/klubmamgdynia.pl\/index.php\/wp-json\/wp\/v2\/product_cat?post=7260"},{"taxonomy":"product_tag","embeddable":true,"href":"http:\/\/klubmamgdynia.pl\/index.php\/wp-json\/wp\/v2\/product_tag?post=7260"}],"curies":[{"name":"wp","href":"https:\/\/api.w.org\/{rel}","templated":true}]}}