{"id":7262,"date":"2023-06-29T05:51:34","date_gmt":"2023-06-29T03:51:34","guid":{"rendered":"http:\/\/klubmamgdynia.pl\/?post_type=product&#038;p=7262"},"modified":"2026-04-23T00:28:05","modified_gmt":"2026-04-22T22:28:05","slug":"ibuvit-d3-4000-iu-90-kaps","status":"publish","type":"product","link":"http:\/\/klubmamgdynia.pl\/index.php\/produkt\/ibuvit-d3-4000-iu-90-kaps\/","title":{"rendered":"Ibuvit D3 4000 IU 90 kaps."},"content":{"rendered":"<p>Ibuvit D3 4000 IU, 90 kaps.Ibuvit D3 4000 IU to lek, w kt\u00f3rym substancj\u0105 czynn\u0105 jest cholekalcyferol, kt\u00f3ry jest taki sam jak witamina D wytwarzana w organizmie cz\u0142owieka. Witamina D powstaje w organizmie podczas eksponowania sk\u00f3ry na promieniowanie s\u0142oneczne. Dzia\u0142a na zwi\u0119kszenie wch\u0142aniania wapnia oraz ograniczenie jego wydalania przez nerki, dzi\u0119ki czemu wspomaga budow\u0119 ko\u015bci.                            <\/p>\n<p>Wskazania:\u00a0 Lek Ibuvit D3 4000 IU jest stosowany: w profilaktyce niedoboru witaminy D, u os\u00f3b z oty\u0142o\u015bci\u0105 w stanach wynikaj\u0105cych z niedoboru witaminy DDawkowanie:\u00a0 Ten lek nale\u017cy zawsze stosowa\u0107 dok\u0142adnie tak, jak to opisano w ulotce dla pacjenta lub wed\u0142ug zalece\u0144 lekarza lub farmaceuty. W razie w\u0105tpliwo\u015bci nale\u017cy zwr\u00f3ci\u0107 si\u0119 do lekarza lub farmaceuty. Lek nale\u017cy stosowa\u0107 doustnie, popijaj\u0105c kapsu\u0142ki w ca\u0142o\u015bci podczas g\u0142\u00f3wnego posi\u0142ku. Dawkowanie Ibuvitu D 4000 IU od kwietnia do maja w profilaktyce niedoboru cholekalcyferolu oraz stan\u00f3w wynikaj\u0105cych z niedoboru witaminy D u doros\u0142ych z oty\u0142o\u015bci\u0105 to 1 kapsu\u0142ka dziennie. Podczas stosowania produktu leczniczego nale\u017cy zwr\u00f3ci\u0107 uwag\u0119, czy inne leki, suplementy diety lub pokarmy zawieraj\u0105 witamin\u0119 D (cholekalcyferol), kalcytriol albo inne metabolity i analogi witaminy D, aby zapobiec przedawkowaniu tej substancji.                            <\/p>\n<p>Sk\u0142ad:\u00a0 Substancj\u0105 czynn\u0105 leku jest cholekalcyferol. 1 kapsu\u0142ka mi\u0119kka zawiera 100 mikrogram\u00f3w cholekalcyferolu r\u00f3wnowa\u017cnego 4000 IU witaminy D. Sk\u0142adniki pomocnicze: zawarto\u015b\u0107 kapsu\u0142ki: olej krokoszowy oczyszczony, sk\u0142ad otoczki kapsu\u0142ki: \u017celatyna, glicerol, woda oczyszczona, triglicerydy kwas\u00f3w t\u0142uszczowych o \u015bredniej d\u0142ugo\u015bci \u0142a\u0144cucha.                            <\/p>\n<p>Przeciwwskazania\u00a0Je\u015bli pacjent ma uczulenie na cholekalcyferol lub kt\u00f3rykolwiek z pozosta\u0142ych sk\u0142adnik\u00f3w tego leku.Je\u015bli u pacjenta stwierdzono podwy\u017cszone st\u0119\u017cenie wapnia we krwi (hiperkalcemia) lub w moczu (hiperkalciuria);Je\u015bli pacjent ma ci\u0119\u017ck\u0105 niewydolno\u015b\u0107 nerek, kamienie w nerkach (kamica nerkowa) lub ma sk\u0142onno\u015b\u0107 do powstawania kamieni w nerkach;Je\u015bli u pacjenta stwierdzono podwy\u017cszone st\u0119\u017cenie witaminy D we krwi (hiperwitaminoza witaminy D);U dzieci w wieku poni\u017cej 18 lat.Je\u015bli pacjentka jest w ci\u0105\u017cy lub karmi piersi\u0105.                            <\/p>\n<p>Poznaj pozosta\u0142e produkty                            <\/p>\n<p>            Ibuvit D3 4000 IU 60 kaps.<\/p>\n<p>            Ibuvit D3 4000 IU 30 kaps.<\/p>\n<p>            Ibuvit D3 2000 IU 90 kaps.<\/p>\n<p>            Ibuvit D3 2000 IU 60 kaps.<\/p>\n<h2>Ibuvit D3 4000 IU 90 kaps. ZF Polpharma S.A.<\/h2>\n<p>sporty po francusku, quiz minecraft, matylda znaczenie imienia, mi\u0142o\u015b\u0107 do dziecka cytaty, quiz o usa, postacie z bajek, list do \u015bw miko\u0142aja &#8212; wz\u00f3r, oryginalny prezent na roczek dla dziewczynki, karaluchy pod poduchy, quizy za darmo, nauka polskiego dla dzieci z ukrainy, bajki dla niemowl\u0105t<\/p>\n<p>yyyyy<\/p>\n<p>&nbsp;<\/p>\n","protected":false},"excerpt":{"rendered":"<p>Ibuvit D3 4000 IU, 90 kaps.Ibuvit D3 4000 IU to lek, w kt\u00f3rym substancj\u0105 czynn\u0105 jest cholekalcyferol, kt\u00f3ry jest taki sam jak witamina D wytwarzana w organizmie cz\u0142owieka. Witamina D powstaje w organizmie podczas eksponowania sk\u00f3ry na promieniowanie s\u0142oneczne. Dzia\u0142a na zwi\u0119kszenie wch\u0142aniania wapnia oraz ograniczenie jego wydalania przez nerki, dzi\u0119ki czemu wspomaga budow\u0119 ko\u015bci. [&hellip;]<\/p>\n","protected":false},"featured_media":7263,"comment_status":"closed","ping_status":"open","template":"","meta":[],"product_cat":[1218,199],"product_tag":[585,749,786,602,581],"class_list":["post-7262","product","type-product","status-publish","has-post-thumbnail","hentry","product_cat-witaminy-i-mineraly","product_cat-zf-polpharma-s-a","product_tag-kolorowanki-dla-chlopcow","product_tag-najlepsze-zarty-na-prima-aprilis","product_tag-prezent-na-1-urodziny","product_tag-quiz-o-zwierzetach-domowych","product_tag-zagadki-dla-8-latka"],"_links":{"self":[{"href":"http:\/\/klubmamgdynia.pl\/index.php\/wp-json\/wp\/v2\/product\/7262","targetHints":{"allow":["GET"]}}],"collection":[{"href":"http:\/\/klubmamgdynia.pl\/index.php\/wp-json\/wp\/v2\/product"}],"about":[{"href":"http:\/\/klubmamgdynia.pl\/index.php\/wp-json\/wp\/v2\/types\/product"}],"replies":[{"embeddable":true,"href":"http:\/\/klubmamgdynia.pl\/index.php\/wp-json\/wp\/v2\/comments?post=7262"}],"wp:featuredmedia":[{"embeddable":true,"href":"http:\/\/klubmamgdynia.pl\/index.php\/wp-json\/wp\/v2\/media\/7263"}],"wp:attachment":[{"href":"http:\/\/klubmamgdynia.pl\/index.php\/wp-json\/wp\/v2\/media?parent=7262"}],"wp:term":[{"taxonomy":"product_cat","embeddable":true,"href":"http:\/\/klubmamgdynia.pl\/index.php\/wp-json\/wp\/v2\/product_cat?post=7262"},{"taxonomy":"product_tag","embeddable":true,"href":"http:\/\/klubmamgdynia.pl\/index.php\/wp-json\/wp\/v2\/product_tag?post=7262"}],"curies":[{"name":"wp","href":"https:\/\/api.w.org\/{rel}","templated":true}]}}