{"id":7264,"date":"2022-11-22T15:45:34","date_gmt":"2022-11-22T14:45:34","guid":{"rendered":"http:\/\/klubmamgdynia.pl\/?post_type=product&#038;p=7264"},"modified":"2026-05-17T22:13:00","modified_gmt":"2026-05-17T20:13:00","slug":"fun-komplet-dziec-4pr-90x120","status":"publish","type":"product","link":"http:\/\/klubmamgdynia.pl\/index.php\/produkt\/fun-komplet-dziec-4pr-90x120\/","title":{"rendered":"Fun Komplet Dziec. 4Pr 90X120"},"content":{"rendered":"<p>Zestaw dzieci\u0119cy Senna Baby Fun 4 Pory Roku to uniwersalny, ca\u0142oroczny zestaw ko\u0142derki i poduszki dla najm\u0142odszych. Ko\u0142derka sk\u0142ada si\u0119 z 2 cz\u0119\u015bci, kt\u00f3re mo\u017cna roz\u0142\u0105cza\u0107 i spina\u0107 ponownie, a tym samym zapewnia\u0107 odpowiedni komfort cieplny w zale\u017cno\u015bci od temperatury. Produkt jest bezpieczny dla alergik\u00f3w.Charakterystyka:- Ko\u0142derka 4 Pory Roku to komplet sk\u0142adaj\u0105cy si\u0119 z dw\u00f3ch ko\u0142derek o r\u00f3\u017cnej grubo\u015bci: letniej i wiosenno-jesiennej. Obie ko\u0142derki mo\u017cna spi\u0105\u0107 w super ciep\u0142\u0105 ko\u0142derk\u0119 zimow\u0105 za pomoc\u0105 nap rozmieszczonych na ich brzegach.- niezwykle lekkie i mi\u0119kkie ko\u0142derki- bardzo mi\u0142a, przyjemna w dotyku tkanina &#8211; efekt brzoskwiniowej sk\u00f3rki- bardzo dobre otulenie- zdrowy i bezpieczny sen &#8211; produkt przyjazny alergikom- p\u0142aska, bezpieczna poduszeczka- pranie w pralce w temperaturze do 60\u00b0CTkanina100% poliester (mi\u0119ciutka, lekka mikrofibra)Wype\u0142nienie100% puszyste w\u0142\u00f3kno poliestrowe, rurkowe, spiralne, silikonizowane (HCS)OpakowanieWalizkaRozmiary:Ko\u0142dra: 90 x 120 cmPoduszka: 40 x 60 cm<\/p>\n<h2>Fun Komplet Dziec. 4Pr 90X120 <\/h2>\n<p>zagadki dla doros\u0142ych, ko\u0142ysanki dla dzieci + tekst, kuba imie, urodziny dziecka pomys\u0142y, kontynenty dla dzieci do druku, halloween warszawa 2021 dzieci, wakacje kolorowanka, tymoteusz znaczenie imienia<\/p>\n<p>yyyyy<\/p>\n<p>&nbsp;<\/p>\n","protected":false},"excerpt":{"rendered":"<p>Zestaw dzieci\u0119cy Senna Baby Fun 4 Pory Roku to uniwersalny, ca\u0142oroczny zestaw ko\u0142derki i poduszki dla najm\u0142odszych. Ko\u0142derka sk\u0142ada si\u0119 z 2 cz\u0119\u015bci, kt\u00f3re mo\u017cna roz\u0142\u0105cza\u0107 i spina\u0107 ponownie, a tym samym zapewnia\u0107 odpowiedni komfort cieplny w zale\u017cno\u015bci od temperatury. Produkt jest bezpieczny dla alergik\u00f3w.Charakterystyka:- Ko\u0142derka 4 Pory Roku to komplet sk\u0142adaj\u0105cy si\u0119 z dw\u00f3ch [&hellip;]<\/p>\n","protected":false},"featured_media":7265,"comment_status":"closed","ping_status":"open","template":"","meta":[],"product_cat":[1006],"product_tag":[831,802,758,663,743,733],"class_list":["post-7264","product","type-product","status-publish","has-post-thumbnail","hentry","product_cat-koce-i-narzuty-dzieciece","product_tag-bruno","product_tag-co-kupic-dziewczynce-na-roczek","product_tag-julian","product_tag-kolorowanki-dla-dzieci-do-druku","product_tag-quiz-dla-dzieci","product_tag-zarty-na-prima-aprilis"],"_links":{"self":[{"href":"http:\/\/klubmamgdynia.pl\/index.php\/wp-json\/wp\/v2\/product\/7264","targetHints":{"allow":["GET"]}}],"collection":[{"href":"http:\/\/klubmamgdynia.pl\/index.php\/wp-json\/wp\/v2\/product"}],"about":[{"href":"http:\/\/klubmamgdynia.pl\/index.php\/wp-json\/wp\/v2\/types\/product"}],"replies":[{"embeddable":true,"href":"http:\/\/klubmamgdynia.pl\/index.php\/wp-json\/wp\/v2\/comments?post=7264"}],"wp:featuredmedia":[{"embeddable":true,"href":"http:\/\/klubmamgdynia.pl\/index.php\/wp-json\/wp\/v2\/media\/7265"}],"wp:attachment":[{"href":"http:\/\/klubmamgdynia.pl\/index.php\/wp-json\/wp\/v2\/media?parent=7264"}],"wp:term":[{"taxonomy":"product_cat","embeddable":true,"href":"http:\/\/klubmamgdynia.pl\/index.php\/wp-json\/wp\/v2\/product_cat?post=7264"},{"taxonomy":"product_tag","embeddable":true,"href":"http:\/\/klubmamgdynia.pl\/index.php\/wp-json\/wp\/v2\/product_tag?post=7264"}],"curies":[{"name":"wp","href":"https:\/\/api.w.org\/{rel}","templated":true}]}}