{"id":7266,"date":"2024-12-26T17:56:19","date_gmt":"2024-12-26T16:56:19","guid":{"rendered":"http:\/\/klubmamgdynia.pl\/?post_type=product&#038;p=7266"},"modified":"2026-05-01T04:36:41","modified_gmt":"2026-05-01T02:36:41","slug":"synchroline-synchrovit-c-serum-6-x-5ml","status":"publish","type":"product","link":"http:\/\/klubmamgdynia.pl\/index.php\/produkt\/synchroline-synchrovit-c-serum-6-x-5ml\/","title":{"rendered":"Synchroline Synchrovit C Serum 6 x 5ml"},"content":{"rendered":"<p>SYNCHROVIT C jest to serum nowej generacji na bazie witaminy C o w\u0142a\u015bciwo\u015bciach przeciwdzia\u0142aj\u0105cych starzeniu sk\u00f3ry. Ma dzia\u0142anie antyutleniaj\u0105ce i przeciwzmarszczkowe. Jego formu\u0142a pozwala na skuteczn\u0105 popraw\u0119 stanu sk\u00f3ry twarzy i szyi szczeg\u00f3lnie nara\u017conej na dzia\u0142anie promieni s\u0142onecznych oraz innych czynnik\u00f3w zewn\u0119trznych. Po\u0142\u0105czenie wiedzy naukowej z najnowszymi technologiami pozwoli\u0142o na stworzenie produktu nowoczesnego i skutecznego.Zsynchronizowane enzymatyczne i molekularne dzia\u0142anie dysmutazy ponadtlenkowej pomi\u0119dzy SOD oraz kwasu askorbinowego, a tak\u017ce dodatek cynku czyni produkt skutecznym w zwalczaniu wolnych rodnik\u00f3w. Fosforanowa technologia liposomowa stworzona zosta\u0142a, aby wzmocni\u0107 dzia\u0142anie sk\u0142adnik\u00f3w aktywnych przy jednoczesnych chronieniu struktur cz\u0105steczkowych. Unikatowa technologia liposomowa pozwala na zapobieganie starzeniu sk\u00f3ry w jej g\u0142\u0119bszych warstwach. Mo\u017cna zatem powiedzie\u0107, i\u017c skuteczno\u015b\u0107 preparatu jest potr\u00f3jna.Wskazania: Dla kobiet i m\u0119\u017cczyzn w wieku 20+ lat, chc\u0105cych w odpowiedni spos\u00f3b zadba\u0107 o swoj\u0105 sk\u00f3r\u0119.Dzia\u0142anie:- dzia\u0142anie antyulteniaj\u0105ce, zapobieganie powstawaniu wolnych rodnik\u00f3w- redukcja zmarszczek- dzia\u0142anie nawil\u017caj\u0105ce- dzia\u0142anie stymuluj\u0105ce wytwarzanie kolagenu- ujednolicenie kolorytu sk\u00f3ry- poprawa w\u0142a\u015bciwo\u015bci ochronnych sk\u00f3ry- hamowanie procesu foto i chrono starzenia- serum nie pozostawia lepkich \u015blad\u00f3w na sk\u00f3rzeStosowanie: 1 x dziennie w przypadku m\u0142odszych sk\u00f3r, 2 x dziennie po 40-tym roku \u017cycia i w przypadku sk\u00f3ry z silnym fotostarzeniemPo zastosowaniu SYNCHROVIT C mo\u017cna u\u017cy\u0107 produktu nawil\u017caj\u0105cego sk\u00f3r\u0119 lub na\u0142o\u017cy\u0107 makija\u017c jednak\u017ce nale\u017cy odczeka\u0107 a\u017c serum z witamin\u0105 C si\u0119 wch\u0142onie.Produkt ten jest doskona\u0142y do stosowaniu po zimie w celu pobudzenia sk\u00f3ry na wiosn\u0119. Nast\u0119pnie zalecane jest dalsze stosowanie podczas okresu letniego w celu utrzymania sk\u00f3ry w idealnej kondycji.Sk\u0142adniki aktywne: czysta, aktywna witamina C- kwas L-askorbinowy, dysmutaza ponadtlenkowa (SOD), cynk.Opakowanie: 6 ampu\u0142ek po 5 ml<\/p>\n<h2>Synchroline Synchrovit C Serum 6 x 5ml General Topics<\/h2>\n<p>podchwytliwe zagadki i odpowiedzi, rozrywka dla dzieci, bajki dla niemowl\u0105t do czytania, anio\u0142ki do druku, rebusy i krzy\u017c\u00f3wki dla dzieci do druku, zabawka dla rocznej dziewczynki, dzie\u0144 nauczyciela cytaty, pi\u0119kne kr\u00f3tkie wiersze<\/p>\n<p>yyyyy<\/p>\n<p>&nbsp;<\/p>\n","protected":false},"excerpt":{"rendered":"<p>SYNCHROVIT C jest to serum nowej generacji na bazie witaminy C o w\u0142a\u015bciwo\u015bciach przeciwdzia\u0142aj\u0105cych starzeniu sk\u00f3ry. Ma dzia\u0142anie antyutleniaj\u0105ce i przeciwzmarszczkowe. Jego formu\u0142a pozwala na skuteczn\u0105 popraw\u0119 stanu sk\u00f3ry twarzy i szyi szczeg\u00f3lnie nara\u017conej na dzia\u0142anie promieni s\u0142onecznych oraz innych czynnik\u00f3w zewn\u0119trznych. Po\u0142\u0105czenie wiedzy naukowej z najnowszymi technologiami pozwoli\u0142o na stworzenie produktu nowoczesnego i skutecznego.Zsynchronizowane [&hellip;]<\/p>\n","protected":false},"featured_media":7267,"comment_status":"closed","ping_status":"open","template":"","meta":[],"product_cat":[134,1567],"product_tag":[777,768,811],"class_list":["post-7266","product","type-product","status-publish","has-post-thumbnail","hentry","product_cat-dermokosmetyki","product_cat-general-topics","product_tag-co-na-roczek","product_tag-krotkie-zagadki-logiczne","product_tag-zagadki-logiczne-dla-dzieci"],"_links":{"self":[{"href":"http:\/\/klubmamgdynia.pl\/index.php\/wp-json\/wp\/v2\/product\/7266","targetHints":{"allow":["GET"]}}],"collection":[{"href":"http:\/\/klubmamgdynia.pl\/index.php\/wp-json\/wp\/v2\/product"}],"about":[{"href":"http:\/\/klubmamgdynia.pl\/index.php\/wp-json\/wp\/v2\/types\/product"}],"replies":[{"embeddable":true,"href":"http:\/\/klubmamgdynia.pl\/index.php\/wp-json\/wp\/v2\/comments?post=7266"}],"wp:featuredmedia":[{"embeddable":true,"href":"http:\/\/klubmamgdynia.pl\/index.php\/wp-json\/wp\/v2\/media\/7267"}],"wp:attachment":[{"href":"http:\/\/klubmamgdynia.pl\/index.php\/wp-json\/wp\/v2\/media?parent=7266"}],"wp:term":[{"taxonomy":"product_cat","embeddable":true,"href":"http:\/\/klubmamgdynia.pl\/index.php\/wp-json\/wp\/v2\/product_cat?post=7266"},{"taxonomy":"product_tag","embeddable":true,"href":"http:\/\/klubmamgdynia.pl\/index.php\/wp-json\/wp\/v2\/product_tag?post=7266"}],"curies":[{"name":"wp","href":"https:\/\/api.w.org\/{rel}","templated":true}]}}