{"id":7268,"date":"2018-07-02T11:05:08","date_gmt":"2018-07-02T09:05:08","guid":{"rendered":"http:\/\/klubmamgdynia.pl\/index.php\/produkt\/coopervision-proclear-1-day-30szt\/"},"modified":"2026-04-23T04:08:47","modified_gmt":"2026-04-23T02:08:47","slug":"coopervision-proclear-1-day-30szt","status":"publish","type":"product","link":"http:\/\/klubmamgdynia.pl\/index.php\/produkt\/coopervision-proclear-1-day-30szt\/","title":{"rendered":"Coopervision Proclear 1 Day 30szt"},"content":{"rendered":"<p>Soczewki kontaktowe Proclear 1 Day firmy CooperVision doskona\u0142e soczewki jednodniowe. Przy produkcji tych soczewek zastosowano technologi\u0119 PC, dzi\u0119ki kt\u00f3rej w sk\u0142ad soczewki wchodz\u0105 kom\u00f3rki phosphorylcholine, kt\u00f3re s\u0105 substancj\u0105 naturalnie wyst\u0119puj\u0105c\u0105 w kom\u00f3rkach ludzkich. Kom\u00f3rki te maj\u0105 zdolno\u015b\u0107 do otaczania si\u0119 wod\u0105, utrzymuj\u0105c soczewk\u0119 w ci\u0105glej wilgotno\u015bci, co zapewnia doskona\u0142y komfort u\u017cywania soczewki przez dzie\u0144.Soczewki Proclear 1 Day sprzedawane s\u0105 w mocach od -10.00 D do +6.00 D. Posiadaj\u0105 oznaczenia u\u0142atwiaj\u0105ce ich zak\u0142adanie oraz zaokr\u0105glone kraw\u0119dzie zapobiegaj\u0105ce uszkodzenie rog\u00f3wki przez kraw\u0119d\u017a soczewki w trakcie ich noszenia, a ich uwodnienie wynosi a\u017c 60 proc.Krzywizna: 8,7 mm\u015arednica: 14,2mmZawarto\u015b\u0107: 30 sztuk soczewek<\/p>\n<h2>Coopervision Proclear 1 Day 30szt Cooper Vision<\/h2>\n<p>literki do pisania do druku, prezenty na roczek, kr\u00f3tkie bajki dla dzieci do czytania, krecik bajka, kolorowanki dla dziewczynek 10 lat, lato lato lato czeka, zagadki kr\u00f3tkie, prezent dla dziewczynki na roczek, dorian, quizy o skokach narciarskich, kolorowanki do druku dla ch\u0142opc\u00f3w, piosenka na dzie\u0144 nauczyciela przedszkole, ci\u0119\u017ckie zagadki, zagatki matematyczne, kr\u00f3tkie bajki na dobranoc o mi\u0142o\u015bci<\/p>\n<p>yyyyy<\/p>\n<p>&nbsp;<\/p>\n","protected":false},"excerpt":{"rendered":"<p>Soczewki kontaktowe Proclear 1 Day firmy CooperVision doskona\u0142e soczewki jednodniowe. Przy produkcji tych soczewek zastosowano technologi\u0119 PC, dzi\u0119ki kt\u00f3rej w sk\u0142ad soczewki wchodz\u0105 kom\u00f3rki phosphorylcholine, kt\u00f3re s\u0105 substancj\u0105 naturalnie wyst\u0119puj\u0105c\u0105 w kom\u00f3rkach ludzkich. Kom\u00f3rki te maj\u0105 zdolno\u015b\u0107 do otaczania si\u0119 wod\u0105, utrzymuj\u0105c soczewk\u0119 w ci\u0105glej wilgotno\u015bci, co zapewnia doskona\u0142y komfort u\u017cywania soczewki przez dzie\u0144.Soczewki Proclear [&hellip;]<\/p>\n","protected":false},"featured_media":7269,"comment_status":"closed","ping_status":"open","template":"","meta":[],"product_cat":[125,126],"product_tag":[702,618,705,824,713],"class_list":["post-7268","product","type-product","status-publish","has-post-thumbnail","hentry","product_cat-cooper-vision","product_cat-soczewki-kontaktowe","product_tag-co-kupic-na-roczek-dla-dziewczynki","product_tag-lato-lato-lato-czeka-tekst","product_tag-prezent-na-roczek-dla-chlopca","product_tag-warszawa-atrakcje-dla-dzieci","product_tag-zagadki-logiczne-z-odpowiedziami"],"_links":{"self":[{"href":"http:\/\/klubmamgdynia.pl\/index.php\/wp-json\/wp\/v2\/product\/7268","targetHints":{"allow":["GET"]}}],"collection":[{"href":"http:\/\/klubmamgdynia.pl\/index.php\/wp-json\/wp\/v2\/product"}],"about":[{"href":"http:\/\/klubmamgdynia.pl\/index.php\/wp-json\/wp\/v2\/types\/product"}],"replies":[{"embeddable":true,"href":"http:\/\/klubmamgdynia.pl\/index.php\/wp-json\/wp\/v2\/comments?post=7268"}],"wp:featuredmedia":[{"embeddable":true,"href":"http:\/\/klubmamgdynia.pl\/index.php\/wp-json\/wp\/v2\/media\/7269"}],"wp:attachment":[{"href":"http:\/\/klubmamgdynia.pl\/index.php\/wp-json\/wp\/v2\/media?parent=7268"}],"wp:term":[{"taxonomy":"product_cat","embeddable":true,"href":"http:\/\/klubmamgdynia.pl\/index.php\/wp-json\/wp\/v2\/product_cat?post=7268"},{"taxonomy":"product_tag","embeddable":true,"href":"http:\/\/klubmamgdynia.pl\/index.php\/wp-json\/wp\/v2\/product_tag?post=7268"}],"curies":[{"name":"wp","href":"https:\/\/api.w.org\/{rel}","templated":true}]}}