{"id":7270,"date":"2014-08-06T23:49:22","date_gmt":"2014-08-06T21:49:22","guid":{"rendered":"http:\/\/klubmamgdynia.pl\/index.php\/produkt\/ourgeneration-zestaw-akcesoriow-dla-pupila-paw-paradise\/"},"modified":"2026-04-04T23:31:46","modified_gmt":"2026-04-04T21:31:46","slug":"ourgeneration-zestaw-akcesoriow-dla-pupila-paw-paradise","status":"publish","type":"product","link":"http:\/\/klubmamgdynia.pl\/index.php\/produkt\/ourgeneration-zestaw-akcesoriow-dla-pupila-paw-paradise\/","title":{"rendered":"Ourgeneration Zestaw Akcesori\u00f3w Dla Pupila Paw Paradise"},"content":{"rendered":"<p>\u015awietny zestaw akcesori\u00f3w dla psiego pupila z serii OurGenerationTen zestaw zapewni doskona\u0142\u0105 kreatywn\u0105 zabaw\u0119 ka\u017cdemuDla lalek o wielko\u015bci 46cm z serii OurGeneration i lalek podobnej wielko\u015bci.Piesek widoczny na zdj\u0119ciu nie wchodzi w sk\u0142ad zestawuZabawka zgodna jest z europejskimi, kanadyjskimi i ameryka\u0144skimi normami bezpiecze\u0144stwaProdukt ca\u0142kowicie wolny od ftalan\u00f3w i BPAWszystkie elementy zestawu zapakowane zosta\u0142y kartonowe pude\u0142ko z \u0142adn\u0105 grafik\u0105 od wewn\u0105trz o wielko\u015bci 25,6cm x 34,0cm x 5,0cmZestaw akcesori\u00f3w dla psiego pupila z serii OurGeneration z pewno\u015bci\u0105 spodoba si\u0119 ka\u017cdej mi\u0142o\u015bnicze zwierz\u0105t, idealny na prezentW zestawie znajduj\u0119: okr\u0105g\u0142a poduszka, kocyk, dwucz\u0119\u015bciowa miska z wod\u0105 i karm\u0105, przysmaki dla psa, otwierany s\u0142oik z przek\u0105skami, ko\u015b\u0107, pi\u0142eczka, zabawka do gryzienia, dozownik na worki do zbierania nieczysto\u015bci, szczotka do czesania, szampon, obcinacz (c\u0105\u017cki) dopazurk\u00f3w, lista spis rzeczy niezb\u0119dnych dla pupilaRozwijanie umiej\u0119tno\u015bci: kreatywno\u015b\u0107, wyobra\u017aniaWiek: 3+<\/p>\n<h2>Ourgeneration Zestaw Akcesori\u00f3w Dla Pupila Paw Paradise Our Generation<\/h2>\n<p>smieszne zagadki, krzy\u017c\u00f3wki dla dzieci, zagadki s\u0142owne, zagadki dla 7 latka, audiobook dla dzieci za darmo, dzie\u0144 \u015bw patryka symbole do druku, lato, cytaty korczak, mega trudne zagadki logiczne, gry i zabawy ruchowe<\/p>\n<p>yyyyy<\/p>\n<p>&nbsp;<\/p>\n","protected":false},"excerpt":{"rendered":"<p>\u015awietny zestaw akcesori\u00f3w dla psiego pupila z serii OurGenerationTen zestaw zapewni doskona\u0142\u0105 kreatywn\u0105 zabaw\u0119 ka\u017cdemuDla lalek o wielko\u015bci 46cm z serii OurGeneration i lalek podobnej wielko\u015bci.Piesek widoczny na zdj\u0119ciu nie wchodzi w sk\u0142ad zestawuZabawka zgodna jest z europejskimi, kanadyjskimi i ameryka\u0144skimi normami bezpiecze\u0144stwaProdukt ca\u0142kowicie wolny od ftalan\u00f3w i BPAWszystkie elementy zestawu zapakowane zosta\u0142y kartonowe pude\u0142ko [&hellip;]<\/p>\n","protected":false},"featured_media":7271,"comment_status":"closed","ping_status":"open","template":"","meta":[],"product_cat":[172,1568],"product_tag":[871,596,705,591],"class_list":["post-7270","product","type-product","status-publish","has-post-thumbnail","hentry","product_cat-akcesoria-dla-lalek","product_cat-our-generation","product_tag-bajka-o-smoku-wawelskim","product_tag-pomysly-na-prima-aprilis","product_tag-prezent-na-roczek-dla-chlopca","product_tag-quiz-o-minecraft"],"_links":{"self":[{"href":"http:\/\/klubmamgdynia.pl\/index.php\/wp-json\/wp\/v2\/product\/7270","targetHints":{"allow":["GET"]}}],"collection":[{"href":"http:\/\/klubmamgdynia.pl\/index.php\/wp-json\/wp\/v2\/product"}],"about":[{"href":"http:\/\/klubmamgdynia.pl\/index.php\/wp-json\/wp\/v2\/types\/product"}],"replies":[{"embeddable":true,"href":"http:\/\/klubmamgdynia.pl\/index.php\/wp-json\/wp\/v2\/comments?post=7270"}],"wp:featuredmedia":[{"embeddable":true,"href":"http:\/\/klubmamgdynia.pl\/index.php\/wp-json\/wp\/v2\/media\/7271"}],"wp:attachment":[{"href":"http:\/\/klubmamgdynia.pl\/index.php\/wp-json\/wp\/v2\/media?parent=7270"}],"wp:term":[{"taxonomy":"product_cat","embeddable":true,"href":"http:\/\/klubmamgdynia.pl\/index.php\/wp-json\/wp\/v2\/product_cat?post=7270"},{"taxonomy":"product_tag","embeddable":true,"href":"http:\/\/klubmamgdynia.pl\/index.php\/wp-json\/wp\/v2\/product_tag?post=7270"}],"curies":[{"name":"wp","href":"https:\/\/api.w.org\/{rel}","templated":true}]}}