{"id":7276,"date":"2016-01-04T07:29:09","date_gmt":"2016-01-04T06:29:09","guid":{"rendered":"http:\/\/klubmamgdynia.pl\/index.php\/produkt\/niemowleca-posciel-lniana-60x70-brudny-roz\/"},"modified":"2026-04-04T20:08:02","modified_gmt":"2026-04-04T18:08:02","slug":"niemowleca-posciel-lniana-60x70-brudny-roz","status":"publish","type":"product","link":"http:\/\/klubmamgdynia.pl\/index.php\/produkt\/niemowleca-posciel-lniana-60x70-brudny-roz\/","title":{"rendered":"Niemowl\u0119ca po\u015bciel lniana 60&#215;70 brudny r\u00f3\u017c"},"content":{"rendered":"<p>Po\u015bciel lniana jest elegancka i zapewni maluszkowi najbardziej komfortowe warunki snu. Nasz komplet sk\u0142ada si\u0119 z p\u0142askiej poduszki i ko\u0142derki z wype\u0142nieniem, kt\u00f3re zosta\u0142y uszyte z 100% naturalnego lnu. Tkanina lniana cechuje si\u0119 tym, \u017ce jest wyj\u0105tkowo przyjazna dla sk\u00f3ry, pozwala jej oddycha\u0107. Co wi\u0119cej, jest najbardziej odporna w u\u017cytkowaniu w\u015br\u00f3d materia\u0142\u00f3w naturalnych. Len latem delikatnie ch\u0142odzi, a zim\u0105 ogrzewa cia\u0142o maluszka. To r\u00f3wnie\u017c tkanina dla os\u00f3b \u015bwiadomych, dbaj\u0105cych o \u015brodowisko, poniewa\u017c jest biodegradowalna. Wewn\u0105trz ko\u0142derki i poduszki znajduje si\u0119 ocieplenie z w\u0142\u00f3kniny silikonowej, a jej gramatur\u0119 dobrali\u015bmy w taki spos\u00f3b, aby nie przegrzewa\u0107 dziecka. Po\u015bciel dedykowana jest dla najm\u0142odszych, mo\u017ce by\u0107 u\u017cywana ju\u017c od pierwszego dnia \u017cycia, do mniej wi\u0119cej 6 miesi\u0105ca \u017cycia. Idealnie wpasowuje si\u0119 do kosza moj\u017cesza, ko\u0142yski i gondoli w\u00f3zka. Wymiary kompletu: p\u0142aska poduszka &#8211; 20&#215;30 cm, ko\u0142derka &#8211; 60&#215;70 cm Podstawowe cechy po\u015bcieli lnianej marki Mulinek Wymiary 60&#215;70 cm &#8211; rozmiar po\u015bcieli 20&#215;30 cm &#8211; rozmiar poduszki Materia\u0142 100% Len (200 g\/m2) Wype\u0142ninie w\u0142\u00f3knina silikonowa (owata silikonowa) OEKO-TEX\u00ae gwarancja bezpiecze\u0144stwa tkanin Bezpieczne p\u0142atno\u015bci Zabezpieczone transakcje online Bezpieczne zakupy Zwrot zakup\u00f3w do 30 dni Darmowa dostawa od 250 z\u0142 Na terenie ca\u0142ej Polski (kurier) Po\u015bciel lniana dla niemowlak\u00f3w r\u00f3\u017cowa 60 cm x 70 cm kolekcja Po\u015bciel lniana i Po\u015bciel jednokolorowa wymiary ko\u0142derka: szeroko\u015b\u0107: 60 cm, d\u0142ugo\u015b\u0107: 70 cm poduszka: szeroko\u015b\u0107: 20 cm, d\u0142ugo\u015b\u0107: 30 cm sk\u0142ad 100% bawe\u0142na organiczna GOTS kolor brudny r\u00f3\u017c, r\u00f3\u017cowy (eng. dirty pink) zastosowanie do w\u00f3zka, do spacer\u00f3wki, do ko\u0142yski, do \u0142\u00f3\u017ceczka, do kosza Moj\u017cesza, do gondoli, do fotelika samochodowego, przykrycie w noside\u0142ku, do chrztu p\u0142e\u0107 dla dziewczynki lub ch\u0142opca antybakteryjny i przeciwgrzybiczy ultrami\u0119kki w dotyku cechy termoregulacyjne ch\u0142onie wod\u0119 produkt bezpieczny dla \u015brodowiska przyjazny alergikom Jak pakujemy produkty w Mulinek? Komplet po\u015bcieli przewi\u0105zany jest subteln\u0105 wst\u0105\u017ck\u0105 z logo Mulinek oraz owini\u0119ty delikatn\u0105 bibu\u0142\u0105. Nasze produkty pakujemy wed\u0142ug zasady zero-waste, dlatego nie u\u017cywamy plastikowych torebek i ograniczamy ilo\u015b\u0107 element\u00f3w zastosowanych do pakowania i wysy\u0142ki. Po\u015bciele, poduszki, ko\u0142derki oraz wszystkie inne artyku\u0142y dla dzieci z metk\u0105 Mulinek owijamy w ozdobn\u0105 bibu\u0142\u0119 i pakujemy do kartonu W pude\u0142ku znajdziesz kartk\u0119, na kt\u00f3rej mo\u017cesz napisa\u0107 \u017cyczenia lub mi\u0142\u0105 dedykacj\u0119. Sprawdzi si\u0119 na prezent! Ka\u017cdy produkt obwi\u0105zany jest firmow\u0105 tasiemk\u0105 ze s\u0142onikiem Mulinek. Idealnie, aby podarowa\u0107 bliskiemu co\u015b wyj\u0105tkowego! Jak dba\u0107 o komplet lniany Sprawd\u017a instrukcj\u0119 prania Pierz tylko w pralce korzystaj\u0105c z programu do delikatnych tkanin i niskich temperatur 30 Unikaj r\u0119cznego prania, zalecamy pranie w pralce, wybieraj\u0105c ustawienie delikatne Je\u015bli stosujesz opcj\u0119 wirowania w pralce, stosuj jedynie niskie obroty max 800 Nie u\u017cywaj wybielaczy, odplamiaczy, ani innych agresywnych detergent\u00f3w Nie susz w suszarce b\u0119bnowej Prasuj wy\u0142\u0105cznie tkanin\u0119 bawe\u0142nian\u0105 w temperaturze max. 110C autorskie wzory 100% hand made Polski produkt jako\u015b\u0107 premium Oeko-Tex\u00ae Standard 100 GOTS &#8211; bawe\u0142na organiczna idealne na prezent<\/p>\n<h2>Niemowl\u0119ca po\u015bciel lniana 60&#215;70 brudny r\u00f3\u017c Mulinek<\/h2>\n<p>kawa\u0142y na prima aprilis dla rodzic\u00f3w, lilianna, fajne \u017carty na prima aprilis, proste zagadki, znajd\u017a r\u00f3\u017cnice do druku, znaczenie imienia alan, quiz o psie kt\u00f3ry je\u017adzi\u0142 kolej\u0105, zagadki logiczne, pawe\u0142, gry edukacyjne dla dzieci online za darmo, kwiecie\u0144 plecie\u0144 wiersz, tr\u00f3jmiasto atrakcje dla dzieci, quiz o ro\u015blinach, zagadki dla starszych dzieci, pokoloruj wed\u0142ug wzoru, kolorowanka lol, zagadki na dzie\u0144 przedszkolaka, tekst ko\u0142ysanki, delfinarium polska, zagadki logiczne matematyczne dla dzieci, regina<\/p>\n<p>yyyyy<\/p>\n<p>&nbsp;<\/p>\n","protected":false},"excerpt":{"rendered":"<p>Po\u015bciel lniana jest elegancka i zapewni maluszkowi najbardziej komfortowe warunki snu. Nasz komplet sk\u0142ada si\u0119 z p\u0142askiej poduszki i ko\u0142derki z wype\u0142nieniem, kt\u00f3re zosta\u0142y uszyte z 100% naturalnego lnu. Tkanina lniana cechuje si\u0119 tym, \u017ce jest wyj\u0105tkowo przyjazna dla sk\u00f3ry, pozwala jej oddycha\u0107. Co wi\u0119cej, jest najbardziej odporna w u\u017cytkowaniu w\u015br\u00f3d materia\u0142\u00f3w naturalnych. Len latem [&hellip;]<\/p>\n","protected":false},"featured_media":7277,"comment_status":"closed","ping_status":"open","template":"","meta":[],"product_cat":[994,1569],"product_tag":[697,645,823,849],"class_list":["post-7276","product","type-product","status-publish","has-post-thumbnail","hentry","product_cat-komplety-poscieli-dla-dzieci","product_cat-mulinek","product_tag-krotkie-bajki-do-czytania","product_tag-latwe-zagadki","product_tag-zagadki-dla-dzieci-7-lat","product_tag-zagadki-matematyczne-dla-dzieci"],"_links":{"self":[{"href":"http:\/\/klubmamgdynia.pl\/index.php\/wp-json\/wp\/v2\/product\/7276","targetHints":{"allow":["GET"]}}],"collection":[{"href":"http:\/\/klubmamgdynia.pl\/index.php\/wp-json\/wp\/v2\/product"}],"about":[{"href":"http:\/\/klubmamgdynia.pl\/index.php\/wp-json\/wp\/v2\/types\/product"}],"replies":[{"embeddable":true,"href":"http:\/\/klubmamgdynia.pl\/index.php\/wp-json\/wp\/v2\/comments?post=7276"}],"wp:featuredmedia":[{"embeddable":true,"href":"http:\/\/klubmamgdynia.pl\/index.php\/wp-json\/wp\/v2\/media\/7277"}],"wp:attachment":[{"href":"http:\/\/klubmamgdynia.pl\/index.php\/wp-json\/wp\/v2\/media?parent=7276"}],"wp:term":[{"taxonomy":"product_cat","embeddable":true,"href":"http:\/\/klubmamgdynia.pl\/index.php\/wp-json\/wp\/v2\/product_cat?post=7276"},{"taxonomy":"product_tag","embeddable":true,"href":"http:\/\/klubmamgdynia.pl\/index.php\/wp-json\/wp\/v2\/product_tag?post=7276"}],"curies":[{"name":"wp","href":"https:\/\/api.w.org\/{rel}","templated":true}]}}