{"id":7278,"date":"2023-04-21T21:14:44","date_gmt":"2023-04-21T19:14:44","guid":{"rendered":"http:\/\/klubmamgdynia.pl\/?post_type=product&#038;p=7278"},"modified":"2026-04-08T20:31:44","modified_gmt":"2026-04-08T18:31:44","slug":"neosine-forte-1-g-10-tabl","status":"publish","type":"product","link":"http:\/\/klubmamgdynia.pl\/index.php\/produkt\/neosine-forte-1-g-10-tabl\/","title":{"rendered":"Neosine Forte 1 g 10 tabl."},"content":{"rendered":"<p>Neosine Forte <\/p>\n<p>Lek zawiera inozyny pranobeks czyli substancj\u0119 czynn\u0105 dzia\u0142aj\u0105c\u0105 przeciwwirusowo oraz zwi\u0119ksza odporno\u015b\u0107 organizmu poprzez pobudzanie czynno\u015bci uk\u0142adu odporno\u015bciowego. Preparat polecany jest osobom o obni\u017conej odporno\u015bci oraz w przypadku nawracaj\u0105cych infekcji g\u00f3rnych dr\u00f3g oddechowych.                            <\/p>\n<p>            Sk\u0142ad<\/p>\n<p>Substancj\u0105 czynn\u0105 leku jest inozyny pranobeks (kompleks zawieraj\u0105cy inozyn\u0119 oraz 4-acetamidobenzoesan 2-hydroksypropylodimetyloamoniowy w stosunku molarnym 1:3).Jedna tabletka zawiera 1000 mg inozyny pranobeksu.Pozosta\u0142e sk\u0142adniki to: skrobia pszeniczna, mannitol, powidon 30, magnezu stearynian.                            <\/p>\n<p>            Dawkowanie<\/p>\n<p>Doro\u015bli, w tym osoby w podesz\u0142ym wieku (powy\u017cej 65 lat)Zalecana dawka to 50 mg na kg masy cia\u0142a na dob\u0119 &#8211; zwykle 1 g, tj. 1 tabletka 3 razy na dob\u0119. Nie nale\u017cy przyjmowa\u0107 wi\u0119cej, ni\u017c 4 tabletki na dob\u0119.Dzieci w wieku powy\u017cej 1 rokuZalecana dawka to 50 mg na kg masy cia\u0142a na dob\u0119, podawana w kilku dawkach podzielonych.Dla dzieci, kt\u00f3re nie umiej\u0105 po\u0142kn\u0105\u0107 tabletek, zaleca si\u0119 podawanie leku Neosine forte w syropie.                            <\/p>\n<p>            Produktu leczniczego nie nale\u017cy stosowa\u0107<\/p>\n<p>u pacjent\u00f3w z nadwra\u017cliwo\u015bci\u0105 na substancj\u0119 czynn\u0105 lub na kt\u00f3r\u0105kolwiek substancj\u0119 pomocnicz\u0105u pacjent\u00f3w u kt\u00f3rych wyst\u0119puje aktualnie napad dny moczanowej lub zwi\u0119kszone st\u0119\u017cenie kwasu moczowego we krwiu dzieci poni\u017cej 1 roku \u017cycia.<\/p>\n<h2>Neosine Forte 1 g 10 tabl. Aflofarm<\/h2>\n<p>prezent dla dziecka 1 rok, wulkan z sody, \u017carty prima aprilis, gra kulki, lidia imie, marianna, co kupi\u0107 nastolatkowi, podchwytliwe zagadki, pomys\u0142 na prezent na roczek<\/p>\n<p>yyyyy<\/p>\n<p>&nbsp;<\/p>\n","protected":false},"excerpt":{"rendered":"<p>Neosine Forte Lek zawiera inozyny pranobeks czyli substancj\u0119 czynn\u0105 dzia\u0142aj\u0105c\u0105 przeciwwirusowo oraz zwi\u0119ksza odporno\u015b\u0107 organizmu poprzez pobudzanie czynno\u015bci uk\u0142adu odporno\u015bciowego. Preparat polecany jest osobom o obni\u017conej odporno\u015bci oraz w przypadku nawracaj\u0105cych infekcji g\u00f3rnych dr\u00f3g oddechowych. Sk\u0142ad Substancj\u0105 czynn\u0105 leku jest inozyny pranobeks (kompleks zawieraj\u0105cy inozyn\u0119 oraz 4-acetamidobenzoesan 2-hydroksypropylodimetyloamoniowy w stosunku molarnym 1:3).Jedna tabletka zawiera 1000 [&hellip;]<\/p>\n","protected":false},"featured_media":7279,"comment_status":"closed","ping_status":"open","template":"","meta":[],"product_cat":[201,198],"product_tag":[755,692,751,595],"class_list":["post-7278","product","type-product","status-publish","has-post-thumbnail","hentry","product_cat-aflofarm","product_cat-przeziebienie-i-grypa","product_tag-henryk","product_tag-prezenty-na-roczek","product_tag-psi-patrol-kolorowanka","product_tag-zagadki-dla-6-latka"],"_links":{"self":[{"href":"http:\/\/klubmamgdynia.pl\/index.php\/wp-json\/wp\/v2\/product\/7278","targetHints":{"allow":["GET"]}}],"collection":[{"href":"http:\/\/klubmamgdynia.pl\/index.php\/wp-json\/wp\/v2\/product"}],"about":[{"href":"http:\/\/klubmamgdynia.pl\/index.php\/wp-json\/wp\/v2\/types\/product"}],"replies":[{"embeddable":true,"href":"http:\/\/klubmamgdynia.pl\/index.php\/wp-json\/wp\/v2\/comments?post=7278"}],"wp:featuredmedia":[{"embeddable":true,"href":"http:\/\/klubmamgdynia.pl\/index.php\/wp-json\/wp\/v2\/media\/7279"}],"wp:attachment":[{"href":"http:\/\/klubmamgdynia.pl\/index.php\/wp-json\/wp\/v2\/media?parent=7278"}],"wp:term":[{"taxonomy":"product_cat","embeddable":true,"href":"http:\/\/klubmamgdynia.pl\/index.php\/wp-json\/wp\/v2\/product_cat?post=7278"},{"taxonomy":"product_tag","embeddable":true,"href":"http:\/\/klubmamgdynia.pl\/index.php\/wp-json\/wp\/v2\/product_tag?post=7278"}],"curies":[{"name":"wp","href":"https:\/\/api.w.org\/{rel}","templated":true}]}}