{"id":728,"date":"2010-11-01T12:32:49","date_gmt":"2010-11-01T11:32:49","guid":{"rendered":"http:\/\/klubmamgdynia.pl\/index.php\/produkt\/epoch-super-mario-maze-game-dx-7371\/"},"modified":"2026-04-15T07:03:16","modified_gmt":"2026-04-15T05:03:16","slug":"epoch-super-mario-maze-game-dx-7371","status":"publish","type":"product","link":"http:\/\/klubmamgdynia.pl\/index.php\/produkt\/epoch-super-mario-maze-game-dx-7371\/","title":{"rendered":"Epoch Super Mario Maze Game DX 7371"},"content":{"rendered":"<p>Gra Maze Super Mario to wspania\u0142a gra zr\u0119czno\u015bciowa dla m\u0142odszych i starszych. Ksi\u0119\u017cniczka Peach jest uwi\u0119ziona na wie\u017cy i musi zosta\u0107 uwolniona! Do poruszania si\u0119 po labiryncie mo\u017cna u\u017cy\u0107 joysticka. Je\u015bli przeniesiesz pi\u0142k\u0119 przez labirynt na szczyt wie\u017cy, otworzy si\u0119 wi\u0119zienie Peach . Ale uwa\u017caj! W ka\u017cdym labiryncie znajduj\u0105 si\u0119 ma\u0142e pu\u0142apki, kt\u00f3re zatrzymuj\u0105 pi\u0142k\u0119. Labirynty mog\u0105 by\u0107 zamieniane miejscami w Grze Labiryntowej, aby stworzy\u0107 indywidualn\u0105 gr\u0119. Mo\u017cliwe jest ponad 120.000 kombinacji. Zagraj. Zbieraj. Kombinacja. Szczeg\u00f3\u0142y produktu: Wymiary opakowania (d\u0142ugo\u015b\u0107 x szeroko\u015b\u0107 x wysoko\u015b\u0107): 30 x 26,5 x 13 cm. Dla 1 gracza Zawarto\u015b\u0107: 5 zestaw\u00f3w figurek Super Mario w komplecie, kt\u00f3re mo\u017cna wykorzysta\u0107 r\u00f3wnie\u017c we wszystkich innych grach planszowych EPOCH Super Mario oznaczonych symbolem Link System. Wiek: od 4 lat Uwaga Nieodpowiednie dla dzieci poni\u017cej 3 lat. Zawiera ma\u0142e cz\u0119\u015bci, kt\u00f3re mog\u0105 zosta\u0107 po\u0142kni\u0119te. Niebezpiecze\u0144stwo zad\u0142awienia!<\/p>\n<h2>Epoch Super Mario Maze Game DX 7371 Epoch<\/h2>\n<p>piosenki dla dzieci o jesieni, nietypowe imiona \u017ce\u0144skie, planety do druku dla dzieci, prezent dla 7 latka na urodziny, kolorowanki samochody, miriam imie, zagadki logiczne \u015bmieszne, kolorowanki do druku super zings, quiz pi\u0142karski, co na prezent dla nastolatk\u00f3w, zabawy z pi\u0142k\u0105 dla dzieci, kielich z hosti\u0105 do druku, co na prezent dla nastolatk\u00f3w, lew czarownica i stara szafa test, eksperymenty dla dzieci wulkan<\/p>\n<p>yyyyy<\/p>\n<p>&nbsp;<\/p>\n","protected":false},"excerpt":{"rendered":"<p>Gra Maze Super Mario to wspania\u0142a gra zr\u0119czno\u015bciowa dla m\u0142odszych i starszych. Ksi\u0119\u017cniczka Peach jest uwi\u0119ziona na wie\u017cy i musi zosta\u0107 uwolniona! Do poruszania si\u0119 po labiryncie mo\u017cna u\u017cy\u0107 joysticka. Je\u015bli przeniesiesz pi\u0142k\u0119 przez labirynt na szczyt wie\u017cy, otworzy si\u0119 wi\u0119zienie Peach . Ale uwa\u017caj! W ka\u017cdym labiryncie znajduj\u0105 si\u0119 ma\u0142e pu\u0142apki, kt\u00f3re zatrzymuj\u0105 pi\u0142k\u0119. [&hellip;]<\/p>\n","protected":false},"featured_media":729,"comment_status":"closed","ping_status":"open","template":"","meta":[],"product_cat":[263,130],"product_tag":[829,836,626,699,783,595],"class_list":["post-728","product","type-product","status-publish","has-post-thumbnail","hentry","product_cat-epoch","product_cat-gry-dzieciece","product_tag-bajki-do-czytania-na-dobranoc","product_tag-co-kupic-dziecku-na-roczek","product_tag-jacek","product_tag-kolorowanki-do-druku-dla-dziewczyn","product_tag-prezenty-na-roczek-dla-chlopca","product_tag-zagadki-dla-6-latka"],"_links":{"self":[{"href":"http:\/\/klubmamgdynia.pl\/index.php\/wp-json\/wp\/v2\/product\/728","targetHints":{"allow":["GET"]}}],"collection":[{"href":"http:\/\/klubmamgdynia.pl\/index.php\/wp-json\/wp\/v2\/product"}],"about":[{"href":"http:\/\/klubmamgdynia.pl\/index.php\/wp-json\/wp\/v2\/types\/product"}],"replies":[{"embeddable":true,"href":"http:\/\/klubmamgdynia.pl\/index.php\/wp-json\/wp\/v2\/comments?post=728"}],"wp:featuredmedia":[{"embeddable":true,"href":"http:\/\/klubmamgdynia.pl\/index.php\/wp-json\/wp\/v2\/media\/729"}],"wp:attachment":[{"href":"http:\/\/klubmamgdynia.pl\/index.php\/wp-json\/wp\/v2\/media?parent=728"}],"wp:term":[{"taxonomy":"product_cat","embeddable":true,"href":"http:\/\/klubmamgdynia.pl\/index.php\/wp-json\/wp\/v2\/product_cat?post=728"},{"taxonomy":"product_tag","embeddable":true,"href":"http:\/\/klubmamgdynia.pl\/index.php\/wp-json\/wp\/v2\/product_tag?post=728"}],"curies":[{"name":"wp","href":"https:\/\/api.w.org\/{rel}","templated":true}]}}