{"id":7280,"date":"2015-11-20T03:05:05","date_gmt":"2015-11-20T02:05:05","guid":{"rendered":"http:\/\/klubmamgdynia.pl\/index.php\/produkt\/komplet-poscieli-muslinowej-z-bawelny-ekologicznej-60x70-granatowy\/"},"modified":"2026-04-06T17:56:07","modified_gmt":"2026-04-06T15:56:07","slug":"komplet-poscieli-muslinowej-z-bawelny-ekologicznej-60x70-granatowy","status":"publish","type":"product","link":"http:\/\/klubmamgdynia.pl\/index.php\/produkt\/komplet-poscieli-muslinowej-z-bawelny-ekologicznej-60x70-granatowy\/","title":{"rendered":"Komplet po\u015bcieli mu\u015blinowej z bawe\u0142ny ekologicznej 60&#215;70 granatowy"},"content":{"rendered":"<p>Ko\u0142derka do nakrywania smyka , kt\u00f3r\u0105 wykonano z delikatnego i niezwykle mi\u0142ego dla sk\u00f3ry mu\u015blinu bawe\u0142nianego , kt\u00f3ry spe\u0142nia standard GOTS. Materia\u0142 mu\u015blinowy pozwala sk\u00f3rze oddycha\u0107, jest bezpieczny dla delikatnej cery malca. Wewn\u0105trz ko\u0142derki znajduje si\u0119 owata silikonowa niewywo\u0142uj\u0105ca alergii. W dodatku po praniu nie zbija si\u0119 i nie przemieszcza. Ko\u0142derk\u0105 mu\u015blinow\u0105 nakryjesz pociech\u0119 do drzemki, jest niezast\u0105piona podczas spacer\u00f3w. Produkt pi\u0119knie wpasuje si\u0119 do gondoli w\u00f3zka oraz kosza Moj\u017cesza lub do spacer\u00f3wki. Podstawowe cechy kompletu po\u015bcieli mu\u015blinowej Mulinek Wymiary 60&#215;70 cm &#8211; rozmiar po\u015bcieli 20&#215;30 cm &#8211; rozmiar poduszki Materia\u0142 100% bawe\u0142na organiczna Wype\u0142ninie w\u0142\u00f3knina silikonowa (owata silikonowa) Standard GOTS najwy\u017csza jako\u015b\u0107, standard GOTS Dlaczego po\u015bciel mu\u015blinowa marki Mulinek? Bezpieczne p\u0142atno\u015bci Zabezpieczone transakcje online Bezpieczne zakupy Zwrot zakup\u00f3w do 30 dni Darmowa dostawa od 299z\u0142 Na terenie ca\u0142ej Polski (kurier) Po\u015bciel mu\u015blinowa z wype\u0142nieniem butelkowa ziele\u0144 kolekcja Po\u015bciel mu\u015blinowa wymiary ko\u0142derka: szeroko\u015b\u0107: 60 cm, d\u0142ugo\u015b\u0107: 70 cm poduszka: szeroko\u015b\u0107: 20 cm, d\u0142ugo\u015b\u0107: 30 cm sk\u0142ad 100% bawe\u0142na organiczna GOTS kolor granatowy (eng. navy blue) zastosowanie do w\u00f3zka, do spacer\u00f3wki, do ko\u0142yski, do \u0142\u00f3\u017ceczka, do kosza Moj\u017cesza, do gondoli, do fotelika samochodowego, przykrycie w noside\u0142ku, do chrztu p\u0142e\u0107 dla dziewczynki lub ch\u0142opca antybakteryjny i przeciwgrzybiczy ultrami\u0119kki w dotyku cechy termoregulacyjne ch\u0142onie wod\u0119 produkt bezpieczny dla \u015brodowiska przyjazny alergikom Jak pakujemy produkty w Mulinek? Komplet po\u015bcieli przewi\u0105zany jest subteln\u0105 wst\u0105\u017ck\u0105 z logo Mulinek oraz owini\u0119ty delikatn\u0105 bibu\u0142\u0105. Nasze produkty pakujemy wed\u0142ug zasady zero-waste, dlatego nie u\u017cywamy plastikowych torebek i ograniczamy ilo\u015b\u0107 element\u00f3w zastosowanych do pakowania i wysy\u0142ki. Po\u015bciele, poduszki, kocyki, ko\u0142derki oraz wszystkie inne artyku\u0142y dla dzieci z metk\u0105 Mulinek owijamy w ozdobn\u0105 bibu\u0142\u0119 i pakujemy do kartonu W pude\u0142ku znajdziesz kartk\u0119, na kt\u00f3rej mo\u017cesz napisa\u0107 \u017cyczenia lub mi\u0142\u0105 dedykacj\u0119. Sprawdzi si\u0119 na prezent! Ka\u017cdy produkt obwi\u0105zany jest firmow\u0105 tasiemk\u0105 ze s\u0142onikiem Mulinek. Idealnie, aby podarowa\u0107 bliskiemu co\u015b wyj\u0105tkowego! Jak dba\u0107 o komplet mu\u015blinowy Sprawd\u017a instrukcj\u0119 prania Pierz tylko w pralce korzystaj\u0105c z programu do delikatnych tkanin i niskich temperatur 30 Unikaj r\u0119cznego prania, zalecamy pranie w pralce, wybieraj\u0105c ustawienie delikatne Je\u015bli stosujesz opcj\u0119 wirowania w pralce, stosuj jedynie niskie obroty max 800 Nie u\u017cywaj wybielaczy, odplamiaczy, ani innych agresywnych detergent\u00f3w Nie susz w suszarce b\u0119bnowej Prasuj wy\u0142\u0105cznie tkanin\u0119 bawe\u0142nian\u0105 w temperaturze max. 110C autorskie wzory 100% hand made Polski produkt jako\u015b\u0107 premium Oeko-Tex\u00ae Standard 100 GOTS &#8211; bawe\u0142na organiczna idealne na prezent<\/p>\n<h2>Komplet po\u015bcieli mu\u015blinowej z bawe\u0142ny ekologicznej 60&#215;70 granatowy Mulinek<\/h2>\n<p>pierniki na bo\u017ce narodzenie, bajka o dinozaurach do czytania, cytaty z ma\u0142ego ksi\u0119cia, miasto dzieci pl, dyplomy dla dzieci do druku, wyprawka warszawiaka 2021, zagadki rymowanki dla dzieci, kartka walentynkowa r\u0119cznie robiona \u0142atwa, g\u0142upie zagadki, prezenty dla m\u0142odzie\u017cy, zagadki o wielkanocy, imi\u0119 r\u00f3\u017ca, zagadki matematyczne dla dzieci, zagadki wiosna, zadania logiczne dla dzieci, wroc\u0142aw i okolice atrakcje, cytaty o rodzinie, zabawy na dzie\u0144 dziecka w szkole<\/p>\n<p>yyyyy<\/p>\n<p>&nbsp;<\/p>\n","protected":false},"excerpt":{"rendered":"<p>Ko\u0142derka do nakrywania smyka , kt\u00f3r\u0105 wykonano z delikatnego i niezwykle mi\u0142ego dla sk\u00f3ry mu\u015blinu bawe\u0142nianego , kt\u00f3ry spe\u0142nia standard GOTS. Materia\u0142 mu\u015blinowy pozwala sk\u00f3rze oddycha\u0107, jest bezpieczny dla delikatnej cery malca. Wewn\u0105trz ko\u0142derki znajduje si\u0119 owata silikonowa niewywo\u0142uj\u0105ca alergii. W dodatku po praniu nie zbija si\u0119 i nie przemieszcza. Ko\u0142derk\u0105 mu\u015blinow\u0105 nakryjesz pociech\u0119 do [&hellip;]<\/p>\n","protected":false},"featured_media":7281,"comment_status":"closed","ping_status":"open","template":"","meta":[],"product_cat":[994,1569],"product_tag":[828,689,657],"class_list":["post-7280","product","type-product","status-publish","has-post-thumbnail","hentry","product_cat-komplety-poscieli-dla-dzieci","product_cat-mulinek","product_tag-filmy-wigilijne-dla-dzieci","product_tag-linda","product_tag-lol-kolorowanka"],"_links":{"self":[{"href":"http:\/\/klubmamgdynia.pl\/index.php\/wp-json\/wp\/v2\/product\/7280","targetHints":{"allow":["GET"]}}],"collection":[{"href":"http:\/\/klubmamgdynia.pl\/index.php\/wp-json\/wp\/v2\/product"}],"about":[{"href":"http:\/\/klubmamgdynia.pl\/index.php\/wp-json\/wp\/v2\/types\/product"}],"replies":[{"embeddable":true,"href":"http:\/\/klubmamgdynia.pl\/index.php\/wp-json\/wp\/v2\/comments?post=7280"}],"wp:featuredmedia":[{"embeddable":true,"href":"http:\/\/klubmamgdynia.pl\/index.php\/wp-json\/wp\/v2\/media\/7281"}],"wp:attachment":[{"href":"http:\/\/klubmamgdynia.pl\/index.php\/wp-json\/wp\/v2\/media?parent=7280"}],"wp:term":[{"taxonomy":"product_cat","embeddable":true,"href":"http:\/\/klubmamgdynia.pl\/index.php\/wp-json\/wp\/v2\/product_cat?post=7280"},{"taxonomy":"product_tag","embeddable":true,"href":"http:\/\/klubmamgdynia.pl\/index.php\/wp-json\/wp\/v2\/product_tag?post=7280"}],"curies":[{"name":"wp","href":"https:\/\/api.w.org\/{rel}","templated":true}]}}