{"id":7286,"date":"2021-02-04T04:45:07","date_gmt":"2021-02-04T03:45:07","guid":{"rendered":"http:\/\/klubmamgdynia.pl\/index.php\/produkt\/maxon-active-25mg-4-tabl\/"},"modified":"2026-04-15T06:45:43","modified_gmt":"2026-04-15T04:45:43","slug":"maxon-active-25mg-4-tabl","status":"publish","type":"product","link":"http:\/\/klubmamgdynia.pl\/index.php\/produkt\/maxon-active-25mg-4-tabl\/","title":{"rendered":"Maxon Active 25mg 4 tabl."},"content":{"rendered":"<p>Leczenie zaburze\u0144 erekcji<\/p>\n<p>Maxon Active , 25 mg, tabletki<\/p>\n<p>Nazwa powszechnie stosowana substancji czynnej: Sildenafilum<br \/>\nDawka substancji czynnej lub st\u0119\u017cenie substancji czynnej: 1 tabletka zawiera 25 mg syldenafilu w postaci syldenafilu cytrynianu.<\/p>\n<p>Posta\u0107 farmaceutyczna: Tabletka.<\/p>\n<p>Wskazania do stosowania: do stosowania u doros\u0142ych m\u0119\u017cczyzn z zaburzeniami erekcji, czyli niezdolno\u015bci\u0105 uzyskania lub utrzymania erekcji pr\u0105cia wystarczaj\u0105cej do odbycia stosunku p\u0142ciowego. W celu skutecznego dzia\u0142ania produktu leczniczego MAXON ACTIVE niezb\u0119dna jest stymulacja seksualna.<br \/>\nPrzeciwwskazania: Nadwra\u017cliwo\u015b\u0107 na substancj\u0119 czynn\u0105 lub na kt\u00f3r\u0105kolwiek substancj\u0119 pomocnicz\u0105. Ze wzgl\u0119du na wp\u0142yw syldenafilu na przemiany metaboliczne, w kt\u00f3rych bior\u0105 udzia\u0142 tlenek azotu i cykliczny guanozynomonofosforan nasila on hipotensyjne dzia\u0142anie<br \/>\nazotan\u00f3w. Przeciwwskazane jest zatem r\u00f3wnoczesne stosowanie syldenafilu z lekami uwalniaj\u0105cymi tlenek azotu (takimi jak azotyn amylu) lub azotanami w jakiejkolwiek postaci. Jednoczesne stosowanie inhibitor\u00f3w PDE5, w tym syldenafilu, i lek\u00f3w pobudzaj\u0105cych cyklaz\u0119 guanylow\u0105, takich jak riocyguat, jest przeciwwskazane, poniewa\u017c mo\u017ce prowadzi\u0107 do objawowego niedoci\u015bnienia t\u0119tniczego. Produkt\u00f3w leczniczych przeznaczonych do leczenia zaburze\u0144 erekcji, w tym syldenafilu nie nale\u017cy stosowa\u0107 u m\u0119\u017cczyzn, u kt\u00f3rych aktywno\u015b\u0107 seksualna nie jest wskazana (np. pacjenci z ci\u0119\u017ckimi chorobami uk\u0142adu sercowo-naczyniowego, takimi jak niestabilna d\u0142awica piersiowa lub ci\u0119\u017cka niewydolno\u015b\u0107 serca). Produkt leczniczy MAXON ACTIVE jest przeciwwskazany u pacjent\u00f3w, kt\u00f3rzy utracili wzrok w jednym oku w wyniku niezwi\u0105zanej z zapaleniem t\u0119tnic przedniej niedokrwiennej neuropatii nerwu wzrokowego (ang. Non-arteritic anterior ischaemic optic neuropathy, NAION) niezale\u017cnie od tego, czy mia\u0142o to zwi\u0105zek, czy nie mia\u0142o zwi\u0105zku z wcze\u015bniejsz\u0105 ekspozycj\u0105 na inhibitor PDE5. Nie badano bezpiecze\u0144stwa stosowania syldenafilu w nast\u0119puj\u0105cych grupach pacjent\u00f3w: pacjent\u00f3w z ci\u0119\u017ck\u0105 niewydolno\u015bci\u0105 w\u0105troby, hipotoni\u0105 (ci\u015bnienie krwi &lt; 90\/50 mmHg), po niedawno przebytym udarze lub zawale serca, oraz ze stwierdzonymi dziedzicznymi zmianami degeneracyjnymi siatk\u00f3wki, takimi jak retinitis pigmentosa (niewielka cz\u0119\u015b\u0107 tych pacjent\u00f3w ma genetycznie uwarunkowane nieprawid\u0142owo\u015bci fosfodiesterazy siatk\u00f3wki). Stosowanie syldenafilu u tych pacjent\u00f3w jest przeciwwskazane.<br \/>\nOpakowanie: 2 tabletki<\/p>\n<p>Podmiot odpowiedzialny: Adamed Sp. z o.o., Pie\u0144k\u00f3w 149, 05-152 Czosn\u00f3w.<\/p>\n<h2>Maxon Active 25mg 4 tabl. Adamed Pharma<\/h2>\n<p>cytaty o dziecku i mamie, test z lektury magiczne drzewo czerwone krzes\u0142o, opisy o dziecku, test z lektury opowie\u015bci z narnii lew czarownica i stara szafa z odpowiedziami, prezent dla 16 latki, sentencje o rodzinie, cicha noc po angielsku, gad\u017cety dla m\u0142odzie\u017cy 2020, dobranoc zimowo, piosenka dla mamy tekst, imi\u0119 pola, pokemon kolorowanki do druku, dzie\u0144 pluszowego misia 2021, gad\u017cety dla m\u0142odzie\u017cy 2020, everest psi patrol kolorowanka, znaczenie imiona pola, lol do druku, dzie\u0144 mamy sentencje, warszawa z dzieckiem<\/p>\n<p>yyyyy<\/p>\n<p>&nbsp;<\/p>\n","protected":false},"excerpt":{"rendered":"<p>Leczenie zaburze\u0144 erekcji Maxon Active , 25 mg, tabletki Nazwa powszechnie stosowana substancji czynnej: Sildenafilum Dawka substancji czynnej lub st\u0119\u017cenie substancji czynnej: 1 tabletka zawiera 25 mg syldenafilu w postaci syldenafilu cytrynianu. Posta\u0107 farmaceutyczna: Tabletka. Wskazania do stosowania: do stosowania u doros\u0142ych m\u0119\u017cczyzn z zaburzeniami erekcji, czyli niezdolno\u015bci\u0105 uzyskania lub utrzymania erekcji pr\u0105cia wystarczaj\u0105cej do [&hellip;]<\/p>\n","protected":false},"featured_media":7287,"comment_status":"closed","ping_status":"open","template":"","meta":[],"product_cat":[1572,193],"product_tag":[700,776,640],"class_list":["post-7286","product","type-product","status-publish","has-post-thumbnail","hentry","product_cat-adamed-pharma","product_cat-uklad-moczowy-i-plciowy","product_tag-bajki-do-czytania-dla-dzieci","product_tag-dobrej-nocy","product_tag-prezent-dla-rocznej-dziewczynki"],"_links":{"self":[{"href":"http:\/\/klubmamgdynia.pl\/index.php\/wp-json\/wp\/v2\/product\/7286","targetHints":{"allow":["GET"]}}],"collection":[{"href":"http:\/\/klubmamgdynia.pl\/index.php\/wp-json\/wp\/v2\/product"}],"about":[{"href":"http:\/\/klubmamgdynia.pl\/index.php\/wp-json\/wp\/v2\/types\/product"}],"replies":[{"embeddable":true,"href":"http:\/\/klubmamgdynia.pl\/index.php\/wp-json\/wp\/v2\/comments?post=7286"}],"wp:featuredmedia":[{"embeddable":true,"href":"http:\/\/klubmamgdynia.pl\/index.php\/wp-json\/wp\/v2\/media\/7287"}],"wp:attachment":[{"href":"http:\/\/klubmamgdynia.pl\/index.php\/wp-json\/wp\/v2\/media?parent=7286"}],"wp:term":[{"taxonomy":"product_cat","embeddable":true,"href":"http:\/\/klubmamgdynia.pl\/index.php\/wp-json\/wp\/v2\/product_cat?post=7286"},{"taxonomy":"product_tag","embeddable":true,"href":"http:\/\/klubmamgdynia.pl\/index.php\/wp-json\/wp\/v2\/product_tag?post=7286"}],"curies":[{"name":"wp","href":"https:\/\/api.w.org\/{rel}","templated":true}]}}