{"id":7294,"date":"2013-03-13T03:37:55","date_gmt":"2013-03-13T02:37:55","guid":{"rendered":"http:\/\/klubmamgdynia.pl\/index.php\/produkt\/fizjologia-czlowieka-konturek\/"},"modified":"2026-05-17T22:20:00","modified_gmt":"2026-05-17T20:20:00","slug":"fizjologia-czlowieka-konturek","status":"publish","type":"product","link":"http:\/\/klubmamgdynia.pl\/index.php\/produkt\/fizjologia-czlowieka-konturek\/","title":{"rendered":"Fizjologia cz\u0142owieka. Konturek"},"content":{"rendered":"<p>Trzecie wydanie ksi\u0105\u017cki Konturek &#8211; Fizjologia cz\u0142owieka to kontynuacja podr\u0119cznika, kt\u00f3rego pomys\u0142odawc\u0105, redaktorem naukowym i autorem wielu rozdzia\u0142\u00f3w by\u0142 Profesor Stanis\u0142aw J. Konturek \u2013 jeden z najbardziej utytu\u0142owanych i znanych na \u015bwiecie polskich lekarzy i naukowc\u00f3w, fizjolog\u00f3w i gastroenterolog\u00f3w.                            <\/p>\n<p>            Fizjologia cz\u0142owieka. Konturek<\/p>\n<p>W opracowaniu obecnego wydania uczestniczyli przedstawiciele wi\u0119kszo\u015bci Katedr Fizjologii w Polsce, a r\u00f3wnocze\u015bnie uznani specjali\u015bci z dziedzin klinicznych.<br \/>\nWydanie trzecie zosta\u0142o wzbogacone o uaktualnione informacje, chocia\u017cby z zakresu terapii przeciwzakrzepowej, fizjologii zmys\u0142\u00f3w, funkcjonowania p\u0142uc i nerek, fizjologii przewodu pokarmowego, w tym wieloaspektowego udzia\u0142u mikrobiomu przewodu pokarmowego na organizm cz\u0142owieka. Ponadto, kontynuuj\u0105c pionierski zamys\u0142 poprzedniego redaktora, tekst uzupe\u0142niono o nowe dodatki kliniczne. Przy\u015bwieca\u0142a nam idea, aby obecna forma podr\u0119cznika by\u0142a w jak najwi\u0119kszym stopniu przydatna studentom w r\u00f3\u017cnych programach nauczania: tradycyjnym, systemowym i problemowym.<\/p>\n<h2>Fizjologia cz\u0142owieka. Konturek <\/h2>\n<p>\u017carty na prima aprilis w domu, co\u015b dla nastolatk\u00f3w, dyplomy do wydrukowania a4, co oznacza nazwa jordan, prezent dla rocznego ch\u0142opca, cytaty o dzieci\u0144stwie, dzie\u0144 matki w\u0142asnor\u0119czny prezent dla mamy od dziecka, karaluchy pod poduchy a szczypawki, prezent dla nastolatk\u00f3w na \u015bwi\u0119ta, cytaty o mi\u0142o\u015bci do dziecka, domki z rolek po papierze toaletowym, zagadki dla dzieci 4-5 lat, ekskluzywny prezent na roczek, zagadki dla dzieci 7-8 lat online, buziak gify na dobranoc smieszne, flagi \u015bwiata quiz, my little pony kolorowanki, mi\u0142osz imie<\/p>\n<p>yyyyy<\/p>\n<p>&nbsp;<\/p>\n","protected":false},"excerpt":{"rendered":"<p>Trzecie wydanie ksi\u0105\u017cki Konturek &#8211; Fizjologia cz\u0142owieka to kontynuacja podr\u0119cznika, kt\u00f3rego pomys\u0142odawc\u0105, redaktorem naukowym i autorem wielu rozdzia\u0142\u00f3w by\u0142 Profesor Stanis\u0142aw J. Konturek \u2013 jeden z najbardziej utytu\u0142owanych i znanych na \u015bwiecie polskich lekarzy i naukowc\u00f3w, fizjolog\u00f3w i gastroenterolog\u00f3w. Fizjologia cz\u0142owieka. Konturek W opracowaniu obecnego wydania uczestniczyli przedstawiciele wi\u0119kszo\u015bci Katedr Fizjologii w Polsce, a r\u00f3wnocze\u015bnie [&hellip;]<\/p>\n","protected":false},"featured_media":7295,"comment_status":"closed","ping_status":"open","template":"","meta":[],"product_cat":[1573],"product_tag":[723,687,665],"class_list":["post-7294","product","type-product","status-publish","has-post-thumbnail","hentry","product_cat-nauki-medyczne","product_tag-krotkie-bajki-do-czytania-na-dobranoc","product_tag-podchwytliwe-zagadki-matematyczne","product_tag-proste-zagadki"],"_links":{"self":[{"href":"http:\/\/klubmamgdynia.pl\/index.php\/wp-json\/wp\/v2\/product\/7294","targetHints":{"allow":["GET"]}}],"collection":[{"href":"http:\/\/klubmamgdynia.pl\/index.php\/wp-json\/wp\/v2\/product"}],"about":[{"href":"http:\/\/klubmamgdynia.pl\/index.php\/wp-json\/wp\/v2\/types\/product"}],"replies":[{"embeddable":true,"href":"http:\/\/klubmamgdynia.pl\/index.php\/wp-json\/wp\/v2\/comments?post=7294"}],"wp:featuredmedia":[{"embeddable":true,"href":"http:\/\/klubmamgdynia.pl\/index.php\/wp-json\/wp\/v2\/media\/7295"}],"wp:attachment":[{"href":"http:\/\/klubmamgdynia.pl\/index.php\/wp-json\/wp\/v2\/media?parent=7294"}],"wp:term":[{"taxonomy":"product_cat","embeddable":true,"href":"http:\/\/klubmamgdynia.pl\/index.php\/wp-json\/wp\/v2\/product_cat?post=7294"},{"taxonomy":"product_tag","embeddable":true,"href":"http:\/\/klubmamgdynia.pl\/index.php\/wp-json\/wp\/v2\/product_tag?post=7294"}],"curies":[{"name":"wp","href":"https:\/\/api.w.org\/{rel}","templated":true}]}}