{"id":7296,"date":"2013-12-07T20:24:47","date_gmt":"2013-12-07T19:24:47","guid":{"rendered":"http:\/\/klubmamgdynia.pl\/index.php\/produkt\/herbapol-wroclaw-herbatka-bio-szczesliwy-brzuszek-20-saszetek\/"},"modified":"2026-04-04T04:15:51","modified_gmt":"2026-04-04T02:15:51","slug":"herbapol-wroclaw-herbatka-bio-szczesliwy-brzuszek-20-saszetek","status":"publish","type":"product","link":"http:\/\/klubmamgdynia.pl\/index.php\/produkt\/herbapol-wroclaw-herbatka-bio-szczesliwy-brzuszek-20-saszetek\/","title":{"rendered":"Herbapol Wroc\u0142aw Herbatka Bio Szcz\u0119\u015bliwy Brzuszek 20 Saszetek"},"content":{"rendered":"<p>Bio Herbatka Szcz\u0119\u015bliwy Brzuszek Herbapol zawiera m.in. kwiat rumianku, li\u015b\u0107 melisy i owoc kminku zwyczajnego.Sk\u0142adniki:Owoc kminku zwyczajnego bio &#8211; 35%, kwiat rumianku pospolitego bio &#8211; 25%, li\u015b\u0107 melisy lekarskiej bio &#8211; 25%, owoc any\u017cu bio &#8211; 15%Masa netto:20 saszetek.W\u0142a\u015bciwo\u015bci:Bio Herbatka Szcz\u0119\u015bliwy Brzuszek to naturalna herbatka dla dzieci od 4 tygodnia \u017cycia.Nie zawiera aromat\u00f3w, barwnik\u00f3w ani cukru.Ta zio\u0142owa herbatka wspomaga prawid\u0142owe funkcjonowanie uk\u0142adu pokarmowego. Posiada logo &#8222;Euro-Li\u015b\u0107&#8221; czyli Europejski Znak Ekologiczny, kt\u00f3rym certyfikowane s\u0105 najwy\u017cszej jako\u015bci produkty organiczne, ekologiczne i naturalne.Stosowanie: Jedn\u0105 saszetk\u0119 nale\u017cy zala\u0107 150 ml wody o temperaturze 95st. C (wa\u017cne, aby nie by\u0142 to wrz\u0105tek).Czas parzenia herbaty powinien trwa\u0107 ok. 5 minut pod przykryciem.Po tym czasie odcedzamy herbat\u0119.Przeciwwskazania:Nadwra\u017cliwo\u015b\u0107 na kt\u00f3rykolwiek ze sk\u0142adnik\u00f3w.Przechowywanie:Przechowywa\u0107 w miejscu suchym i przewiewnym. Przechowywa\u0107 w spos\u00f3b niedost\u0119pny dla ma\u0142ych dzieci.Producent:Wroc\u0142awskie Zak\u0142ady Zielarskie \u201eHerbapol\u201d SAul. \u015bw. Miko\u0142aja 65\/6850-951 Wroc\u0142aw<\/p>\n<h2>Herbapol Wroc\u0142aw Herbatka Bio Szcz\u0119\u015bliwy Brzuszek 20 Saszetek <\/h2>\n<p>dyplomy do druku, marcelina imi\u0119, molo w brze\u017anie, test z lektury kajko i kokosz szko\u0142a latania, opowiadanie o jesieni dla dzieci, peppa do druku, bajki do czytania dla 6 latka, kolorowanki do druku super zings, glupie zagadki<\/p>\n<p>yyyyy<\/p>\n<p>&nbsp;<\/p>\n","protected":false},"excerpt":{"rendered":"<p>Bio Herbatka Szcz\u0119\u015bliwy Brzuszek Herbapol zawiera m.in. kwiat rumianku, li\u015b\u0107 melisy i owoc kminku zwyczajnego.Sk\u0142adniki:Owoc kminku zwyczajnego bio &#8211; 35%, kwiat rumianku pospolitego bio &#8211; 25%, li\u015b\u0107 melisy lekarskiej bio &#8211; 25%, owoc any\u017cu bio &#8211; 15%Masa netto:20 saszetek.W\u0142a\u015bciwo\u015bci:Bio Herbatka Szcz\u0119\u015bliwy Brzuszek to naturalna herbatka dla dzieci od 4 tygodnia \u017cycia.Nie zawiera aromat\u00f3w, barwnik\u00f3w ani [&hellip;]<\/p>\n","protected":false},"featured_media":7297,"comment_status":"closed","ping_status":"open","template":"","meta":[],"product_cat":[515],"product_tag":[583,587,588],"class_list":["post-7296","product","type-product","status-publish","has-post-thumbnail","hentry","product_cat-herbatki-i-soki-dla-dzieci","product_tag-kolysanki-dla-dzieci-tekst","product_tag-skalne-miasto","product_tag-wzruszajace-slowa-dla-przyjaciela"],"_links":{"self":[{"href":"http:\/\/klubmamgdynia.pl\/index.php\/wp-json\/wp\/v2\/product\/7296","targetHints":{"allow":["GET"]}}],"collection":[{"href":"http:\/\/klubmamgdynia.pl\/index.php\/wp-json\/wp\/v2\/product"}],"about":[{"href":"http:\/\/klubmamgdynia.pl\/index.php\/wp-json\/wp\/v2\/types\/product"}],"replies":[{"embeddable":true,"href":"http:\/\/klubmamgdynia.pl\/index.php\/wp-json\/wp\/v2\/comments?post=7296"}],"wp:featuredmedia":[{"embeddable":true,"href":"http:\/\/klubmamgdynia.pl\/index.php\/wp-json\/wp\/v2\/media\/7297"}],"wp:attachment":[{"href":"http:\/\/klubmamgdynia.pl\/index.php\/wp-json\/wp\/v2\/media?parent=7296"}],"wp:term":[{"taxonomy":"product_cat","embeddable":true,"href":"http:\/\/klubmamgdynia.pl\/index.php\/wp-json\/wp\/v2\/product_cat?post=7296"},{"taxonomy":"product_tag","embeddable":true,"href":"http:\/\/klubmamgdynia.pl\/index.php\/wp-json\/wp\/v2\/product_tag?post=7296"}],"curies":[{"name":"wp","href":"https:\/\/api.w.org\/{rel}","templated":true}]}}