{"id":7298,"date":"2025-04-11T13:46:08","date_gmt":"2025-04-11T11:46:08","guid":{"rendered":"http:\/\/klubmamgdynia.pl\/?post_type=product&#038;p=7298"},"modified":"2026-04-30T20:53:16","modified_gmt":"2026-04-30T18:53:16","slug":"simba-lalka-evi-na-trojkolowym-rowerku","status":"publish","type":"product","link":"http:\/\/klubmamgdynia.pl\/index.php\/produkt\/simba-lalka-evi-na-trojkolowym-rowerku\/","title":{"rendered":"Simba Lalka Evi na Tr\u00f3jko\u0142owym Rowerku"},"content":{"rendered":"<p>Laleczka Evi na tr\u00f3jko\u0142owym rowerku w okularach s\u0142onecznych.Dla dzieci w wieku: 3+<\/p>\n<h2>Simba Lalka Evi na Tr\u00f3jko\u0142owym Rowerku Simba<\/h2>\n<p>co\u015b dla nastolatk\u00f3w, jaki prezent na roczek, piosenki dla dzieci o jesieni, pa\u0144stwa miasta wz\u00f3r, pola imi\u0119, pomys\u0142 na prezent dla nastolatk\u00f3w, opisy o dziecku, \u0142amig\u0142\u00f3wki matematyczne, \u015bw przemys\u0142aw, opis rodzina, pytania zagadki, dyplomy dla przedszkolak\u00f3w do wydrukowania, zagadki, gry planszowe dla nastolatk\u00f3w<\/p>\n<p>yyyyy<\/p>\n<p>&nbsp;<\/p>\n","protected":false},"excerpt":{"rendered":"<p>Laleczka Evi na tr\u00f3jko\u0142owym rowerku w okularach s\u0142onecznych.Dla dzieci w wieku: 3+ Simba Lalka Evi na Tr\u00f3jko\u0142owym Rowerku Simba co\u015b dla nastolatk\u00f3w, jaki prezent na roczek, piosenki dla dzieci o jesieni, pa\u0144stwa miasta wz\u00f3r, pola imi\u0119, pomys\u0142 na prezent dla nastolatk\u00f3w, opisy o dziecku, \u0142amig\u0142\u00f3wki matematyczne, \u015bw przemys\u0142aw, opis rodzina, pytania zagadki, dyplomy dla przedszkolak\u00f3w [&hellip;]<\/p>\n","protected":false},"featured_media":7299,"comment_status":"closed","ping_status":"open","template":"","meta":[],"product_cat":[65,279],"product_tag":[610,790,654,628],"class_list":["post-7298","product","type-product","status-publish","has-post-thumbnail","hentry","product_cat-lalki","product_cat-simba","product_tag-co-na-prezent-dla-nastolatkow","product_tag-gry-planszowe-dla-nastolatkow","product_tag-krotkie-bajki-dla-dzieci-do-czytania","product_tag-zagadka"],"_links":{"self":[{"href":"http:\/\/klubmamgdynia.pl\/index.php\/wp-json\/wp\/v2\/product\/7298","targetHints":{"allow":["GET"]}}],"collection":[{"href":"http:\/\/klubmamgdynia.pl\/index.php\/wp-json\/wp\/v2\/product"}],"about":[{"href":"http:\/\/klubmamgdynia.pl\/index.php\/wp-json\/wp\/v2\/types\/product"}],"replies":[{"embeddable":true,"href":"http:\/\/klubmamgdynia.pl\/index.php\/wp-json\/wp\/v2\/comments?post=7298"}],"wp:featuredmedia":[{"embeddable":true,"href":"http:\/\/klubmamgdynia.pl\/index.php\/wp-json\/wp\/v2\/media\/7299"}],"wp:attachment":[{"href":"http:\/\/klubmamgdynia.pl\/index.php\/wp-json\/wp\/v2\/media?parent=7298"}],"wp:term":[{"taxonomy":"product_cat","embeddable":true,"href":"http:\/\/klubmamgdynia.pl\/index.php\/wp-json\/wp\/v2\/product_cat?post=7298"},{"taxonomy":"product_tag","embeddable":true,"href":"http:\/\/klubmamgdynia.pl\/index.php\/wp-json\/wp\/v2\/product_tag?post=7298"}],"curies":[{"name":"wp","href":"https:\/\/api.w.org\/{rel}","templated":true}]}}