{"id":7302,"date":"2021-02-28T04:59:04","date_gmt":"2021-02-28T03:59:04","guid":{"rendered":"http:\/\/klubmamgdynia.pl\/index.php\/produkt\/travisto-slim-30-tabletek\/"},"modified":"2026-05-17T22:19:11","modified_gmt":"2026-05-17T20:19:11","slug":"travisto-slim-30-tabletek","status":"publish","type":"product","link":"http:\/\/klubmamgdynia.pl\/index.php\/produkt\/travisto-slim-30-tabletek\/","title":{"rendered":"Travisto slim 30 tabletek"},"content":{"rendered":"<p>.                            <\/p>\n<p>Travisto slim 30 tabletekTravisto Slim &#8211; suplement diety, kt\u00f3rego sk\u0142adniki wspieraj\u0105 prac\u0119 w\u0105troby, jelit, \u017co\u0142\u0105dka oraz pomagaj\u0105 w redukcji masy cia\u0142a i utrzymaniu prawid\u0142owej wagi. Produkt przeznaczony dla os\u00f3b doros\u0142ych.Zalecane dzienne spo\u017cycie:Doro\u015bli: 1 tabletka 2 razy dziennie przed lub po posi\u0142ku                            <\/p>\n<p>W\u0142a\u015bciwo\u015bci sk\u0142adnik\u00f3wWyci\u0105g z li\u015bci Gymnema sylvestre wspiera utrzymanie poprawnego st\u0119\u017cenia cukru we krwi. Wspomaga kontrolowanie wagi i przyczynia si\u0119 do zmniejszenia apetytu. Sprzyja prawid\u0142owemu metabolizmowi t\u0142uszcz\u00f3w.Proszek z owoc\u00f3w opuncji figowej przyczynia si\u0119 do utrzymania prawid\u0142owej wagi i poziomu glukozy oraz u\u0142atwia kontrol\u0119 apetytu. Ponadto, wp\u0142ywa na prawid\u0142owy metabolizm t\u0142uszcz\u00f3w.Wyci\u0105g z ostry\u017cu d\u0142ugiego wspiera utrzymanie prawid\u0142owego dzia\u0142ania w\u0105troby i metabolizm t\u0142uszczu. Dodatkowo, wp\u0142ywa na gospodark\u0119 lipidow\u0105.Wyci\u0105g z owoc\u00f3w kopru u\u0142atwia trawienie i eliminacj\u0119 nadmiaru gaz\u00f3w.Wyci\u0105g z li\u015bci karczocha wspiera prawid\u0142owe dzia\u0142anie uk\u0142adu pokarmowego, naturaln\u0105 detoksykacj\u0119 organizmu i wydzielanie sok\u00f3w trawiennych. Sprzyja utrzymaniu zdrowia w\u0105troby i komfortu jelitowego.Wyci\u0105g z mi\u0119ty pieprzowej pomaga w trawieniu i poprawnym dzia\u0142aniu uk\u0142adu pokarmowego.                            <\/p>\n<p>Sk\u0142adniki:Substancje wype\u0142niaj\u0105ce: celuloza oraz sorbitole, wyci\u0105g z li\u015bci karczocha, wyci\u0105g z ostry\u017cu d\u0142ugiego, wyci\u0105g z mi\u0119ty pieprzowej, substancja glazuruj\u0105ca: hydroksypropylometyloceluloza, wyci\u0105g z li\u015bci Gymnema sylvestre, proszek z owoc\u00f3w opuncji figowej, wyci\u0105g z owoc\u00f3w kopru w\u0142oskiego, substancja glazuruj\u0105ca: sole magnezowe kwas\u00f3w t\u0142uszczowych, substancja przeciwzbrylaj\u0105ca: dwutlenek krzemu, barwnik: dwutlenek tytanu, substancje glazuruj\u0105ce: hydroksypropyloceluloza, talk oraz kwasy t\u0142uszczowe, barwniki: \u017c\u00f3\u0142cie\u0144 chinolinowa, czerwie\u0144 koszenilowa A oraz \u017c\u00f3\u0142cie\u0144 pomara\u0144czowa FCF, substancje glazuruj\u0105ce: wosk pszczeli bia\u0142y oraz wosk carnauba.                            <\/p>\n<p>***Nie spo\u017cywa\u0107 w przypadku uczulenia na kt\u00f3rykolwiek ze sk\u0142adnik\u00f3w produktu. \u017b\u00f3\u0142cie\u0144 chinolinowa, \u017c\u00f3\u0142cie\u0144 pomara\u0144czowa FCF oraz czerwie\u0144 koszenilowa A: mog\u0105 mie\u0107 szkodliwy wp\u0142yw na aktywno\u015b\u0107 i skupienie uwagi u dzieci.\u00a0Stosowanie suplementu diety Travisto Slim przez kobiety w ci\u0105\u017cy i karmi\u0105ce piersi\u0105 nale\u017cy om\u00f3wi\u0107 z lekarzem. Spo\u017cycie w nadmiernych ilo\u015bciach mo\u017ce mie\u0107 efekt przeczyszczaj\u0105cy. Nie nale\u017cy przekracza\u0107 zalecanej dziennej porcji. Zr\u00f3wnowa\u017cony spos\u00f3b \u017cywienia i prawid\u0142owy tryb \u017cycia jest wa\u017cny dla funkcjonowania organizmu cz\u0142owieka. Suplement diety nie mo\u017ce by\u0107 stosowany jako substytut (zamiennik) zr\u00f3\u017cnicowanej diety. Przechowywa\u0107 w spos\u00f3b niedost\u0119pny dla ma\u0142ych dzieci. Produkt przechowywa\u0107 w oryginalnym opakowaniu w temperaturze 25\u00b0C. Suplement diety Travisto Slim nale\u017cy przechowywa\u0107 w oryginalnym opakowaniu, chroni\u0105c przed \u015bwiat\u0142em i wilgoci\u0105.<\/p>\n<h2>Travisto slim 30 tabletek Aflofarm<\/h2>\n<p>na wyspach bergamuta, prezent dla pi\u0119tnastolatka, leonardo imi\u0119, atrakcje dla dzieci tr\u00f3jmiasto, lucyna, dzieci z bullerbyn quiz, wiersz o wakacjach, zabawka dla rocznej dziewczynki, esmeralda, zagadki \u015bmieszne, kolorowanki pokemon, wakacyjne kolorowanki, dzieci pl, kolorowanka myszka minnie, aaa kotki dwa tekst, prezent dla 15 latka, proste origami dla dzieci, \u017carty na prima aprilis w domu, zagadki rymowane, opis do zdj\u0119cia dziecka<\/p>\n<p>yyyyy<\/p>\n<p>&nbsp;<\/p>\n","protected":false},"excerpt":{"rendered":"<p>. Travisto slim 30 tabletekTravisto Slim &#8211; suplement diety, kt\u00f3rego sk\u0142adniki wspieraj\u0105 prac\u0119 w\u0105troby, jelit, \u017co\u0142\u0105dka oraz pomagaj\u0105 w redukcji masy cia\u0142a i utrzymaniu prawid\u0142owej wagi. Produkt przeznaczony dla os\u00f3b doros\u0142ych.Zalecane dzienne spo\u017cycie:Doro\u015bli: 1 tabletka 2 razy dziennie przed lub po posi\u0142ku W\u0142a\u015bciwo\u015bci sk\u0142adnik\u00f3wWyci\u0105g z li\u015bci Gymnema sylvestre wspiera utrzymanie poprawnego st\u0119\u017cenia cukru we krwi. [&hellip;]<\/p>\n","protected":false},"featured_media":7303,"comment_status":"closed","ping_status":"open","template":"","meta":[],"product_cat":[201,1574],"product_tag":[668,603,599,760,860],"class_list":["post-7302","product","type-product","status-publish","has-post-thumbnail","hentry","product_cat-aflofarm","product_cat-odchudzanie-i-ujedrnianie","product_tag-atrakcje-dla-dzieci-wroclaw","product_tag-bajki-do-czytania","product_tag-prezent-dla-nastolatkow-2021","product_tag-zagadka-matematyczna","product_tag-zagadki-logiczne-dla-doroslych"],"_links":{"self":[{"href":"http:\/\/klubmamgdynia.pl\/index.php\/wp-json\/wp\/v2\/product\/7302","targetHints":{"allow":["GET"]}}],"collection":[{"href":"http:\/\/klubmamgdynia.pl\/index.php\/wp-json\/wp\/v2\/product"}],"about":[{"href":"http:\/\/klubmamgdynia.pl\/index.php\/wp-json\/wp\/v2\/types\/product"}],"replies":[{"embeddable":true,"href":"http:\/\/klubmamgdynia.pl\/index.php\/wp-json\/wp\/v2\/comments?post=7302"}],"wp:featuredmedia":[{"embeddable":true,"href":"http:\/\/klubmamgdynia.pl\/index.php\/wp-json\/wp\/v2\/media\/7303"}],"wp:attachment":[{"href":"http:\/\/klubmamgdynia.pl\/index.php\/wp-json\/wp\/v2\/media?parent=7302"}],"wp:term":[{"taxonomy":"product_cat","embeddable":true,"href":"http:\/\/klubmamgdynia.pl\/index.php\/wp-json\/wp\/v2\/product_cat?post=7302"},{"taxonomy":"product_tag","embeddable":true,"href":"http:\/\/klubmamgdynia.pl\/index.php\/wp-json\/wp\/v2\/product_tag?post=7302"}],"curies":[{"name":"wp","href":"https:\/\/api.w.org\/{rel}","templated":true}]}}