{"id":7306,"date":"2024-01-03T14:27:58","date_gmt":"2024-01-03T13:27:58","guid":{"rendered":"http:\/\/klubmamgdynia.pl\/?post_type=product&#038;p=7306"},"modified":"2026-05-17T22:23:36","modified_gmt":"2026-05-17T20:23:36","slug":"groprinosin-500-mg-50-tabl","status":"publish","type":"product","link":"http:\/\/klubmamgdynia.pl\/index.php\/produkt\/groprinosin-500-mg-50-tabl\/","title":{"rendered":"Groprinosin 500 mg 50 tabl."},"content":{"rendered":"<p>GROPRINOSIN 500 MG 50 TABLETEK<\/p>\n<p>            Wskazania:<\/p>\n<p>Zaka\u017cenia sk\u00f3ry i b\u0142on \u015bluzowych wywo\u0142ane przez wirus opryszczki (Herpes simplex) typu I (opryszczka wargowa) lub typ II (opryszczka okolicy p\u0142ciowej) oraz wirusem ospy wietrznej i p\u00f3\u0142pa\u015bca; inne zaka\u017cenia pochodzenia wirusowego (np. podostre stwardniaj\u0105ce zapalenie m\u00f3zgu); leczenie wspomagaj\u0105ce u os\u00f3b o obni\u017conej odporno\u015bci.                            <\/p>\n<p>            Sk\u0142ad: <\/p>\n<p>Substancj\u0105 czynn\u0105 leku jest inozyny pranobeks; sk\u0142adniki pomocnicze.                            <\/p>\n<p>            Dzia\u0142anie:<\/p>\n<p>przeciwirusowe i pobudzaj\u0105ce czynno\u015b\u0107 uk\u0142adu odporno\u015bciowego.                            <\/p>\n<p>            Dawkowanie: <\/p>\n<p>Stosowa\u0107 zgodnie z zaleceniami lekarza; tabletk\u0119 nale\u017cy popi\u0107 odpowiedni\u0105 ilo\u015bci\u0105 p\u0142ynu:doro\u015bli: zalecana dawka to 50mg\/kg masy cia\u0142a na dob\u0119, tj. 6-8 tabletek na dob\u0119 (zwykle 2 tabletki podawane 3-4 razy na dob\u0119);dzieci w wieku powy\u017cej 1. roku \u017cycia: zalecana dawka to 50mg\/kg masy cia\u0142a na dob\u0119 podawana w kilku podzielonych dawkach.                            <\/p>\n<p>            Przeciwwskazania: <\/p>\n<p>Uczulenie (nadwra\u017cliwo\u015b\u0107) na substancj\u0119 czynn\u0105 lub kt\u00f3rykolwiek z pozosta\u0142ych sk\u0142adnik\u00f3w leku, napad dny moczanowej lub badania wykaza\u0142y zwi\u0119kszone st\u0119\u017cenie kwasu moczowego we krwi<\/p>\n<h2>Groprinosin 500 mg 50 tabl. Gedeon Richter<\/h2>\n<p>quiz dzieci z bullerbyn, test z lektury felix net i nika oraz gang niewidzialnych ludzi, 1 listopada dzie\u0144 wszystkich \u015bwi\u0119tych kolorowanki, kolorowanki do druku dla dziewczyn, kr\u00f3tkie bajki dla dzieci do czytania, dla nastolatk\u00f3w prezenty, p\u0142onie ognisko w lesie, nadia, cytaty o mi\u0142o\u015bci do dziecka, pomys\u0142 na prezent dla 15 latki, prezent na urodziny dla nastolatk\u00f3w, bajki do czytania dla dzieci, uk\u0142ad s\u0142oneczny do druku<\/p>\n<p>yyyyy<\/p>\n<p>&nbsp;<\/p>\n","protected":false},"excerpt":{"rendered":"<p>GROPRINOSIN 500 MG 50 TABLETEK Wskazania: Zaka\u017cenia sk\u00f3ry i b\u0142on \u015bluzowych wywo\u0142ane przez wirus opryszczki (Herpes simplex) typu I (opryszczka wargowa) lub typ II (opryszczka okolicy p\u0142ciowej) oraz wirusem ospy wietrznej i p\u00f3\u0142pa\u015bca; inne zaka\u017cenia pochodzenia wirusowego (np. podostre stwardniaj\u0105ce zapalenie m\u00f3zgu); leczenie wspomagaj\u0105ce u os\u00f3b o obni\u017conej odporno\u015bci. Sk\u0142ad: Substancj\u0105 czynn\u0105 leku jest inozyny [&hellip;]<\/p>\n","protected":false},"featured_media":7307,"comment_status":"closed","ping_status":"open","template":"","meta":[],"product_cat":[1576,198],"product_tag":[831,716,584,653],"class_list":["post-7306","product","type-product","status-publish","has-post-thumbnail","hentry","product_cat-gedeon-richter","product_cat-przeziebienie-i-grypa","product_tag-bruno","product_tag-filmy-animowane-o-swietach","product_tag-liwia","product_tag-warszawa-dla-dzieci"],"_links":{"self":[{"href":"http:\/\/klubmamgdynia.pl\/index.php\/wp-json\/wp\/v2\/product\/7306","targetHints":{"allow":["GET"]}}],"collection":[{"href":"http:\/\/klubmamgdynia.pl\/index.php\/wp-json\/wp\/v2\/product"}],"about":[{"href":"http:\/\/klubmamgdynia.pl\/index.php\/wp-json\/wp\/v2\/types\/product"}],"replies":[{"embeddable":true,"href":"http:\/\/klubmamgdynia.pl\/index.php\/wp-json\/wp\/v2\/comments?post=7306"}],"wp:featuredmedia":[{"embeddable":true,"href":"http:\/\/klubmamgdynia.pl\/index.php\/wp-json\/wp\/v2\/media\/7307"}],"wp:attachment":[{"href":"http:\/\/klubmamgdynia.pl\/index.php\/wp-json\/wp\/v2\/media?parent=7306"}],"wp:term":[{"taxonomy":"product_cat","embeddable":true,"href":"http:\/\/klubmamgdynia.pl\/index.php\/wp-json\/wp\/v2\/product_cat?post=7306"},{"taxonomy":"product_tag","embeddable":true,"href":"http:\/\/klubmamgdynia.pl\/index.php\/wp-json\/wp\/v2\/product_tag?post=7306"}],"curies":[{"name":"wp","href":"https:\/\/api.w.org\/{rel}","templated":true}]}}