{"id":7308,"date":"2011-06-19T08:57:13","date_gmt":"2011-06-19T06:57:13","guid":{"rendered":"http:\/\/klubmamgdynia.pl\/index.php\/produkt\/bocioland-koc-bambusowo-bawelniany-roma-szary\/"},"modified":"2026-04-10T12:34:19","modified_gmt":"2026-04-10T10:34:19","slug":"bocioland-koc-bambusowo-bawelniany-roma-szary","status":"publish","type":"product","link":"http:\/\/klubmamgdynia.pl\/index.php\/produkt\/bocioland-koc-bambusowo-bawelniany-roma-szary\/","title":{"rendered":"Bocioland Koc Bambusowo Bawe\u0142niany Roma Szary"},"content":{"rendered":"<p>Dzi\u0119ki naturalnym w\u0142a\u015bciwo\u015bci\u0105 antyalergicznym i antybakteryjnym tkanina nie powoduje uczule\u0144. Jest to wa\u017cne dla delikatnej sk\u00f3ry dziecka szczeg\u00f3lnie wra\u017cliwej na podra\u017cnienia. Produkt wykonany jest z ogromn\u0105 staranno\u015bci\u0105, by spe\u0142nia\u0107 najwy\u017csze oczekiwania rodzic\u00f3w i ich pociech. Kocyk bambusowo-bawe\u0142niany jest mi\u0142y w dotyku i wyj\u0105tkowo komfortowy.Posiada w\u0142a\u015bciwo\u015bci samo sterylizacji oraz jest hipoalergiczny, dzi\u0119ki czemu nie wywo\u0142uje alergii sk\u00f3rnych. Zapewnia znakomit\u0105 termoregulacj\u0119, poch\u0142ania i neutralizuje zapachy, daj\u0105c poczucie \u015bwie\u017co\u015bci i komfortu u\u017cytkowania. Produkt posiada niezb\u0119dne atesty i jest bezpieczny dla Twojego Dziecka. Kocyk dost\u0119pny jest w wielu \u015blicznych kolorach.SK\u0141AD: w\u0142\u00f3kna bambusowe 50%, bawe\u0142na 50%. Mo\u017cna pra\u0107 w pralce i prasowa\u0107.WYMIARY: 80\u00d7100 cm<\/p>\n<h2>Bocioland Koc Bambusowo Bawe\u0142niany Roma Szary <\/h2>\n<p>zagadki logiczne z odpowiedziami, warszawa atrakcje dla m\u0142odzie\u017cy, kolorowanka lego ninjago, prezent dla nastoletniego ch\u0142opca, gry dla nastolatk\u00f3w, skye kolorowanka, podchwytliwe zagadki, dawne ko\u0142ysanki teksty, maurycy, nauka pisania wyraz\u00f3w dla dzieci do druku pdf, lol kolorowanka do druku, zimowe zagadki<\/p>\n<p>yyyyy<\/p>\n<p>&nbsp;<\/p>\n","protected":false},"excerpt":{"rendered":"<p>Dzi\u0119ki naturalnym w\u0142a\u015bciwo\u015bci\u0105 antyalergicznym i antybakteryjnym tkanina nie powoduje uczule\u0144. Jest to wa\u017cne dla delikatnej sk\u00f3ry dziecka szczeg\u00f3lnie wra\u017cliwej na podra\u017cnienia. Produkt wykonany jest z ogromn\u0105 staranno\u015bci\u0105, by spe\u0142nia\u0107 najwy\u017csze oczekiwania rodzic\u00f3w i ich pociech. Kocyk bambusowo-bawe\u0142niany jest mi\u0142y w dotyku i wyj\u0105tkowo komfortowy.Posiada w\u0142a\u015bciwo\u015bci samo sterylizacji oraz jest hipoalergiczny, dzi\u0119ki czemu nie wywo\u0142uje alergii [&hellip;]<\/p>\n","protected":false},"featured_media":7309,"comment_status":"closed","ping_status":"open","template":"","meta":[],"product_cat":[1006],"product_tag":[582,759,631,708],"class_list":["post-7308","product","type-product","status-publish","has-post-thumbnail","hentry","product_cat-koce-i-narzuty-dzieciece","product_tag-nauka-pisania-literek-do-wydruku-pdf","product_tag-pomysly-na-prezent-dla-nastolatkow","product_tag-prezent-na-roczek","product_tag-zabawy-ruchowe-dla-dzieci"],"_links":{"self":[{"href":"http:\/\/klubmamgdynia.pl\/index.php\/wp-json\/wp\/v2\/product\/7308","targetHints":{"allow":["GET"]}}],"collection":[{"href":"http:\/\/klubmamgdynia.pl\/index.php\/wp-json\/wp\/v2\/product"}],"about":[{"href":"http:\/\/klubmamgdynia.pl\/index.php\/wp-json\/wp\/v2\/types\/product"}],"replies":[{"embeddable":true,"href":"http:\/\/klubmamgdynia.pl\/index.php\/wp-json\/wp\/v2\/comments?post=7308"}],"wp:featuredmedia":[{"embeddable":true,"href":"http:\/\/klubmamgdynia.pl\/index.php\/wp-json\/wp\/v2\/media\/7309"}],"wp:attachment":[{"href":"http:\/\/klubmamgdynia.pl\/index.php\/wp-json\/wp\/v2\/media?parent=7308"}],"wp:term":[{"taxonomy":"product_cat","embeddable":true,"href":"http:\/\/klubmamgdynia.pl\/index.php\/wp-json\/wp\/v2\/product_cat?post=7308"},{"taxonomy":"product_tag","embeddable":true,"href":"http:\/\/klubmamgdynia.pl\/index.php\/wp-json\/wp\/v2\/product_tag?post=7308"}],"curies":[{"name":"wp","href":"https:\/\/api.w.org\/{rel}","templated":true}]}}