{"id":7310,"date":"2019-12-28T15:58:26","date_gmt":"2019-12-28T14:58:26","guid":{"rendered":"http:\/\/klubmamgdynia.pl\/index.php\/produkt\/matex-kocyk-thai-bambusowydziany-80x100-tb0364_02-ekri\/"},"modified":"2026-04-29T05:54:23","modified_gmt":"2026-04-29T03:54:23","slug":"matex-kocyk-thai-bambusowydziany-80x100-tb0364_02-ekri","status":"publish","type":"product","link":"http:\/\/klubmamgdynia.pl\/index.php\/produkt\/matex-kocyk-thai-bambusowydziany-80x100-tb0364_02-ekri\/","title":{"rendered":"Matex Kocyk Thai Bambusowy,Dziany 80X100 [Tb0364_02] Ekri"},"content":{"rendered":"<p>Niezwykle lekki i delikatny kocyk, wykonany z bambusa. Doskona\u0142y do przykrycia male\u0144stwa o ka\u017cdej porze.W\u0142a\u015bciwo\u015bci:Produkt w 100% naturalnyWykonany z najwy\u017cszej, jako\u015bci naturalnych materia\u0142\u00f3wIdealnie sprawdza si\u0119 na ka\u017cd\u0105 por\u0119 rokuBezpieczne dla sk\u00f3ry maluchaCertyfikat najwy\u017cszej klasy bezpiecze\u0144stwa dla niemowl\u0105tRozmiar: 75\u00d7100 cm.Sk\u0142ad:100% bambus<\/p>\n<h2>Matex Kocyk Thai Bambusowy,Dziany 80X100 [Tb0364_02] Ekri <\/h2>\n<p>antystresowe mandale do druku, pomys\u0142y na pakowanie prezent\u00f3w, bajka o kreciku, alan imie, opis rodzina, ci\u0119\u017ckie zagadki, marianna imi\u0119, bajka na dobranoc, kielich z hosti\u0105 do druku, gry dla m\u0142odzie\u017cy, zagadki dla dzieci 10 12 lat z odpowiedziami, roczek prezent, prezent dla 16 latki<\/p>\n<p>yyyyy<\/p>\n<p>&nbsp;<\/p>\n","protected":false},"excerpt":{"rendered":"<p>Niezwykle lekki i delikatny kocyk, wykonany z bambusa. Doskona\u0142y do przykrycia male\u0144stwa o ka\u017cdej porze.W\u0142a\u015bciwo\u015bci:Produkt w 100% naturalnyWykonany z najwy\u017cszej, jako\u015bci naturalnych materia\u0142\u00f3wIdealnie sprawdza si\u0119 na ka\u017cd\u0105 por\u0119 rokuBezpieczne dla sk\u00f3ry maluchaCertyfikat najwy\u017cszej klasy bezpiecze\u0144stwa dla niemowl\u0105tRozmiar: 75\u00d7100 cm.Sk\u0142ad:100% bambus Matex Kocyk Thai Bambusowy,Dziany 80X100 [Tb0364_02] Ekri antystresowe mandale do druku, pomys\u0142y na pakowanie prezent\u00f3w, [&hellip;]<\/p>\n","protected":false},"featured_media":7311,"comment_status":"closed","ping_status":"open","template":"","meta":[],"product_cat":[1006],"product_tag":[864,583,644,757,694],"class_list":["post-7310","product","type-product","status-publish","has-post-thumbnail","hentry","product_cat-koce-i-narzuty-dzieciece","product_tag-basen-warszawa","product_tag-kolysanki-dla-dzieci-tekst","product_tag-mia","product_tag-test-z-lektury-ania-z-zielonego-wzgorza-klasa-6-z-odpowiedziami","product_tag-zagadki-swiateczne-dla-dzieci"],"_links":{"self":[{"href":"http:\/\/klubmamgdynia.pl\/index.php\/wp-json\/wp\/v2\/product\/7310","targetHints":{"allow":["GET"]}}],"collection":[{"href":"http:\/\/klubmamgdynia.pl\/index.php\/wp-json\/wp\/v2\/product"}],"about":[{"href":"http:\/\/klubmamgdynia.pl\/index.php\/wp-json\/wp\/v2\/types\/product"}],"replies":[{"embeddable":true,"href":"http:\/\/klubmamgdynia.pl\/index.php\/wp-json\/wp\/v2\/comments?post=7310"}],"wp:featuredmedia":[{"embeddable":true,"href":"http:\/\/klubmamgdynia.pl\/index.php\/wp-json\/wp\/v2\/media\/7311"}],"wp:attachment":[{"href":"http:\/\/klubmamgdynia.pl\/index.php\/wp-json\/wp\/v2\/media?parent=7310"}],"wp:term":[{"taxonomy":"product_cat","embeddable":true,"href":"http:\/\/klubmamgdynia.pl\/index.php\/wp-json\/wp\/v2\/product_cat?post=7310"},{"taxonomy":"product_tag","embeddable":true,"href":"http:\/\/klubmamgdynia.pl\/index.php\/wp-json\/wp\/v2\/product_tag?post=7310"}],"curies":[{"name":"wp","href":"https:\/\/api.w.org\/{rel}","templated":true}]}}