{"id":7312,"date":"2024-08-20T13:06:38","date_gmt":"2024-08-20T11:06:38","guid":{"rendered":"http:\/\/klubmamgdynia.pl\/?post_type=product&#038;p=7312"},"modified":"2026-04-24T20:11:10","modified_gmt":"2026-04-24T18:11:10","slug":"krol-popiolow","status":"publish","type":"product","link":"http:\/\/klubmamgdynia.pl\/index.php\/produkt\/krol-popiolow\/","title":{"rendered":"Kr\u00f3l popio\u0142\u00f3w"},"content":{"rendered":"<p>\u015aledztwa w mie\u015bcie grzechu bywaj\u0105 bardzo niebezpieczne. Ale niezwykle fascynuj\u0105ce!Tajemnice rozwi\u0105zuje zawodowo&#8230; Tyle \u017ce w\u0142asne uczucia s\u0105 zwykle najtrudniejsz\u0105 zagadk\u0105To mia\u0142o by\u0107 \u0142atwe, rutynowe zlecenie. Dla Everly Chance, prywatnej detektyw przyzwyczajonej do pracy na kraw\u0119dzi prawa w najbrudniejszych zakamarkach Las Vegas, \u015bledzenie niewiernej \u017cony jest jak niedzielny spacer.Jednak nie tym razem. Bo tym razem wszystko uk\u0142ada\u0142o si\u0119 \u017ale &#8230; dosz\u0142o do podw\u00f3jnego morderstwa, a dziewczyna, z prowadz\u0105cej \u015bledztwo, sta\u0142a si\u0119 \u015bciganym przez zab\u00f3jc\u00f3w \u015bwiadkiem. Tylko \u017ce Everly Chance nie jest typem osoby, kt\u00f3ra biernie przyjmuje na siebie rol\u0119 ofiary i grzecznie pozwala si\u0119 zastrzeli\u0107&#8230; Przeciwnie, kobieta rozpocz\u0119\u0142a w\u0142asne dochodzenie, by ustali\u0107, kto na ni\u0105 poluje.Tropy prowadz\u0105 do Arthura, m\u0119\u017ca zamordowanej, pot\u0119\u017cnego i wp\u0142ywowego organizatora nielegalnych walk. Najwyra\u017aniej nie zamierza\u0142 zbyt g\u0142\u0119boko prze\u017cywa\u0107 \u017ca\u0142oby. Przeciwnie, wykazywa\u0142 \u017cywe zainteresowanie atrakcyjn\u0105 pani\u0105 detektyw, daleko wykraczaj\u0105ce poza sprawy zawodowe. Dok\u0105d wsp\u00f3lnie dotrze tych dwoje?Oto trzecia powie\u015b\u0107 z emocjonuj\u0105cego cyklu Kr\u00f3lowie Vegas. Tak\u017ce tym razem spodziewaj si\u0119 wci\u0105gaj\u0105cej akcji, niespodziewanych wybuch\u00f3w nami\u0119tno\u015bci, du\u017cej szczypty erotyki i g\u0142\u0119boko skrywanych sekret\u00f3w!O autorze: Ludka Skrzydlewska &#8211; z wykszta\u0142cenia anglistka, absolwentka Uniwersytetu \u015al\u0105skiego, z zawodu kierowniczka w pewnej mi\u0119dzynarodowej korporacji, z zami\u0142owania autorka romans\u00f3w z w\u0105tkami kryminalnymi i sensacyjnymi. Pisze praktycznie od dziecka, od kilku lat dziel\u0105c si\u0119 swoimi tekstami w Internecie. Sama du\u017co czyta, a jej ulubion\u0105 autork\u0105 pozostaje Joanna Chmielewska. Prywatnie lubi podr\u00f3\u017ce, plansz\u00f3wki ze znajomymi i swojego psa, labradora Milo. Sentymentalna bzdura jest jej pierwsz\u0105 powie\u015bci\u0105 wydan\u0105 drukiem.<\/p>\n<h2>Kr\u00f3l popio\u0142\u00f3w <\/h2>\n<p>kolorowanka pieski, zabawki dla rocznej dziewczynki, leonardo imie, bajki do czytania psi patrol, miasto dzieci krak\u00f3w<\/p>\n<p>yyyyy<\/p>\n<p>&nbsp;<\/p>\n","protected":false},"excerpt":{"rendered":"<p>\u015aledztwa w mie\u015bcie grzechu bywaj\u0105 bardzo niebezpieczne. Ale niezwykle fascynuj\u0105ce!Tajemnice rozwi\u0105zuje zawodowo&#8230; Tyle \u017ce w\u0142asne uczucia s\u0105 zwykle najtrudniejsz\u0105 zagadk\u0105To mia\u0142o by\u0107 \u0142atwe, rutynowe zlecenie. Dla Everly Chance, prywatnej detektyw przyzwyczajonej do pracy na kraw\u0119dzi prawa w najbrudniejszych zakamarkach Las Vegas, \u015bledzenie niewiernej \u017cony jest jak niedzielny spacer.Jednak nie tym razem. Bo tym razem wszystko [&hellip;]<\/p>\n","protected":false},"featured_media":7313,"comment_status":"closed","ping_status":"open","template":"","meta":[],"product_cat":[1544],"product_tag":[832,651,661,721],"class_list":["post-7312","product","type-product","status-publish","has-post-thumbnail","hentry","product_cat-romanse","product_tag-desery-dla-dzieci","product_tag-quizy-online","product_tag-swinka-peppa-kolorowanka","product_tag-zagadki-matematyczne"],"_links":{"self":[{"href":"http:\/\/klubmamgdynia.pl\/index.php\/wp-json\/wp\/v2\/product\/7312","targetHints":{"allow":["GET"]}}],"collection":[{"href":"http:\/\/klubmamgdynia.pl\/index.php\/wp-json\/wp\/v2\/product"}],"about":[{"href":"http:\/\/klubmamgdynia.pl\/index.php\/wp-json\/wp\/v2\/types\/product"}],"replies":[{"embeddable":true,"href":"http:\/\/klubmamgdynia.pl\/index.php\/wp-json\/wp\/v2\/comments?post=7312"}],"wp:featuredmedia":[{"embeddable":true,"href":"http:\/\/klubmamgdynia.pl\/index.php\/wp-json\/wp\/v2\/media\/7313"}],"wp:attachment":[{"href":"http:\/\/klubmamgdynia.pl\/index.php\/wp-json\/wp\/v2\/media?parent=7312"}],"wp:term":[{"taxonomy":"product_cat","embeddable":true,"href":"http:\/\/klubmamgdynia.pl\/index.php\/wp-json\/wp\/v2\/product_cat?post=7312"},{"taxonomy":"product_tag","embeddable":true,"href":"http:\/\/klubmamgdynia.pl\/index.php\/wp-json\/wp\/v2\/product_tag?post=7312"}],"curies":[{"name":"wp","href":"https:\/\/api.w.org\/{rel}","templated":true}]}}