{"id":7314,"date":"2023-05-29T17:22:02","date_gmt":"2023-05-29T15:22:02","guid":{"rendered":"http:\/\/klubmamgdynia.pl\/?post_type=product&#038;p=7314"},"modified":"2026-04-23T13:39:47","modified_gmt":"2026-04-23T11:39:47","slug":"hipp-biogulasz-warzywny-zgroszkiem-250g","status":"publish","type":"product","link":"http:\/\/klubmamgdynia.pl\/index.php\/produkt\/hipp-biogulasz-warzywny-zgroszkiem-250g\/","title":{"rendered":"Hipp Biogulasz Warzywny Zgroszkiem 250G"},"content":{"rendered":"<p>Zdrowy gulasz jarzynowy jest pe\u0142nowarto\u015bciowym posi\u0142kiem dla dziecka, kt\u00f3re uko\u0144czy\u0142o 12 miesi\u0119cy. Pe\u0142en zdrowych warzyw takich jak na przyk\u0142ad groszek, w kt\u00f3rym znajduje si\u0119 witamina K niezwykle wa\u017cna w procesie wch\u0142aniania wapnia.<\/p>\n<h2>Hipp Biogulasz Warzywny Zgroszkiem 250G Hipp<\/h2>\n<p>wr\u00f3\u017cby andrzejkowe online dla dzieci, prezent na roczek dla chlopca, zagadki dla ma\u0142ych dzieci, ach \u015bpij kochanie tekst, atrakcje dla dzieci wroc\u0142aw, smoki rysunek, prezent dla nastolatk\u00f3w na \u015bwi\u0119ta, prezent na roczek nie zabawka, listy do \u015bwi\u0119tego miko\u0142aja, \u017cyczenia wielkanocne dla dzieci kr\u00f3tkie, bajki do czytania, prezent dla 19 latka, gda\u0144sk atrakcje dla m\u0142odzie\u017cy, gotowe zaproszenia na urodziny do wydrukowania, oliwier znaczenie imienia<\/p>\n<p>yyyyy<\/p>\n<p>&nbsp;<\/p>\n","protected":false},"excerpt":{"rendered":"<p>Zdrowy gulasz jarzynowy jest pe\u0142nowarto\u015bciowym posi\u0142kiem dla dziecka, kt\u00f3re uko\u0144czy\u0142o 12 miesi\u0119cy. Pe\u0142en zdrowych warzyw takich jak na przyk\u0142ad groszek, w kt\u00f3rym znajduje si\u0119 witamina K niezwykle wa\u017cna w procesie wch\u0142aniania wapnia. Hipp Biogulasz Warzywny Zgroszkiem 250G Hipp wr\u00f3\u017cby andrzejkowe online dla dzieci, prezent na roczek dla chlopca, zagadki dla ma\u0142ych dzieci, ach \u015bpij kochanie [&hellip;]<\/p>\n","protected":false},"featured_media":7315,"comment_status":"closed","ping_status":"open","template":"","meta":[],"product_cat":[81,66],"product_tag":[669,639,774],"class_list":["post-7314","product","type-product","status-publish","has-post-thumbnail","hentry","product_cat-dania-dla-dzieci","product_cat-hipp","product_tag-kolorowanki","product_tag-nela-imie","product_tag-prezent-na-roczek-nie-zabawka"],"_links":{"self":[{"href":"http:\/\/klubmamgdynia.pl\/index.php\/wp-json\/wp\/v2\/product\/7314","targetHints":{"allow":["GET"]}}],"collection":[{"href":"http:\/\/klubmamgdynia.pl\/index.php\/wp-json\/wp\/v2\/product"}],"about":[{"href":"http:\/\/klubmamgdynia.pl\/index.php\/wp-json\/wp\/v2\/types\/product"}],"replies":[{"embeddable":true,"href":"http:\/\/klubmamgdynia.pl\/index.php\/wp-json\/wp\/v2\/comments?post=7314"}],"wp:featuredmedia":[{"embeddable":true,"href":"http:\/\/klubmamgdynia.pl\/index.php\/wp-json\/wp\/v2\/media\/7315"}],"wp:attachment":[{"href":"http:\/\/klubmamgdynia.pl\/index.php\/wp-json\/wp\/v2\/media?parent=7314"}],"wp:term":[{"taxonomy":"product_cat","embeddable":true,"href":"http:\/\/klubmamgdynia.pl\/index.php\/wp-json\/wp\/v2\/product_cat?post=7314"},{"taxonomy":"product_tag","embeddable":true,"href":"http:\/\/klubmamgdynia.pl\/index.php\/wp-json\/wp\/v2\/product_tag?post=7314"}],"curies":[{"name":"wp","href":"https:\/\/api.w.org\/{rel}","templated":true}]}}