{"id":7316,"date":"2024-06-04T11:04:50","date_gmt":"2024-06-04T09:04:50","guid":{"rendered":"http:\/\/klubmamgdynia.pl\/?post_type=product&#038;p=7316"},"modified":"2026-04-27T07:51:34","modified_gmt":"2026-04-27T05:51:34","slug":"ankras-slon-p-5-120-90-180-szary","status":"publish","type":"product","link":"http:\/\/klubmamgdynia.pl\/index.php\/produkt\/ankras-slon-p-5-120-90-180-szary\/","title":{"rendered":"Ankras S\u0142o\u0144 P 5 120\/90\/180 Szary"},"content":{"rendered":"<p>Po\u015bciel dla niemowl\u0105t dost\u0119pna w asortymencie naszego sklepu zosta\u0142a wyprodukowana wy\u0142\u0105cznie na bazie tkanin z atestem, dzi\u0119ki czemu jest nie tylko wyj\u0105tkowo mi\u0119kka w dotyku, ale tak\u017ce bezpieczna dla wra\u017cliwej sk\u00f3ry dzieci od pierwszych chwil \u017cycia. Po\u015bciel dla niemowl\u0105t cechuje si\u0119 niezwykle starannym wykonaniem oraz perfekcyjnym wyko\u0144czeniem. Kolorowe wzornictwo sprawia, \u017ce ka\u017cda po\u015bciel dla niemowl\u0105t doskonale sprawdzi si\u0119 do aran\u017cacji dzieci\u0119cego k\u0105cika.W sk\u0142ad kompletu wchodzi:- poszewka na ko\u0142derk\u0119 120x90cm,- poszewka na poduszk\u0119 40x60cm,- ochraniacz 180x30cm,- ko\u0142derka bia\u0142a 120x90cm,- poduszka bia\u0142a 40x60cm.Tkanina bawe\u0142na 100%.<\/p>\n<h2>Ankras S\u0142o\u0144 P 5 120\/90\/180 Szary Ankras<\/h2>\n<p>jak narysowa\u0107 sanie miko\u0142aja, pan twardowski na ksi\u0119\u017cycu wiersz, quizy online, kolorowanki do druku dla doros\u0142ych, myszka miki kolorowanka, najpi\u0119kniejsze cytaty cytaty dla mamy, nietypowe imiona \u017ce\u0144skie, jak dobra\u0107 narty dla dziecka, zagadki dla 8 latk\u00f3w, bajka dla dzieci do czytania, daniel imie, \u0142amig\u0142\u00f3wki logiczne dla dzieci<\/p>\n<p>yyyyy<\/p>\n<p>&nbsp;<\/p>\n","protected":false},"excerpt":{"rendered":"<p>Po\u015bciel dla niemowl\u0105t dost\u0119pna w asortymencie naszego sklepu zosta\u0142a wyprodukowana wy\u0142\u0105cznie na bazie tkanin z atestem, dzi\u0119ki czemu jest nie tylko wyj\u0105tkowo mi\u0119kka w dotyku, ale tak\u017ce bezpieczna dla wra\u017cliwej sk\u00f3ry dzieci od pierwszych chwil \u017cycia. Po\u015bciel dla niemowl\u0105t cechuje si\u0119 niezwykle starannym wykonaniem oraz perfekcyjnym wyko\u0144czeniem. Kolorowe wzornictwo sprawia, \u017ce ka\u017cda po\u015bciel dla niemowl\u0105t [&hellip;]<\/p>\n","protected":false},"featured_media":7317,"comment_status":"closed","ping_status":"open","template":"","meta":[],"product_cat":[1571,994],"product_tag":[801,660,619,580],"class_list":["post-7316","product","type-product","status-publish","has-post-thumbnail","hentry","product_cat-ankras","product_cat-komplety-poscieli-dla-dzieci","product_tag-bajki-terapeutyczne-o-emocjach","product_tag-bianka","product_tag-iwo-imie","product_tag-janusz"],"_links":{"self":[{"href":"http:\/\/klubmamgdynia.pl\/index.php\/wp-json\/wp\/v2\/product\/7316","targetHints":{"allow":["GET"]}}],"collection":[{"href":"http:\/\/klubmamgdynia.pl\/index.php\/wp-json\/wp\/v2\/product"}],"about":[{"href":"http:\/\/klubmamgdynia.pl\/index.php\/wp-json\/wp\/v2\/types\/product"}],"replies":[{"embeddable":true,"href":"http:\/\/klubmamgdynia.pl\/index.php\/wp-json\/wp\/v2\/comments?post=7316"}],"wp:featuredmedia":[{"embeddable":true,"href":"http:\/\/klubmamgdynia.pl\/index.php\/wp-json\/wp\/v2\/media\/7317"}],"wp:attachment":[{"href":"http:\/\/klubmamgdynia.pl\/index.php\/wp-json\/wp\/v2\/media?parent=7316"}],"wp:term":[{"taxonomy":"product_cat","embeddable":true,"href":"http:\/\/klubmamgdynia.pl\/index.php\/wp-json\/wp\/v2\/product_cat?post=7316"},{"taxonomy":"product_tag","embeddable":true,"href":"http:\/\/klubmamgdynia.pl\/index.php\/wp-json\/wp\/v2\/product_tag?post=7316"}],"curies":[{"name":"wp","href":"https:\/\/api.w.org\/{rel}","templated":true}]}}