{"id":7318,"date":"2012-12-17T19:34:49","date_gmt":"2012-12-17T18:34:49","guid":{"rendered":"http:\/\/klubmamgdynia.pl\/index.php\/produkt\/anek-dla-dzieci-anek-dla-dzieci-mata-piankowa-sowy\/"},"modified":"2026-04-05T19:39:13","modified_gmt":"2026-04-05T17:39:13","slug":"anek-dla-dzieci-anek-dla-dzieci-mata-piankowa-sowy","status":"publish","type":"product","link":"http:\/\/klubmamgdynia.pl\/index.php\/produkt\/anek-dla-dzieci-anek-dla-dzieci-mata-piankowa-sowy\/","title":{"rendered":"Anek Dla Dzieci Anek Dla Dzieci Mata Piankowa Sowy"},"content":{"rendered":"<p>Kolorowa mata dla maluch\u00f3w do nauki i zabawy.Dziecko mo\u017ce samodzielnie u\u0142o\u017cy\u0107 mat\u0119dopasowuj\u0105c odpowiednio elementy do siebie jak puzzle.Rozwinie to w nim zdolno\u015b\u0107 samodzielnego i logicznego my\u015blenia.Podczas zabawy dziecko mo\u017ce stworzy\u0107 swoje w\u0142asne piankowe budowle, piramidy oraz wie\u017ce.Pozwala to na poszerzenie wyobra\u017ani przestrzennej maluchai stworzenie niesamowitych budowli.Mata wykonana zosta\u0142a z pianki, kt\u00f3ra jest mi\u0142a i przyjemna w dotyku.Maluch mo\u017ce na niej bawi\u0107 si\u0119 ulubionymi zabawkamii stworzy\u0107 swoje ulubione miejsce do siedzenia.Wiek: 10m+Produkt spe\u0142nia normy Unii Europejskiej w zakresie bezpiecze\u0144stwa oraz wp\u0142ywu na zdrowie i \u015brodowisko.<\/p>\n<h2>Anek Dla Dzieci Anek Dla Dzieci Mata Piankowa Sowy Smily Play<\/h2>\n<p>maski karnawa\u0142owe do druku, cytaty o dzieciach, marcel imi\u0119, kr\u00f3tkie zagadki matematyczne z odpowiedziami, zagadki dla rodziny, peppa kolorowanka, lektura asiunia &#8211; test, ciasteczka na halloween dla dzieci, zagadki dla dzieci 7-8 lat, co kupi\u0107 dziecku na roczek, bajka o emocjach, kwiaty polne nazwy, prezenty dla m\u0142odzie\u017cy, markowa<\/p>\n<p>yyyyy<\/p>\n<p>&nbsp;<\/p>\n","protected":false},"excerpt":{"rendered":"<p>Kolorowa mata dla maluch\u00f3w do nauki i zabawy.Dziecko mo\u017ce samodzielnie u\u0142o\u017cy\u0107 mat\u0119dopasowuj\u0105c odpowiednio elementy do siebie jak puzzle.Rozwinie to w nim zdolno\u015b\u0107 samodzielnego i logicznego my\u015blenia.Podczas zabawy dziecko mo\u017ce stworzy\u0107 swoje w\u0142asne piankowe budowle, piramidy oraz wie\u017ce.Pozwala to na poszerzenie wyobra\u017ani przestrzennej maluchai stworzenie niesamowitych budowli.Mata wykonana zosta\u0142a z pianki, kt\u00f3ra jest mi\u0142a i przyjemna [&hellip;]<\/p>\n","protected":false},"featured_media":7319,"comment_status":"closed","ping_status":"open","template":"","meta":[],"product_cat":[55,62],"product_tag":[617,583,870,773,659],"class_list":["post-7318","product","type-product","status-publish","has-post-thumbnail","hentry","product_cat-maty-edukacyjne","product_cat-smily-play","product_tag-keyword","product_tag-kolysanki-dla-dzieci-tekst","product_tag-prezent-dla-chlopca-na-roczek","product_tag-test-z-lektury-opowiesci-z-narnii-lew-czarownica-i-stara-szafa","product_tag-tupu-tup-po-sniegu-tekst"],"_links":{"self":[{"href":"http:\/\/klubmamgdynia.pl\/index.php\/wp-json\/wp\/v2\/product\/7318","targetHints":{"allow":["GET"]}}],"collection":[{"href":"http:\/\/klubmamgdynia.pl\/index.php\/wp-json\/wp\/v2\/product"}],"about":[{"href":"http:\/\/klubmamgdynia.pl\/index.php\/wp-json\/wp\/v2\/types\/product"}],"replies":[{"embeddable":true,"href":"http:\/\/klubmamgdynia.pl\/index.php\/wp-json\/wp\/v2\/comments?post=7318"}],"wp:featuredmedia":[{"embeddable":true,"href":"http:\/\/klubmamgdynia.pl\/index.php\/wp-json\/wp\/v2\/media\/7319"}],"wp:attachment":[{"href":"http:\/\/klubmamgdynia.pl\/index.php\/wp-json\/wp\/v2\/media?parent=7318"}],"wp:term":[{"taxonomy":"product_cat","embeddable":true,"href":"http:\/\/klubmamgdynia.pl\/index.php\/wp-json\/wp\/v2\/product_cat?post=7318"},{"taxonomy":"product_tag","embeddable":true,"href":"http:\/\/klubmamgdynia.pl\/index.php\/wp-json\/wp\/v2\/product_tag?post=7318"}],"curies":[{"name":"wp","href":"https:\/\/api.w.org\/{rel}","templated":true}]}}