{"id":732,"date":"2018-06-08T03:12:15","date_gmt":"2018-06-08T01:12:15","guid":{"rendered":"http:\/\/klubmamgdynia.pl\/index.php\/produkt\/starpak-torebka-pluszowa-na-ramie-unicorn-biala\/"},"modified":"2026-04-07T01:43:45","modified_gmt":"2026-04-06T23:43:45","slug":"starpak-torebka-pluszowa-na-ramie-unicorn-biala","status":"publish","type":"product","link":"http:\/\/klubmamgdynia.pl\/index.php\/produkt\/starpak-torebka-pluszowa-na-ramie-unicorn-biala\/","title":{"rendered":"Starpak Torebka pluszowa na rami\u0119 Unicorn bia\u0142a"},"content":{"rendered":"<p>Zalety produktu por\u0119czna torebka na rami\u0119, torebka posiada jedn\u0105 komor\u0119 zasuwan\u0105 na zamek, torebka pokryta mi\u0119kkim i przyjemnym w dotyku bia\u0142ym futerkiem, posiada ozdobne uszy oraz r\u00f3g Jednoro\u017cca. Pojemna torebka na rami\u0119 STARPAK. Centralna cz\u0119\u015b\u0107 zosta\u0142a ozdobiona grafik\u0105 z motywem Jednoro\u017cca. Pasek bez regulacji. Torebka jest niezb\u0119dnym elementem stylizacji ka\u017cdej ksi\u0119\u017cniczki i miejscem przechowywania jej skarb\u00f3w i drobiazg\u00f3w. Zapoznaj si\u0119 r\u00f3wnie\u017c z innymi produktami STARPAK. Torebka jest wyrobem tekstylnym. Wymiary\/waga wymiary produktu wys.x szer. x g\u0142. cm 22x18x6, d\u0142ugo\u015b\u0107 paska cm 82 cm, waga produktu kg 0,06 kg. Przeznaczona dla dzieci w wieku 3 .<\/p>\n<h2>Starpak Torebka pluszowa na rami\u0119 Unicorn bia\u0142a Starpak<\/h2>\n<p>kolorowanki patriotyczne symbole narodowe kolorowanka, kolorowanka ninjago, przysz\u0142a zima bia\u0142a, karyna, star wars kolorowanka, jaki prezent na roczek dla ch\u0142opca, zagadki dla dzieci 9-10 lat z odpowiedziami, eksperymenty dla dzieci wulkan, filmy rodzinne na halloween, my little pony kolorowanki, quizy dla dzieci o zwierz\u0119tach, bajka terapeutyczna o z\u0142o\u015bci pdf, jak narysowa\u0107 oko, prezenty na roczek dla dziewczynki, zagatki, kuku\u0142eczka kuka tekst, quiz o \u015bwi\u0119tach bo\u017cego narodzenia, zagadki sprawdzaj\u0105ce inteligencj\u0119<\/p>\n<p>yyyyy<\/p>\n<p>&nbsp;<\/p>\n","protected":false},"excerpt":{"rendered":"<p>Zalety produktu por\u0119czna torebka na rami\u0119, torebka posiada jedn\u0105 komor\u0119 zasuwan\u0105 na zamek, torebka pokryta mi\u0119kkim i przyjemnym w dotyku bia\u0142ym futerkiem, posiada ozdobne uszy oraz r\u00f3g Jednoro\u017cca. Pojemna torebka na rami\u0119 STARPAK. Centralna cz\u0119\u015b\u0107 zosta\u0142a ozdobiona grafik\u0105 z motywem Jednoro\u017cca. Pasek bez regulacji. Torebka jest niezb\u0119dnym elementem stylizacji ka\u017cdej ksi\u0119\u017cniczki i miejscem przechowywania jej [&hellip;]<\/p>\n","protected":false},"featured_media":733,"comment_status":"closed","ping_status":"open","template":"","meta":[],"product_cat":[260,269],"product_tag":[666,610,699,735,601],"class_list":["post-732","product","type-product","status-publish","has-post-thumbnail","hentry","product_cat-pozostale-akcesoria-dzieciece","product_cat-starpak","product_tag-afrykanskie-imiona","product_tag-co-na-prezent-dla-nastolatkow","product_tag-kolorowanki-do-druku-dla-dziewczyn","product_tag-prezent-na-roczek-dziewczynka","product_tag-zagadki-co-to-jest"],"_links":{"self":[{"href":"http:\/\/klubmamgdynia.pl\/index.php\/wp-json\/wp\/v2\/product\/732","targetHints":{"allow":["GET"]}}],"collection":[{"href":"http:\/\/klubmamgdynia.pl\/index.php\/wp-json\/wp\/v2\/product"}],"about":[{"href":"http:\/\/klubmamgdynia.pl\/index.php\/wp-json\/wp\/v2\/types\/product"}],"replies":[{"embeddable":true,"href":"http:\/\/klubmamgdynia.pl\/index.php\/wp-json\/wp\/v2\/comments?post=732"}],"wp:featuredmedia":[{"embeddable":true,"href":"http:\/\/klubmamgdynia.pl\/index.php\/wp-json\/wp\/v2\/media\/733"}],"wp:attachment":[{"href":"http:\/\/klubmamgdynia.pl\/index.php\/wp-json\/wp\/v2\/media?parent=732"}],"wp:term":[{"taxonomy":"product_cat","embeddable":true,"href":"http:\/\/klubmamgdynia.pl\/index.php\/wp-json\/wp\/v2\/product_cat?post=732"},{"taxonomy":"product_tag","embeddable":true,"href":"http:\/\/klubmamgdynia.pl\/index.php\/wp-json\/wp\/v2\/product_tag?post=732"}],"curies":[{"name":"wp","href":"https:\/\/api.w.org\/{rel}","templated":true}]}}