{"id":7320,"date":"2014-12-21T07:36:39","date_gmt":"2014-12-21T06:36:39","guid":{"rendered":"http:\/\/klubmamgdynia.pl\/index.php\/produkt\/ankras-okrycie-kapielowe-kapturek-80x80-recznik\/"},"modified":"2026-04-05T22:34:18","modified_gmt":"2026-04-05T20:34:18","slug":"ankras-okrycie-kapielowe-kapturek-80x80-recznik","status":"publish","type":"product","link":"http:\/\/klubmamgdynia.pl\/index.php\/produkt\/ankras-okrycie-kapielowe-kapturek-80x80-recznik\/","title":{"rendered":"Ankras Okrycie K\u0105pielowe Kapturek 80X80 R\u0119cznik"},"content":{"rendered":"<p>Okrycie k\u0105pielowe z kapturkiemCiep\u0142e i mi\u0119kkie okrycie k\u0105pielowe wykonane z dzianiny frotte.Rozmiar: 80x80cmMateria\u0142: Dzianina frotte &#8211; 100% bawe\u0142naWiek: od pierwszych chwil \u017cyciaOkrycie mo\u017cna skompletowa\u0107 z po\u015bciel\u0105 oferowan\u0105 na innych naszych aukcjach.InformacjeOkrycie k\u0105pielowe ANKRAS wykonane jest materia\u0142\u00f3w najwy\u017cszej jako\u015bci. Praktyczny i delikatny dla sk\u00f3ry r\u0119cznik niemowl\u0119cy s\u0142u\u017cy do otulenia dziecka po k\u0105pieli. Lu\u017any fason nie ogranicza i nie kr\u0119puje ruch\u00f3w dziecka. Wszyty kapturek chroni mokr\u0105 g\u0142ow\u0119 dziecka przed ozi\u0119bieniem. Okrycie doskonale wch\u0142ania resztki wody i pozwala utrzyma\u0107 ciep\u0142ot\u0119 cia\u0142a przez d\u0142u\u017cszy czas.Polskie materia\u0142y z kt\u00f3rych wykonany jest zestaw gwarantuj\u0105 d\u0142ugotrwa\u0142e u\u017cytkowanie oraz jako\u015b\u0107.Charakterystyka r\u0119cznika:staranne wykonanymateria\u0142y najwy\u017cszej jako\u015bci\u017cywa kolorystyka i dzieci\u0119ce wzorkiwyposa\u017cony w kapturekchroni delikatn\u0105 sk\u00f3r\u0119 dzieckazapewnienia komfort i mi\u0119kko\u015b\u0107doskonale wch\u0142aniania wilgo\u0107Rozk\u0142ad wzoru na materiale mo\u017ce nieznacznie r\u00f3\u017cni\u0107 si\u0119 od przedstawionego na zdj\u0119ciu. Wymiary r\u0119czniczka podane z dok\u0142adno\u015bci\u0105 +\/- 3 cm.<\/p>\n<h2>Ankras Okrycie K\u0105pielowe Kapturek 80X80 R\u0119cznik Ankras<\/h2>\n<p>co na prezent dla 7 latki, prezent dla roczniaka, maska spiderman, wielkanocne zagadki dla dzieci, mia, zabawy na bal karnawa\u0142owy w przedszkolu, prezent dla dziecka na roczek, dinozaur bajka, co kupi\u0107 na roczek dla ch\u0142opca, prezent dla nastolatk\u00f3w, nadia imi\u0119, mamo mamusiu pusto w mym brzusiu tekst, co na roczek dla ch\u0142opca, piosenki o wakacjach<\/p>\n<p>yyyyy<\/p>\n<p>&nbsp;<\/p>\n","protected":false},"excerpt":{"rendered":"<p>Okrycie k\u0105pielowe z kapturkiemCiep\u0142e i mi\u0119kkie okrycie k\u0105pielowe wykonane z dzianiny frotte.Rozmiar: 80x80cmMateria\u0142: Dzianina frotte &#8211; 100% bawe\u0142naWiek: od pierwszych chwil \u017cyciaOkrycie mo\u017cna skompletowa\u0107 z po\u015bciel\u0105 oferowan\u0105 na innych naszych aukcjach.InformacjeOkrycie k\u0105pielowe ANKRAS wykonane jest materia\u0142\u00f3w najwy\u017cszej jako\u015bci. Praktyczny i delikatny dla sk\u00f3ry r\u0119cznik niemowl\u0119cy s\u0142u\u017cy do otulenia dziecka po k\u0105pieli. Lu\u017any fason nie ogranicza [&hellip;]<\/p>\n","protected":false},"featured_media":7321,"comment_status":"closed","ping_status":"open","template":"","meta":[],"product_cat":[1571,30],"product_tag":[645,876,651,600],"class_list":["post-7320","product","type-product","status-publish","has-post-thumbnail","hentry","product_cat-ankras","product_cat-reczniki-i-okrycia-kapielowe","product_tag-latwe-zagadki","product_tag-przyjazn","product_tag-quizy-online","product_tag-zaproszenia-na-urodziny-do-druku"],"_links":{"self":[{"href":"http:\/\/klubmamgdynia.pl\/index.php\/wp-json\/wp\/v2\/product\/7320","targetHints":{"allow":["GET"]}}],"collection":[{"href":"http:\/\/klubmamgdynia.pl\/index.php\/wp-json\/wp\/v2\/product"}],"about":[{"href":"http:\/\/klubmamgdynia.pl\/index.php\/wp-json\/wp\/v2\/types\/product"}],"replies":[{"embeddable":true,"href":"http:\/\/klubmamgdynia.pl\/index.php\/wp-json\/wp\/v2\/comments?post=7320"}],"wp:featuredmedia":[{"embeddable":true,"href":"http:\/\/klubmamgdynia.pl\/index.php\/wp-json\/wp\/v2\/media\/7321"}],"wp:attachment":[{"href":"http:\/\/klubmamgdynia.pl\/index.php\/wp-json\/wp\/v2\/media?parent=7320"}],"wp:term":[{"taxonomy":"product_cat","embeddable":true,"href":"http:\/\/klubmamgdynia.pl\/index.php\/wp-json\/wp\/v2\/product_cat?post=7320"},{"taxonomy":"product_tag","embeddable":true,"href":"http:\/\/klubmamgdynia.pl\/index.php\/wp-json\/wp\/v2\/product_tag?post=7320"}],"curies":[{"name":"wp","href":"https:\/\/api.w.org\/{rel}","templated":true}]}}