{"id":7322,"date":"2022-12-15T17:11:52","date_gmt":"2022-12-15T16:11:52","guid":{"rendered":"http:\/\/klubmamgdynia.pl\/?post_type=product&#038;p=7322"},"modified":"2026-04-26T23:24:16","modified_gmt":"2026-04-26T21:24:16","slug":"cam-cam-copenhagen-muslinowy-kocyk-dla-niemowlat-green-leaves-r-100x100-cm","status":"publish","type":"product","link":"http:\/\/klubmamgdynia.pl\/index.php\/produkt\/cam-cam-copenhagen-muslinowy-kocyk-dla-niemowlat-green-leaves-r-100x100-cm\/","title":{"rendered":"Cam Cam Copenhagen Mu\u015blinowy Kocyk Dla Niemowl\u0105t Green Leaves R. 100X100 Cm"},"content":{"rendered":"<p>Szczeg\u00f3\u0142y produktu: Mi\u0119kki i oddychaj\u0105cy kocyk wykonany z 4-warstwowej bawe\u0142ny organicznej. Tkanina mu\u015blinowa jest lekka i ciep\u0142a, ma przyjemnie mi\u0119kk\u0105 struktur\u0119 splotu. Idealny do przytulania i jako mi\u0119kkie okrycie do w\u00f3zka. Materia\u0142 i piel\u0119gnacja: Materia\u0142: 100% bawe\u0142na organiczna Certyfikat GOTS: EKTO 4401 Mo\u017cna pra\u0107 w temperaturze do 30\u00b0C Nie suszy\u0107 na wir\u00f3wce U\u017cywaj \u0142agodnego detergentu Wymiary i waga: Wymiary: 100 x 100 cm W zestawie: 1 x Cam Cam Copenhagen Mu\u015blinowy kocyk dla niemowl\u0105t Green Leaves<\/p>\n<h2>Cam Cam Copenhagen Mu\u015blinowy Kocyk Dla Niemowl\u0105t Green Leaves R. 100X100 Cm <\/h2>\n<p>wroc\u0142aw dla dzieci, ferie zimowe 2022 warszawa, opisy o dzieciach, flagi europy quiz, dymitr, quizy za darmo, znaczenie imienia julian, gotowe zaproszenia na urodziny do wydrukowania, ferie warszawa 2022, okolice wroc\u0142awia atrakcje, filmy rodzinne na halloween, carmen imie, piosenki na dobranoc tekst, bajki na dobranoc psi patrol<\/p>\n<p>yyyyy<\/p>\n<p>&nbsp;<\/p>\n","protected":false},"excerpt":{"rendered":"<p>Szczeg\u00f3\u0142y produktu: Mi\u0119kki i oddychaj\u0105cy kocyk wykonany z 4-warstwowej bawe\u0142ny organicznej. Tkanina mu\u015blinowa jest lekka i ciep\u0142a, ma przyjemnie mi\u0119kk\u0105 struktur\u0119 splotu. Idealny do przytulania i jako mi\u0119kkie okrycie do w\u00f3zka. Materia\u0142 i piel\u0119gnacja: Materia\u0142: 100% bawe\u0142na organiczna Certyfikat GOTS: EKTO 4401 Mo\u017cna pra\u0107 w temperaturze do 30\u00b0C Nie suszy\u0107 na wir\u00f3wce U\u017cywaj \u0142agodnego detergentu [&hellip;]<\/p>\n","protected":false},"featured_media":7323,"comment_status":"closed","ping_status":"open","template":"","meta":[],"product_cat":[1006],"product_tag":[748,625,733],"class_list":["post-7322","product","type-product","status-publish","has-post-thumbnail","hentry","product_cat-koce-i-narzuty-dzieciece","product_tag-okolice-wroclawia-atrakcje","product_tag-trojmiasto-atrakcje-dla-dzieci","product_tag-zarty-na-prima-aprilis"],"_links":{"self":[{"href":"http:\/\/klubmamgdynia.pl\/index.php\/wp-json\/wp\/v2\/product\/7322","targetHints":{"allow":["GET"]}}],"collection":[{"href":"http:\/\/klubmamgdynia.pl\/index.php\/wp-json\/wp\/v2\/product"}],"about":[{"href":"http:\/\/klubmamgdynia.pl\/index.php\/wp-json\/wp\/v2\/types\/product"}],"replies":[{"embeddable":true,"href":"http:\/\/klubmamgdynia.pl\/index.php\/wp-json\/wp\/v2\/comments?post=7322"}],"wp:featuredmedia":[{"embeddable":true,"href":"http:\/\/klubmamgdynia.pl\/index.php\/wp-json\/wp\/v2\/media\/7323"}],"wp:attachment":[{"href":"http:\/\/klubmamgdynia.pl\/index.php\/wp-json\/wp\/v2\/media?parent=7322"}],"wp:term":[{"taxonomy":"product_cat","embeddable":true,"href":"http:\/\/klubmamgdynia.pl\/index.php\/wp-json\/wp\/v2\/product_cat?post=7322"},{"taxonomy":"product_tag","embeddable":true,"href":"http:\/\/klubmamgdynia.pl\/index.php\/wp-json\/wp\/v2\/product_tag?post=7322"}],"curies":[{"name":"wp","href":"https:\/\/api.w.org\/{rel}","templated":true}]}}