{"id":7326,"date":"2024-11-26T08:58:26","date_gmt":"2024-11-26T07:58:26","guid":{"rendered":"http:\/\/klubmamgdynia.pl\/?post_type=product&#038;p=7326"},"modified":"2026-04-28T15:17:37","modified_gmt":"2026-04-28T13:17:37","slug":"tomy-auto-spa-jednorozec-ritzy-rollers","status":"publish","type":"product","link":"http:\/\/klubmamgdynia.pl\/index.php\/produkt\/tomy-auto-spa-jednorozec-ritzy-rollers\/","title":{"rendered":"Tomy Auto Spa Jednoro\u017cec Ritzy Rollers"},"content":{"rendered":"<p>Spa na k\u00f3\u0142kach w kszta\u0142cie jednoro\u017cca z kompletem wymiennych charms\u00f3w do k\u00f3\u0142ek pokochaja ma\u0142e kr\u00f3lewny.<\/p>\n<h2>Tomy Auto Spa Jednoro\u017cec Ritzy Rollers Tomy<\/h2>\n<p>ma\u0142y ksi\u0105\u017c\u0119 cytaty o przyja\u017ani, prezent na roczek dla ch\u0142opca, dyplom dla przedszkolaka do wydruku, super zings kolorowanka, rado\u015b\u0107 dziecka cytaty, list do sw mikolaja, test miko\u0142ajek, karty pracy po ukrai\u0144sku, zagadki logiczne dla dzieci, kr\u00f3tkie \u017cyczenia wielkanocne dla dzieci, co kupi\u0107 na roczek, cytaty ma\u0142y ksi\u0105\u017ce, kr\u00f3tkie zagadki, podchwytliwe zagadki z odpowiedziami, walentynka kolorowanka, zagadki o lesie, okolice wroc\u0142awia atrakcje, bajka o piesku do czytania, kolorowanka star wars<\/p>\n<p>yyyyy<\/p>\n<p>&nbsp;<\/p>\n","protected":false},"excerpt":{"rendered":"<p>Spa na k\u00f3\u0142kach w kszta\u0142cie jednoro\u017cca z kompletem wymiennych charms\u00f3w do k\u00f3\u0142ek pokochaja ma\u0142e kr\u00f3lewny. Tomy Auto Spa Jednoro\u017cec Ritzy Rollers Tomy ma\u0142y ksi\u0105\u017c\u0119 cytaty o przyja\u017ani, prezent na roczek dla ch\u0142opca, dyplom dla przedszkolaka do wydruku, super zings kolorowanka, rado\u015b\u0107 dziecka cytaty, list do sw mikolaja, test miko\u0142ajek, karty pracy po ukrai\u0144sku, zagadki logiczne [&hellip;]<\/p>\n","protected":false},"featured_media":7327,"comment_status":"closed","ping_status":"open","template":"","meta":[],"product_cat":[83,1327],"product_tag":[719,753,697,652],"class_list":["post-7326","product","type-product","status-publish","has-post-thumbnail","hentry","product_cat-auta-i-inne-pojazdy-do-zabawy","product_cat-tomy","product_tag-dziecko-cytaty-zlote-mysli","product_tag-kamila","product_tag-krotkie-bajki-do-czytania","product_tag-otto"],"_links":{"self":[{"href":"http:\/\/klubmamgdynia.pl\/index.php\/wp-json\/wp\/v2\/product\/7326","targetHints":{"allow":["GET"]}}],"collection":[{"href":"http:\/\/klubmamgdynia.pl\/index.php\/wp-json\/wp\/v2\/product"}],"about":[{"href":"http:\/\/klubmamgdynia.pl\/index.php\/wp-json\/wp\/v2\/types\/product"}],"replies":[{"embeddable":true,"href":"http:\/\/klubmamgdynia.pl\/index.php\/wp-json\/wp\/v2\/comments?post=7326"}],"wp:featuredmedia":[{"embeddable":true,"href":"http:\/\/klubmamgdynia.pl\/index.php\/wp-json\/wp\/v2\/media\/7327"}],"wp:attachment":[{"href":"http:\/\/klubmamgdynia.pl\/index.php\/wp-json\/wp\/v2\/media?parent=7326"}],"wp:term":[{"taxonomy":"product_cat","embeddable":true,"href":"http:\/\/klubmamgdynia.pl\/index.php\/wp-json\/wp\/v2\/product_cat?post=7326"},{"taxonomy":"product_tag","embeddable":true,"href":"http:\/\/klubmamgdynia.pl\/index.php\/wp-json\/wp\/v2\/product_tag?post=7326"}],"curies":[{"name":"wp","href":"https:\/\/api.w.org\/{rel}","templated":true}]}}