{"id":7328,"date":"2015-02-26T10:05:13","date_gmt":"2015-02-26T09:05:13","guid":{"rendered":"http:\/\/klubmamgdynia.pl\/index.php\/produkt\/yosoy-otulacz-babymoon-bambus-mietowy\/"},"modified":"2026-04-07T10:38:14","modified_gmt":"2026-04-07T08:38:14","slug":"yosoy-otulacz-babymoon-bambus-mietowy","status":"publish","type":"product","link":"http:\/\/klubmamgdynia.pl\/index.php\/produkt\/yosoy-otulacz-babymoon-bambus-mietowy\/","title":{"rendered":"Yosoy Otulacz Babymoon Bambus Mi\u0119towy"},"content":{"rendered":"<p>Kocyk bambusowy BABYMOON brudny r\u00f3\u017cMi\u0119ciutki ca\u0142oroczny otulacz bambusowy z kolekcji BABYMOON jest bardzo delikatny i ma w\u0142a\u015bciwo\u015bci termoregulacyjne, antybakteryjne i antyodorowe.Wymiary:95&#215;75 cmMateria\u0142: 100% prz\u0119dza bambusowaMo\u017cna pra\u0107 r\u0119cznie lub w pralce, temperatura prania max. do 30 st. C<\/p>\n<h2>Yosoy Otulacz Babymoon Bambus Mi\u0119towy <\/h2>\n<p>prezenty na roczek dla dziewczynki, jak narysowa\u0107 nos, wierszyk o marzannie, opowiadanie o jesieni dla dzieci, znaczenie imienia julian, anastazja imi\u0119, cytaty z ma\u0142ego ksi\u0119cia<\/p>\n<p>yyyyy<\/p>\n<p>&nbsp;<\/p>\n","protected":false},"excerpt":{"rendered":"<p>Kocyk bambusowy BABYMOON brudny r\u00f3\u017cMi\u0119ciutki ca\u0142oroczny otulacz bambusowy z kolekcji BABYMOON jest bardzo delikatny i ma w\u0142a\u015bciwo\u015bci termoregulacyjne, antybakteryjne i antyodorowe.Wymiary:95&#215;75 cmMateria\u0142: 100% prz\u0119dza bambusowaMo\u017cna pra\u0107 r\u0119cznie lub w pralce, temperatura prania max. do 30 st. C Yosoy Otulacz Babymoon Bambus Mi\u0119towy prezenty na roczek dla dziewczynki, jak narysowa\u0107 nos, wierszyk o marzannie, opowiadanie o [&hellip;]<\/p>\n","protected":false},"featured_media":7329,"comment_status":"closed","ping_status":"open","template":"","meta":[],"product_cat":[1006],"product_tag":[734,665,876,710,796],"class_list":["post-7328","product","type-product","status-publish","has-post-thumbnail","hentry","product_cat-koce-i-narzuty-dzieciece","product_tag-milan-imie","product_tag-proste-zagadki","product_tag-przyjazn","product_tag-zagadki-dla-dzieci-10-12-lat","product_tag-zagatki"],"_links":{"self":[{"href":"http:\/\/klubmamgdynia.pl\/index.php\/wp-json\/wp\/v2\/product\/7328","targetHints":{"allow":["GET"]}}],"collection":[{"href":"http:\/\/klubmamgdynia.pl\/index.php\/wp-json\/wp\/v2\/product"}],"about":[{"href":"http:\/\/klubmamgdynia.pl\/index.php\/wp-json\/wp\/v2\/types\/product"}],"replies":[{"embeddable":true,"href":"http:\/\/klubmamgdynia.pl\/index.php\/wp-json\/wp\/v2\/comments?post=7328"}],"wp:featuredmedia":[{"embeddable":true,"href":"http:\/\/klubmamgdynia.pl\/index.php\/wp-json\/wp\/v2\/media\/7329"}],"wp:attachment":[{"href":"http:\/\/klubmamgdynia.pl\/index.php\/wp-json\/wp\/v2\/media?parent=7328"}],"wp:term":[{"taxonomy":"product_cat","embeddable":true,"href":"http:\/\/klubmamgdynia.pl\/index.php\/wp-json\/wp\/v2\/product_cat?post=7328"},{"taxonomy":"product_tag","embeddable":true,"href":"http:\/\/klubmamgdynia.pl\/index.php\/wp-json\/wp\/v2\/product_tag?post=7328"}],"curies":[{"name":"wp","href":"https:\/\/api.w.org\/{rel}","templated":true}]}}