{"id":7330,"date":"2021-06-08T17:01:32","date_gmt":"2021-06-08T15:01:32","guid":{"rendered":"http:\/\/klubmamgdynia.pl\/index.php\/produkt\/tomy-britains-przyczepa-asenizacyjna-srebrna-43238\/"},"modified":"2026-04-08T22:19:40","modified_gmt":"2026-04-08T20:19:40","slug":"tomy-britains-przyczepa-asenizacyjna-srebrna-43238","status":"publish","type":"product","link":"http:\/\/klubmamgdynia.pl\/index.php\/produkt\/tomy-britains-przyczepa-asenizacyjna-srebrna-43238\/","title":{"rendered":"Tomy Britains przyczepa asenizacyjna srebrna 43238"},"content":{"rendered":"<p>TOMY Britains przyczepa asenizacyjna srebrna 43238Producent: TomyMarka: Tomy BritainsWiek: 3+Materia\u0142: PlastikKod paskowy (EAN): 0036881432388Modele firmy TOMY Britains to bardzo szczeg\u00f3\u0142owo odwzorowane maszyny i pojazdy. Britains przyczepa asenizacyjna to autentyczna replika modelu w skali 1:32, wykonana z odlewanego ci\u015bnieniowo metalu i tworzywa sztucznego. Ten terenowy zestaw rozprowadza gnojowic\u0119 na polach,u\u017cywany w po\u0142\u0105czeniu z cystern\u0105 przydro\u017cn\u0105. Ten niezb\u0119dny zestaw rolniczy jest wyposa\u017cony w 2 punkty nape\u0142niania, w\u0105\u017c ss\u0105cy ze wspornikami umieszczonymi z boku, stop\u0119 stabilizuj\u0105c\u0105, ruchomy g\u00f3rny zaw\u00f3r spustowy i du\u017ce opony z bie\u017cnikami. To narz\u0119dzie rolnicze mocuje si\u0119 do zaczepu wi\u0119kszo\u015bci ci\u0105gnik\u00f3w firmy Britains i jest doskona\u0142ym uzupe\u0142nieniem pozosta\u0142ych produkt\u00f3w. Jest kompatybilny z wi\u0119kszo\u015bci\u0105 modeli Britains w skali 1:32. Zabawki Britains pobudzaj\u0105 wyobra\u017cni\u0119 dziecka pozwalaj\u0105c w bezpieczny i przyjemny spos\u00f3b poznawa\u0107 \u015bwiat.Kolor: srebrnyLicencja: TOMY&#8230;<\/p>\n<h2>Tomy Britains przyczepa asenizacyjna srebrna 43238 Tomy<\/h2>\n<p>znaki drogowe quiz, sentencja dla dziecka, agroturystyka dla dzieci ze zwierz\u0119tami, zagadki dla 9 latk\u00f3w, kolorowanka kotka, rysowanie po \u015bladzie pdf, prezent na roczek dla ch\u0142opca, pomysl na prezent na roczek, bruno, krzy\u017c\u00f3wki dla dzieci do druku, milosz imie, cytaty o mamie, gry planszowe dla m\u0142odzie\u017cy, zaproszenie do druku, cytat o rodzinie, aron imi\u0119, quiz o stolicach europy, karteczki wydruku wr\u00f3\u017cby andrzejkowe dla dzieci, \u017carty na prima aprilis dla rodzic\u00f3w, sky kolorowanka<\/p>\n<p>yyyyy<\/p>\n<p>&nbsp;<\/p>\n","protected":false},"excerpt":{"rendered":"<p>TOMY Britains przyczepa asenizacyjna srebrna 43238Producent: TomyMarka: Tomy BritainsWiek: 3+Materia\u0142: PlastikKod paskowy (EAN): 0036881432388Modele firmy TOMY Britains to bardzo szczeg\u00f3\u0142owo odwzorowane maszyny i pojazdy. Britains przyczepa asenizacyjna to autentyczna replika modelu w skali 1:32, wykonana z odlewanego ci\u015bnieniowo metalu i tworzywa sztucznego. Ten terenowy zestaw rozprowadza gnojowic\u0119 na polach,u\u017cywany w po\u0142\u0105czeniu z cystern\u0105 przydro\u017cn\u0105. Ten [&hellip;]<\/p>\n","protected":false},"featured_media":7331,"comment_status":"closed","ping_status":"open","template":"","meta":[],"product_cat":[83,1327],"product_tag":[834,829,744],"class_list":["post-7330","product","type-product","status-publish","has-post-thumbnail","hentry","product_cat-auta-i-inne-pojazdy-do-zabawy","product_cat-tomy","product_tag-bajka-do-czytania-na-dobranoc","product_tag-bajki-do-czytania-na-dobranoc","product_tag-kolorowanki-swiateczne-do-wydruku"],"_links":{"self":[{"href":"http:\/\/klubmamgdynia.pl\/index.php\/wp-json\/wp\/v2\/product\/7330","targetHints":{"allow":["GET"]}}],"collection":[{"href":"http:\/\/klubmamgdynia.pl\/index.php\/wp-json\/wp\/v2\/product"}],"about":[{"href":"http:\/\/klubmamgdynia.pl\/index.php\/wp-json\/wp\/v2\/types\/product"}],"replies":[{"embeddable":true,"href":"http:\/\/klubmamgdynia.pl\/index.php\/wp-json\/wp\/v2\/comments?post=7330"}],"wp:featuredmedia":[{"embeddable":true,"href":"http:\/\/klubmamgdynia.pl\/index.php\/wp-json\/wp\/v2\/media\/7331"}],"wp:attachment":[{"href":"http:\/\/klubmamgdynia.pl\/index.php\/wp-json\/wp\/v2\/media?parent=7330"}],"wp:term":[{"taxonomy":"product_cat","embeddable":true,"href":"http:\/\/klubmamgdynia.pl\/index.php\/wp-json\/wp\/v2\/product_cat?post=7330"},{"taxonomy":"product_tag","embeddable":true,"href":"http:\/\/klubmamgdynia.pl\/index.php\/wp-json\/wp\/v2\/product_tag?post=7330"}],"curies":[{"name":"wp","href":"https:\/\/api.w.org\/{rel}","templated":true}]}}