{"id":7332,"date":"2012-10-14T04:17:53","date_gmt":"2012-10-14T02:17:53","guid":{"rendered":"http:\/\/klubmamgdynia.pl\/index.php\/produkt\/lullalove-bambusowy-kocyk-caloroczny\/"},"modified":"2026-04-30T11:17:50","modified_gmt":"2026-04-30T09:17:50","slug":"lullalove-bambusowy-kocyk-caloroczny","status":"publish","type":"product","link":"http:\/\/klubmamgdynia.pl\/index.php\/produkt\/lullalove-bambusowy-kocyk-caloroczny\/","title":{"rendered":"Lullalove Bambusowy Kocyk Ca\u0142oroczny"},"content":{"rendered":"<p>Szukasz oryginalnego kocyka do wyprawki dla noworodka? Postaw na wysok\u0105 jako\u015b\u0107 i stonowan\u0105 kolorystyk\u0119, wybieraj\u0105c bambusowy kocyk ca\u0142oroczny marki Lullalove.Ciesz\u0105cy si\u0119 od lat wielk\u0105 popularno\u015bci\u0105&#8230;<\/p>\n<h2>Lullalove Bambusowy Kocyk Ca\u0142oroczny Lullalove<\/h2>\n<p>trudne zagadki matematyczne, konkurencje sportowe dla dzieci, kinderbal przepisy, maska iron man, bajka o sowie, zagadki o przyborach szkolnych, najlepsze pranki na prima aprilis, cytaty o macierzy\u0144stwie, po\u0142\u0105cz kropki do druku, quizy dla dzieci o zwierz\u0119tach, co kupic na roczek<\/p>\n<p>yyyyy<\/p>\n<p>&nbsp;<\/p>\n","protected":false},"excerpt":{"rendered":"<p>Szukasz oryginalnego kocyka do wyprawki dla noworodka? Postaw na wysok\u0105 jako\u015b\u0107 i stonowan\u0105 kolorystyk\u0119, wybieraj\u0105c bambusowy kocyk ca\u0142oroczny marki Lullalove.Ciesz\u0105cy si\u0119 od lat wielk\u0105 popularno\u015bci\u0105&#8230; Lullalove Bambusowy Kocyk Ca\u0142oroczny Lullalove trudne zagadki matematyczne, konkurencje sportowe dla dzieci, kinderbal przepisy, maska iron man, bajka o sowie, zagadki o przyborach szkolnych, najlepsze pranki na prima aprilis, cytaty [&hellip;]<\/p>\n","protected":false},"featured_media":7333,"comment_status":"closed","ping_status":"open","template":"","meta":[],"product_cat":[1006,1174],"product_tag":[718,717,868],"class_list":["post-7332","product","type-product","status-publish","has-post-thumbnail","hentry","product_cat-koce-i-narzuty-dzieciece","product_cat-lullalove","product_tag-prezent-na-roczek-dla-chrzesniaka","product_tag-prezent-roczek","product_tag-quizy-dla-dzieci"],"_links":{"self":[{"href":"http:\/\/klubmamgdynia.pl\/index.php\/wp-json\/wp\/v2\/product\/7332","targetHints":{"allow":["GET"]}}],"collection":[{"href":"http:\/\/klubmamgdynia.pl\/index.php\/wp-json\/wp\/v2\/product"}],"about":[{"href":"http:\/\/klubmamgdynia.pl\/index.php\/wp-json\/wp\/v2\/types\/product"}],"replies":[{"embeddable":true,"href":"http:\/\/klubmamgdynia.pl\/index.php\/wp-json\/wp\/v2\/comments?post=7332"}],"wp:featuredmedia":[{"embeddable":true,"href":"http:\/\/klubmamgdynia.pl\/index.php\/wp-json\/wp\/v2\/media\/7333"}],"wp:attachment":[{"href":"http:\/\/klubmamgdynia.pl\/index.php\/wp-json\/wp\/v2\/media?parent=7332"}],"wp:term":[{"taxonomy":"product_cat","embeddable":true,"href":"http:\/\/klubmamgdynia.pl\/index.php\/wp-json\/wp\/v2\/product_cat?post=7332"},{"taxonomy":"product_tag","embeddable":true,"href":"http:\/\/klubmamgdynia.pl\/index.php\/wp-json\/wp\/v2\/product_tag?post=7332"}],"curies":[{"name":"wp","href":"https:\/\/api.w.org\/{rel}","templated":true}]}}